{"id":4820,"date":"2025-07-09T16:42:03","date_gmt":"2025-07-09T14:42:03","guid":{"rendered":"https:\/\/vulcan-automation.com\/kis-szorolapok-kezelese\/"},"modified":"2026-02-05T23:03:59","modified_gmt":"2026-02-05T22:03:59","slug":"kis-szorolapok-kezelese","status":"publish","type":"page","link":"https:\/\/vulcan-automation.com\/hu\/kis-szorolapok-kezelese\/","title":{"rendered":"Kis sz\u00f3r\u00f3lapok kezel\u00e9se"},"content":{"rendered":"\t\t<div data-elementor-type=\"wp-page\" data-elementor-id=\"4820\" class=\"elementor elementor-4820 elementor-4557\" data-elementor-post-type=\"page\">\n\t\t\t\t<div class=\"elementor-element elementor-element-dbc2ddd e-flex e-con-boxed e-con e-parent\" data-id=\"dbc2ddd\" data-element_type=\"container\" data-e-type=\"container\" data-settings=\"{&quot;background_background&quot;:&quot;classic&quot;}\">\n\t\t\t\t\t<div class=\"e-con-inner\">\n\t\t\t\t<div class=\"elementor-element elementor-element-358eb1c elementor-widget elementor-widget-heading\" data-id=\"358eb1c\" data-element_type=\"widget\" data-e-type=\"widget\" data-widget_type=\"heading.default\">\n\t\t\t\t<div class=\"elementor-widget-container\">\n\t\t\t\t\t<h1 class=\"elementor-heading-title elementor-size-default\">Kis raklaprakod\u00f3 robot<\/h1>\t\t\t\t<\/div>\n\t\t\t\t<\/div>\n\t\t<div class=\"elementor-element elementor-element-9d6405f e-con-full e-flex e-con e-child\" data-id=\"9d6405f\" data-element_type=\"container\" data-e-type=\"container\">\n\t\t\t\t<div class=\"elementor-element elementor-element-8b6f892 elementor-widget elementor-widget-text-editor\" data-id=\"8b6f892\" data-element_type=\"widget\" data-e-type=\"widget\" data-widget_type=\"text-editor.default\">\n\t\t\t\t<div class=\"elementor-widget-container\">\n\t\t\t\t\t\t\t\t\t<p>Hagyja, hogy a g\u00e9pszak\u00e9rt\u0151k arra koncentr\u00e1ljanak, amihez a legjobban \u00e9rtenek. A t\u00f6bbit b\u00edzza a Kerberos-KF-re! <\/p>\t\t\t\t\t\t\t\t<\/div>\n\t\t\t\t<\/div>\n\t\t\t\t<div class=\"elementor-element elementor-element-1938b2e elementor-widget elementor-widget-button\" data-id=\"1938b2e\" data-element_type=\"widget\" data-e-type=\"widget\" data-widget_type=\"button.default\">\n\t\t\t\t<div class=\"elementor-widget-container\">\n\t\t\t\t\t\t\t\t\t<div class=\"elementor-button-wrapper\">\n\t\t\t\t\t<a class=\"elementor-button elementor-button-link elementor-size-sm\" href=\"#\">\n\t\t\t\t\t\t<span class=\"elementor-button-content-wrapper\">\n\t\t\t\t\t\t\t\t\t<span class=\"elementor-button-text\">Besz\u00e9ljen egy szak\u00e9rt\u0151vel<\/span>\n\t\t\t\t\t<\/span>\n\t\t\t\t\t<\/a>\n\t\t\t\t<\/div>\n\t\t\t\t\t\t\t\t<\/div>\n\t\t\t\t<\/div>\n\t\t\t\t<\/div>\n\t\t\t\t\t<\/div>\n\t\t\t\t<\/div>\n\t\t<div class=\"elementor-element elementor-element-765aab6 e-flex e-con-boxed e-con e-parent\" data-id=\"765aab6\" data-element_type=\"container\" data-e-type=\"container\">\n\t\t\t\t\t<div class=\"e-con-inner\">\n\t\t\t\t<div class=\"elementor-element elementor-element-86d20d2 elementor-widget elementor-widget-heading\" data-id=\"86d20d2\" data-element_type=\"widget\" data-e-type=\"widget\" data-widget_type=\"heading.default\">\n\t\t\t\t<div class=\"elementor-widget-container\">\n\t\t\t\t\t<h2 class=\"elementor-heading-title elementor-size-default\">Mi az a Kerberos-KF?<\/h2>\t\t\t\t<\/div>\n\t\t\t\t<\/div>\n\t\t<div class=\"elementor-element elementor-element-fb39149 e-con-full e-flex e-con e-child\" data-id=\"fb39149\" data-element_type=\"container\" data-e-type=\"container\">\n\t\t\t\t<div class=\"elementor-element elementor-element-3bf2c4f elementor-widget__width-initial elementor-widget elementor-widget-text-editor\" data-id=\"3bf2c4f\" data-element_type=\"widget\" data-e-type=\"widget\" data-widget_type=\"text-editor.default\">\n\t\t\t\t<div class=\"elementor-widget-container\">\n\t\t\t\t\t\t\t\t\t<p>A Kerberos-KF a sz\u00f3r\u00f3lapokat, bet\u00e9tlapokat vagy outsert k\u00f6zvetlen\u00fcl a hajtogat\u00f3g\u00e9pr\u0151l k\u00f6tegekbe gy\u0171jti, \u00e9s pap\u00edrt\u00e1lc\u00e1kba helyezi \u0151ket. Hogy ezek ezut\u00e1n dobozokba vagy raklapra ker\u00fclnek-e, csak \u00d6nt\u0151l f\u00fcgg. <\/p><p>Kerberos-KF<\/p><ul><li>az \u00d6n ig\u00e9nyeihez igaz\u00edthat\u00f3<\/li><li>sz\u00e9les m\u00e9rettartom\u00e1nyt tud kezelni<\/li><li>rugalmas \u00e9s mobil<\/li><\/ul>\t\t\t\t\t\t\t\t<\/div>\n\t\t\t\t<\/div>\n\t\t\t\t<div class=\"elementor-element elementor-element-c990a5d elementor-widget elementor-widget-video\" data-id=\"c990a5d\" data-element_type=\"widget\" data-e-type=\"widget\" data-settings=\"{&quot;youtube_url&quot;:&quot;https:\\\/\\\/www.youtube.com\\\/watch?v=gAr6qOB4Mf4&quot;,&quot;video_type&quot;:&quot;youtube&quot;,&quot;controls&quot;:&quot;yes&quot;}\" data-widget_type=\"video.default\">\n\t\t\t\t<div class=\"elementor-widget-container\">\n\t\t\t\t\t\t\t<div class=\"elementor-wrapper elementor-open-inline\">\n\t\t\t<div class=\"elementor-video\"><\/div>\t\t<\/div>\n\t\t\t\t\t\t<\/div>\n\t\t\t\t<\/div>\n\t\t\t\t<\/div>\n\t\t\t\t\t<\/div>\n\t\t\t\t<\/div>\n\t\t<div class=\"elementor-element elementor-element-939fd2a e-flex e-con-boxed e-con e-parent\" data-id=\"939fd2a\" data-element_type=\"container\" data-e-type=\"container\">\n\t\t\t\t\t<div class=\"e-con-inner\">\n\t\t\t\t<div class=\"elementor-element elementor-element-a754d7d elementor-widget elementor-widget-heading\" data-id=\"a754d7d\" data-element_type=\"widget\" data-e-type=\"widget\" data-widget_type=\"heading.default\">\n\t\t\t\t<div class=\"elementor-widget-container\">\n\t\t\t\t\t<h2 class=\"elementor-heading-title elementor-size-default\">F\u0151bb jellemz\u0151k<\/h2>\t\t\t\t<\/div>\n\t\t\t\t<\/div>\n\t\t<div class=\"elementor-element elementor-element-0da0318 e-con-full e-flex e-con e-child\" data-id=\"0da0318\" data-element_type=\"container\" data-e-type=\"container\">\n\t\t\t\t<div class=\"elementor-element elementor-element-e75d14e elementor-widget__width-initial elementor-widget elementor-widget-text-editor\" data-id=\"e75d14e\" data-element_type=\"widget\" data-e-type=\"widget\" data-widget_type=\"text-editor.default\">\n\t\t\t\t<div class=\"elementor-widget-container\">\n\t\t\t\t\t\t\t\t\t<ul><li>Sz\u00f3r\u00f3lapok \u00e9s t\u00e1lc\u00e1k sz\u00e9les v\u00e1laszt\u00e9ka<\/li><li>Automatikus raklapminta sz\u00e1m\u00edt\u00e1s<\/li><li>Testreszabhat\u00f3<\/li><li>Min\u0151s\u00e9gi mintav\u00e9tel<\/li><li>\u00d3vatos sz\u00f3r\u00f3lapkezel\u00e9s<\/li><li>A Kerberos-KF2-ben szerepl\u0151 k\u00e9zbes\u00edt\u00e9si egys\u00e9g<\/li><li>Opcion\u00e1lis esztergamodul<\/li><\/ul>\t\t\t\t\t\t\t\t<\/div>\n\t\t\t\t<\/div>\n\t\t\t\t<div class=\"elementor-element elementor-element-93ceb9b elementor-widget elementor-widget-image\" data-id=\"93ceb9b\" data-element_type=\"widget\" data-e-type=\"widget\" data-widget_type=\"image.default\">\n\t\t\t\t<div class=\"elementor-widget-container\">\n\t\t\t\t\t\t\t\t\t\t\t\t\t\t\t<img fetchpriority=\"high\" decoding=\"async\" width=\"1024\" height=\"768\" src=\"https:\/\/vulcan-automation.com\/wp-content\/uploads\/2025\/07\/Vulcan_Automation_Insert_Handling-1024x768.png\" class=\"attachment-large size-large wp-image-4573\" alt=\"Csomagol\u00f3robot beilleszt\u00e9se\" srcset=\"https:\/\/vulcan-automation.com\/wp-content\/uploads\/2025\/07\/Vulcan_Automation_Insert_Handling-1024x768.png 1024w, https:\/\/vulcan-automation.com\/wp-content\/uploads\/2025\/07\/Vulcan_Automation_Insert_Handling-300x225.png 300w, https:\/\/vulcan-automation.com\/wp-content\/uploads\/2025\/07\/Vulcan_Automation_Insert_Handling-768x576.png 768w, https:\/\/vulcan-automation.com\/wp-content\/uploads\/2025\/07\/Vulcan_Automation_Insert_Handling.png 1200w\" sizes=\"(max-width: 1024px) 100vw, 1024px\" \/>\t\t\t\t\t\t\t\t\t\t\t\t\t\t\t<\/div>\n\t\t\t\t<\/div>\n\t\t\t\t<\/div>\n\t\t\t\t\t<\/div>\n\t\t\t\t<\/div>\n\t\t<div class=\"elementor-element elementor-element-e3cdf70 e-flex e-con-boxed e-con e-parent\" data-id=\"e3cdf70\" data-element_type=\"container\" data-e-type=\"container\">\n\t\t\t\t\t<div class=\"e-con-inner\">\n\t\t\t\t<div class=\"elementor-element elementor-element-24a09db elementor-widget elementor-widget-heading\" data-id=\"24a09db\" data-element_type=\"widget\" data-e-type=\"widget\" data-widget_type=\"heading.default\">\n\t\t\t\t<div class=\"elementor-widget-container\">\n\t\t\t\t\t<h2 class=\"elementor-heading-title elementor-size-default\">Az \u00d6n ig\u00e9nyeire szabva<\/h2>\t\t\t\t<\/div>\n\t\t\t\t<\/div>\n\t\t<div class=\"elementor-element elementor-element-9b404f3 e-con-full e-flex e-con e-child\" data-id=\"9b404f3\" data-element_type=\"container\" data-e-type=\"container\">\n\t\t\t\t<div class=\"elementor-element elementor-element-6e34c48 elementor-widget__width-initial elementor-widget elementor-widget-text-editor\" data-id=\"6e34c48\" data-element_type=\"widget\" data-e-type=\"widget\" data-widget_type=\"text-editor.default\">\n\t\t\t\t<div class=\"elementor-widget-container\">\n\t\t\t\t\t\t\t\t\t<p>G\u00e9pgy\u00e1rt\u00f3k\u00e9nt v\u00e9gtelen lehet\u0151s\u00e9g\u00fcnk van a Kerberos-KF testreszab\u00e1s\u00e1ra az \u00d6n m\u0171k\u00f6d\u00e9s\u00e9hez.  <\/p><ul><li>A t\u00e1lc\u00e1kat dobozokba vagy raklapra tudja helyezni.<\/li><li>K\u00e9pes besz\u00e9lni a MES-rendszerrel.  <\/li><li>B\u00e1rmelyik m\u00e9retet vagy param\u00e9tert m\u00f3dos\u00edthatjuk<\/li><li>Testre szabhatjuk a HMI-t, hogy azt mutassa, ami a legfontosabb az \u00d6n kezel\u0151i sz\u00e1m\u00e1ra. Magyarul. <\/li><li>A forgat\u00f3 modul sz\u00fcks\u00e9g eset\u00e9n fejjel lefel\u00e9 ford\u00edtja a sz\u00f3r\u00f3lapokat.<\/li><li>Kamer\u00e1s vizu\u00e1lis ellen\u0151rz\u00e9s is hozz\u00e1adhat\u00f3<\/li><\/ul>\t\t\t\t\t\t\t\t<\/div>\n\t\t\t\t<\/div>\n\t\t\t\t<div class=\"elementor-element elementor-element-49f9306 elementor-widget elementor-widget-image\" data-id=\"49f9306\" data-element_type=\"widget\" data-e-type=\"widget\" data-widget_type=\"image.default\">\n\t\t\t\t<div class=\"elementor-widget-container\">\n\t\t\t\t\t\t\t\t\t\t\t\t\t\t\t<img decoding=\"async\" width=\"1024\" height=\"768\" src=\"https:\/\/vulcan-automation.com\/wp-content\/uploads\/2025\/07\/Kerberos_KF2_2025-Mar-14_10-22-10AM-000_CustomizedView15756606921_png-1024x768.png\" class=\"attachment-large size-large wp-image-4569\" alt=\"Bet\u00e9tkezel\u0151 robot\" srcset=\"https:\/\/vulcan-automation.com\/wp-content\/uploads\/2025\/07\/Kerberos_KF2_2025-Mar-14_10-22-10AM-000_CustomizedView15756606921_png-1024x768.png 1024w, https:\/\/vulcan-automation.com\/wp-content\/uploads\/2025\/07\/Kerberos_KF2_2025-Mar-14_10-22-10AM-000_CustomizedView15756606921_png-300x225.png 300w, https:\/\/vulcan-automation.com\/wp-content\/uploads\/2025\/07\/Kerberos_KF2_2025-Mar-14_10-22-10AM-000_CustomizedView15756606921_png-768x576.png 768w, https:\/\/vulcan-automation.com\/wp-content\/uploads\/2025\/07\/Kerberos_KF2_2025-Mar-14_10-22-10AM-000_CustomizedView15756606921_png.png 1200w\" sizes=\"(max-width: 1024px) 100vw, 1024px\" \/>\t\t\t\t\t\t\t\t\t\t\t\t\t\t\t<\/div>\n\t\t\t\t<\/div>\n\t\t\t\t<\/div>\n\t\t\t\t\t<\/div>\n\t\t\t\t<\/div>\n\t\t<div class=\"elementor-element elementor-element-c55eb59 e-flex e-con-boxed e-con e-parent\" data-id=\"c55eb59\" data-element_type=\"container\" data-e-type=\"container\">\n\t\t\t\t\t<div class=\"e-con-inner\">\n\t\t\t\t<div class=\"elementor-element elementor-element-7ac535c elementor-widget elementor-widget-heading\" data-id=\"7ac535c\" data-element_type=\"widget\" data-e-type=\"widget\" data-widget_type=\"heading.default\">\n\t\t\t\t<div class=\"elementor-widget-container\">\n\t\t\t\t\t<h2 class=\"elementor-heading-title elementor-size-default\">M\u0171szaki specifik\u00e1ci\u00f3k<\/h2>\t\t\t\t<\/div>\n\t\t\t\t<\/div>\n\t\t\t\t<div class=\"elementor-element elementor-element-0f8398b elementor-widget elementor-widget-text-editor\" data-id=\"0f8398b\" data-element_type=\"widget\" data-e-type=\"widget\" data-widget_type=\"text-editor.default\">\n\t\t\t\t<div class=\"elementor-widget-container\">\n\t\t\t\t\t\t\t\t\t<table>\n<tbody>\n<tr>\n<td>Maxim\u00e1lis sebess\u00e9g<\/td>\n<td>6.500 sz\u00f3r\u00f3lap\/\u00f3ra, 100 t\u00e1lca\/\u00f3ra<\/td>\n<\/tr>\n<tr>\n<td>Sz\u00f3r\u00f3lap m\u00e9retek<\/td>\n<td>min. 45x22x0,9mm, \nmax. 165x148x10mm<br>K\u00e9r\u00e9sre testre szabhat\u00f3. <\/td>\n<\/tr>\n<tr>\n<td>T\u00e1lcam\u00e9retek<\/td>\n<td>min. 48x300x20mm, \nmax. 168x600x98mm<br>K\u00e9r\u00e9sre testre szabhat\u00f3. <\/td>\n<\/tr>\n<tr>\n<td>Pap\u00edrk\u00f6teg s\u00falya<\/td>\n<td>max. 3kg<br>K\u00e9r\u00e9sre testreszabhat\u00f3 <\/td>\n<\/tr>\n<tr>\n<td>Raklapm\u00e9retek<\/td>\n<td>Szabadon testre szabhat\u00f3<\/td>\n<\/tr>\n<tr>\n<td>Raklapmint\u00e1k<\/td>\n<td>El\u0151re meghat\u00e1rozott mint\u00e1k vagy automatikus mintaoptimaliz\u00e1l\u00e1s<\/td>\n<\/tr>\n<tr>\n<td>Raklap magass\u00e1ga<\/td>\n<td>1400mm emel\u0151oszlop n\u00e9lk\u00fcl<br>K\u00e9r\u00e9sre testreszabhat\u00f3<\/td>\n<\/tr>\n<\/tbody>\n<\/table>\t\t\t\t\t\t\t\t<\/div>\n\t\t\t\t<\/div>\n\t\t\t\t\t<\/div>\n\t\t\t\t<\/div>\n\t\t<div class=\"elementor-element elementor-element-68af30c e-flex e-con-boxed e-con e-parent\" data-id=\"68af30c\" data-element_type=\"container\" data-e-type=\"container\">\n\t\t\t\t\t<div class=\"e-con-inner\">\n\t\t\t\t<div class=\"elementor-element elementor-element-367089d elementor-widget elementor-widget-heading\" data-id=\"367089d\" data-element_type=\"widget\" data-e-type=\"widget\" data-widget_type=\"heading.default\">\n\t\t\t\t<div class=\"elementor-widget-container\">\n\t\t\t\t\t<h2 class=\"elementor-heading-title elementor-size-default\">A megold\u00e1s szak\u00e9rt\u0151je:<\/h2>\t\t\t\t<\/div>\n\t\t\t\t<\/div>\n\t\t<div class=\"elementor-element elementor-element-08ae3ca e-con-full e-flex e-con e-child\" data-id=\"08ae3ca\" data-element_type=\"container\" data-e-type=\"container\">\n\t\t\t\t<div class=\"elementor-element elementor-element-2ca964d elementor-widget elementor-widget-image\" data-id=\"2ca964d\" data-element_type=\"widget\" data-e-type=\"widget\" data-widget_type=\"image.default\">\n\t\t\t\t<div class=\"elementor-widget-container\">\n\t\t\t\t\t\t\t\t\t\t\t\t\t\t\t<img decoding=\"async\" width=\"300\" height=\"300\" src=\"https:\/\/vulcan-automation.com\/wp-content\/uploads\/2025\/07\/galambos-300x300.png\" class=\"attachment-medium size-medium wp-image-4500\" alt=\"Galambos Istv\u00e1n \u00e9rt\u00e9kes\u00edt\u00e9si vezet\u0151\" srcset=\"https:\/\/vulcan-automation.com\/wp-content\/uploads\/2025\/07\/galambos-300x300.png 300w, https:\/\/vulcan-automation.com\/wp-content\/uploads\/2025\/07\/galambos-150x150.png 150w, https:\/\/vulcan-automation.com\/wp-content\/uploads\/2025\/07\/galambos.png 728w\" sizes=\"(max-width: 300px) 100vw, 300px\" \/>\t\t\t\t\t\t\t\t\t\t\t\t\t\t\t<\/div>\n\t\t\t\t<\/div>\n\t\t\t\t<div class=\"elementor-element elementor-element-d0a10e0 elementor-widget elementor-widget-text-editor\" data-id=\"d0a10e0\" data-element_type=\"widget\" data-e-type=\"widget\" data-widget_type=\"text-editor.default\">\n\t\t\t\t<div class=\"elementor-widget-container\">\n\t\t\t\t\t\t\t\t\t<p><strong>Galambos Istv\u00e1n<\/strong><\/p><p>\u00c9rt\u00e9kes\u00edt\u00e9si menedzser<\/p><p>+36-70-881 9279<\/p><p>istvan.galambos@vulcan-automation.com<\/p>\t\t\t\t\t\t\t\t<\/div>\n\t\t\t\t<\/div>\n\t\t\t\t<\/div>\n\t\t\t\t\t<\/div>\n\t\t\t\t<\/div>\n\t\t\t\t<\/div>\n\t\t","protected":false},"excerpt":{"rendered":"<p>Kis raklaprakod\u00f3 robot Hagyja, hogy a g\u00e9pszak\u00e9rt\u0151k arra koncentr\u00e1ljanak, amihez a legjobban \u00e9rtenek. A t\u00f6bbit b\u00edzza a Kerberos-KF-re! Besz\u00e9ljen egy szak\u00e9rt\u0151vel Mi az a Kerberos-KF? A Kerberos-KF a sz\u00f3r\u00f3lapokat, bet\u00e9tlapokat vagy outsert k\u00f6zvetlen\u00fcl a hajtogat\u00f3g\u00e9pr\u0151l k\u00f6tegekbe gy\u0171jti, \u00e9s pap\u00edrt\u00e1lc\u00e1kba helyezi \u0151ket. Hogy ezek ezut\u00e1n dobozokba vagy raklapra ker\u00fclnek-e, csak \u00d6nt\u0151l f\u00fcgg. Kerberos-KF az \u00d6n ig\u00e9nyeihez [&hellip;]<\/p>\n","protected":false},"author":1,"featured_media":0,"parent":0,"menu_order":0,"comment_status":"closed","ping_status":"closed","template":"","meta":{"content-type":"","site-sidebar-layout":"no-sidebar","site-content-layout":"page-builder","ast-site-content-layout":"full-width-container","site-content-style":"default","site-sidebar-style":"default","ast-global-header-display":"","ast-banner-title-visibility":"","ast-main-header-display":"","ast-hfb-above-header-display":"","ast-hfb-below-header-display":"","ast-hfb-mobile-header-display":"","site-post-title":"disabled","ast-breadcrumbs-content":"","ast-featured-img":"disabled","footer-sml-layout":"","ast-disable-related-posts":"","theme-transparent-header-meta":"","adv-header-id-meta":"","stick-header-meta":"","header-above-stick-meta":"","header-main-stick-meta":"","header-below-stick-meta":"","astra-migrate-meta-layouts":"set","ast-page-background-enabled":"default","ast-page-background-meta":{"desktop":{"background-color":"var(--ast-global-color-4)","background-image":"","background-repeat":"repeat","background-position":"center center","background-size":"auto","background-attachment":"scroll","background-type":"","background-media":"","overlay-type":"","overlay-color":"","overlay-opacity":"","overlay-gradient":""},"tablet":{"background-color":"","background-image":"","background-repeat":"repeat","background-position":"center center","background-size":"auto","background-attachment":"scroll","background-type":"","background-media":"","overlay-type":"","overlay-color":"","overlay-opacity":"","overlay-gradient":""},"mobile":{"background-color":"","background-image":"","background-repeat":"repeat","background-position":"center center","background-size":"auto","background-attachment":"scroll","background-type":"","background-media":"","overlay-type":"","overlay-color":"","overlay-opacity":"","overlay-gradient":""}},"ast-content-background-meta":{"desktop":{"background-color":"var(--ast-global-color-5)","background-image":"","background-repeat":"repeat","background-position":"center center","background-size":"auto","background-attachment":"scroll","background-type":"","background-media":"","overlay-type":"","overlay-color":"","overlay-opacity":"","overlay-gradient":""},"tablet":{"background-color":"var(--ast-global-color-5)","background-image":"","background-repeat":"repeat","background-position":"center center","background-size":"auto","background-attachment":"scroll","background-type":"","background-media":"","overlay-type":"","overlay-color":"","overlay-opacity":"","overlay-gradient":""},"mobile":{"background-color":"var(--ast-global-color-5)","background-image":"","background-repeat":"repeat","background-position":"center center","background-size":"auto","background-attachment":"scroll","background-type":"","background-media":"","overlay-type":"","overlay-color":"","overlay-opacity":"","overlay-gradient":""}},"footnotes":""},"class_list":["post-4820","page","type-page","status-publish","hentry"],"_links":{"self":[{"href":"https:\/\/vulcan-automation.com\/hu\/wp-json\/wp\/v2\/pages\/4820","targetHints":{"allow":["GET"]}}],"collection":[{"href":"https:\/\/vulcan-automation.com\/hu\/wp-json\/wp\/v2\/pages"}],"about":[{"href":"https:\/\/vulcan-automation.com\/hu\/wp-json\/wp\/v2\/types\/page"}],"author":[{"embeddable":true,"href":"https:\/\/vulcan-automation.com\/hu\/wp-json\/wp\/v2\/users\/1"}],"replies":[{"embeddable":true,"href":"https:\/\/vulcan-automation.com\/hu\/wp-json\/wp\/v2\/comments?post=4820"}],"version-history":[{"count":2,"href":"https:\/\/vulcan-automation.com\/hu\/wp-json\/wp\/v2\/pages\/4820\/revisions"}],"predecessor-version":[{"id":4985,"href":"https:\/\/vulcan-automation.com\/hu\/wp-json\/wp\/v2\/pages\/4820\/revisions\/4985"}],"wp:attachment":[{"href":"https:\/\/vulcan-automation.com\/hu\/wp-json\/wp\/v2\/media?parent=4820"}],"curies":[{"name":"wp","href":"https:\/\/api.w.org\/{rel}","templated":true}]}}