{"id":4774,"date":"2025-07-02T14:32:59","date_gmt":"2025-07-02T12:32:59","guid":{"rendered":"https:\/\/vulcan-automation.com\/rolunk\/"},"modified":"2025-11-21T11:45:53","modified_gmt":"2025-11-21T10:45:53","slug":"rolunk","status":"publish","type":"page","link":"https:\/\/vulcan-automation.com\/hu\/rolunk\/","title":{"rendered":"R\u00f3lunk"},"content":{"rendered":"\t\t<div data-elementor-type=\"wp-page\" data-elementor-id=\"4774\" class=\"elementor elementor-4774 elementor-1318\" data-elementor-post-type=\"page\">\n\t\t\t\t<div class=\"elementor-element elementor-element-b485c57 e-flex e-con-boxed e-con e-parent\" data-id=\"b485c57\" data-element_type=\"container\" data-e-type=\"container\" data-settings=\"{&quot;background_background&quot;:&quot;classic&quot;}\">\n\t\t\t\t\t<div class=\"e-con-inner\">\n\t\t\t\t<div class=\"elementor-element elementor-element-582eb7b elementor-widget elementor-widget-heading\" data-id=\"582eb7b\" data-element_type=\"widget\" data-e-type=\"widget\" data-widget_type=\"heading.default\">\n\t\t\t\t<div class=\"elementor-widget-container\">\n\t\t\t\t\t<h1 class=\"elementor-heading-title elementor-size-default\">A Vulcan Automation-r\u0151l<\/h1>\t\t\t\t<\/div>\n\t\t\t\t<\/div>\n\t\t\t\t<div class=\"elementor-element elementor-element-28d01d9 elementor-widget elementor-widget-heading\" data-id=\"28d01d9\" data-element_type=\"widget\" data-e-type=\"widget\" data-widget_type=\"heading.default\">\n\t\t\t\t<div class=\"elementor-widget-container\">\n\t\t\t\t\t<h2 class=\"elementor-heading-title elementor-size-default\">Robotikai megold\u00e1sok termel\u00e9si kih\u00edv\u00e1sokra<\/h2>\t\t\t\t<\/div>\n\t\t\t\t<\/div>\n\t\t\t\t\t<\/div>\n\t\t\t\t<\/div>\n\t\t<div class=\"elementor-element elementor-element-22825f3 e-flex e-con-boxed e-con e-parent\" data-id=\"22825f3\" data-element_type=\"container\" data-e-type=\"container\" data-settings=\"{&quot;background_background&quot;:&quot;classic&quot;}\">\n\t\t\t\t\t<div class=\"e-con-inner\">\n\t\t<div class=\"elementor-element elementor-element-e6150a2 e-con-full e-flex e-con e-child\" data-id=\"e6150a2\" data-element_type=\"container\" data-e-type=\"container\">\n\t\t\t\t<div class=\"elementor-element elementor-element-9b85f4b elementor-widget elementor-widget-image\" data-id=\"9b85f4b\" data-element_type=\"widget\" data-e-type=\"widget\" data-widget_type=\"image.default\">\n\t\t\t\t<div class=\"elementor-widget-container\">\n\t\t\t\t\t\t\t\t\t\t\t\t\t\t\t<img fetchpriority=\"high\" decoding=\"async\" width=\"1080\" height=\"1920\" src=\"https:\/\/vulcan-automation.com\/wp-content\/uploads\/2025\/09\/polishingfeasibility.webp\" class=\"attachment-full size-full wp-image-4730\" alt=\"Pol\u00edroz\u00e1s UR-robottal\" srcset=\"https:\/\/vulcan-automation.com\/wp-content\/uploads\/2025\/09\/polishingfeasibility.webp 1080w, https:\/\/vulcan-automation.com\/wp-content\/uploads\/2025\/09\/polishingfeasibility-169x300.webp 169w, https:\/\/vulcan-automation.com\/wp-content\/uploads\/2025\/09\/polishingfeasibility-576x1024.webp 576w, https:\/\/vulcan-automation.com\/wp-content\/uploads\/2025\/09\/polishingfeasibility-768x1365.webp 768w, https:\/\/vulcan-automation.com\/wp-content\/uploads\/2025\/09\/polishingfeasibility-864x1536.webp 864w\" sizes=\"(max-width: 1080px) 100vw, 1080px\" \/>\t\t\t\t\t\t\t\t\t\t\t\t\t\t\t<\/div>\n\t\t\t\t<\/div>\n\t\t\t\t<\/div>\n\t\t<div class=\"elementor-element elementor-element-96bd502 e-con-full e-flex e-con e-child\" data-id=\"96bd502\" data-element_type=\"container\" data-e-type=\"container\">\n\t\t\t\t<div class=\"elementor-element elementor-element-a3059cc elementor-widget-tablet__width-inherit elementor-widget elementor-widget-heading\" data-id=\"a3059cc\" data-element_type=\"widget\" data-e-type=\"widget\" data-widget_type=\"heading.default\">\n\t\t\t\t<div class=\"elementor-widget-container\">\n\t\t\t\t\t<h2 class=\"elementor-heading-title elementor-size-default\">Kik vagyunk<\/h2>\t\t\t\t<\/div>\n\t\t\t\t<\/div>\n\t\t\t\t<div class=\"elementor-element elementor-element-650a9be elementor-widget elementor-widget-text-editor\" data-id=\"650a9be\" data-element_type=\"widget\" data-e-type=\"widget\" data-widget_type=\"text-editor.default\">\n\t\t\t\t<div class=\"elementor-widget-container\">\n\t\t\t\t\t\t\t\t\t<p>A <strong>Vulcan<\/strong> Automation egy technol\u00f3giai f\u00f3kusz\u00fa v\u00e1llalat, amely robotikai automatiz\u00e1l\u00e1sra, raklapoz\u00f3 megold\u00e1sokra \u00e9s egyedi g\u00e9pekre specializ\u00e1l\u00f3dott a gy\u00e1rt\u00f3ipar sz\u00e1m\u00e1ra.<\/p>\n<p>K\u00fcldet\u00e9s\u00fcnk, hogy az ipari \u00e9s kollaborat\u00edv robotik\u00e1t mindenki sz\u00e1m\u00e1ra el\u00e9rhet\u0151v\u00e9 tegy\u00fck. <\/p>\t\t\t\t\t\t\t\t<\/div>\n\t\t\t\t<\/div>\n\t\t\t\t<\/div>\n\t\t\t\t\t<\/div>\n\t\t\t\t<\/div>\n\t\t<div class=\"elementor-element elementor-element-4ec09b1 e-flex e-con-boxed e-con e-parent\" data-id=\"4ec09b1\" data-element_type=\"container\" data-e-type=\"container\" data-settings=\"{&quot;background_background&quot;:&quot;classic&quot;}\">\n\t\t\t\t\t<div class=\"e-con-inner\">\n\t\t\t\t<div class=\"elementor-element elementor-element-481e3a0 elementor-widget elementor-widget-heading\" data-id=\"481e3a0\" data-element_type=\"widget\" data-e-type=\"widget\" data-widget_type=\"heading.default\">\n\t\t\t\t<div class=\"elementor-widget-container\">\n\t\t\t\t\t<h2 class=\"elementor-heading-title elementor-size-default\">Arra t\u00f6reksz\u00fcnk, hogy olyan robotcell\u00e1kat hozzunk l\u00e9tre, amelyeket k\u00f6nny\u0171 haszn\u00e1lni \u00e9s karbantartani.<\/h2>\t\t\t\t<\/div>\n\t\t\t\t<\/div>\n\t\t\t\t\t<\/div>\n\t\t\t\t<\/div>\n\t\t<div class=\"elementor-element elementor-element-aac19e2 e-flex e-con-boxed e-con e-parent\" data-id=\"aac19e2\" data-element_type=\"container\" data-e-type=\"container\" data-settings=\"{&quot;background_background&quot;:&quot;classic&quot;}\">\n\t\t\t\t\t<div class=\"e-con-inner\">\n\t\t<div class=\"elementor-element elementor-element-1f7f824 e-con-full e-flex e-con e-child\" data-id=\"1f7f824\" data-element_type=\"container\" data-e-type=\"container\">\n\t\t\t\t<div class=\"elementor-element elementor-element-8a22b56 elementor-widget elementor-widget-heading\" data-id=\"8a22b56\" data-element_type=\"widget\" data-e-type=\"widget\" data-widget_type=\"heading.default\">\n\t\t\t\t<div class=\"elementor-widget-container\">\n\t\t\t\t\t<h2 class=\"elementor-heading-title elementor-size-default\">Szak\u00e9rtelm\u00fcnk<\/h2>\t\t\t\t<\/div>\n\t\t\t\t<\/div>\n\t\t\t\t<div class=\"elementor-element elementor-element-70b1a4d elementor-widget elementor-widget-text-editor\" data-id=\"70b1a4d\" data-element_type=\"widget\" data-e-type=\"widget\" data-widget_type=\"text-editor.default\">\n\t\t\t\t<div class=\"elementor-widget-container\">\n\t\t\t\t\t\t\t\t\t<p data-start=\"943\" data-end=\"1109\">A g\u00e9p\u00e9szet, a robotika \u00e9s az intelligens szoftverintegr\u00e1ci\u00f3 kombin\u00e1l\u00e1s\u00e1val kulcsrak\u00e9sz automatiz\u00e1l\u00e1si megold\u00e1sokat k\u00edn\u00e1lunk. Portf\u00f3li\u00f3nk a k\u00f6vetkez\u0151ket foglalja mag\u00e1ban: <\/p>\n<ul data-start=\"1110\" data-end=\"1409\">\n<li data-start=\"1110\" data-end=\"1191\">\n<p data-start=\"1112\" data-end=\"1191\">Robotiz\u00e1lt raklapoz\u00f3 rendszerek a nyomdaipar, a csomagol\u00f3ipar \u00e9s az italgy\u00e1rt\u00e1s sz\u00e1m\u00e1ra<\/p>\n<\/li>\n<li data-start=\"1192\" data-end=\"1269\">\n<p data-start=\"1194\" data-end=\"1269\">Speci\u00e1lis robotg\u00e9pek anyagmozgat\u00e1shoz, csomagol\u00e1shoz \u00e9s \u00f6sszeszerel\u00e9shez<\/p>\n<\/li>\n<li data-start=\"1270\" data-end=\"1343\">\n<p data-start=\"1272\" data-end=\"1343\">Soron bel\u00fcli automatiz\u00e1l\u00e1s a min\u0151s\u00e9gellen\u0151rz\u00e9shez, csavarh\u00faz\u00e1shoz \u00e9s egy\u00e9b folyamatokhoz<\/p>\n<\/li>\n<li data-start=\"1344\" data-end=\"1409\">\n<p data-start=\"1346\" data-end=\"1409\">MES \u00e9s ERP integr\u00e1ci\u00f3 a nyomon k\u00f6vethet\u0151, adat alap\u00fa termel\u00e9shez<\/p>\n<\/li>\n<\/ul>\t\t\t\t\t\t\t\t<\/div>\n\t\t\t\t<\/div>\n\t\t\t\t<\/div>\n\t\t<div class=\"elementor-element elementor-element-07afb6e e-con-full e-flex e-con e-child\" data-id=\"07afb6e\" data-element_type=\"container\" data-e-type=\"container\">\n\t\t\t\t<div class=\"elementor-element elementor-element-83930a5 elementor-widget elementor-widget-image\" data-id=\"83930a5\" data-element_type=\"widget\" data-e-type=\"widget\" data-widget_type=\"image.default\">\n\t\t\t\t<div class=\"elementor-widget-container\">\n\t\t\t\t\t\t\t\t\t\t\t\t\t\t\t<img decoding=\"async\" width=\"1346\" height=\"1080\" src=\"https:\/\/vulcan-automation.com\/wp-content\/uploads\/2025\/09\/gluing.webp\" class=\"attachment-full size-full wp-image-4733\" alt=\"\" srcset=\"https:\/\/vulcan-automation.com\/wp-content\/uploads\/2025\/09\/gluing.webp 1346w, https:\/\/vulcan-automation.com\/wp-content\/uploads\/2025\/09\/gluing-300x241.webp 300w, https:\/\/vulcan-automation.com\/wp-content\/uploads\/2025\/09\/gluing-1024x822.webp 1024w, https:\/\/vulcan-automation.com\/wp-content\/uploads\/2025\/09\/gluing-768x616.webp 768w\" sizes=\"(max-width: 1346px) 100vw, 1346px\" \/>\t\t\t\t\t\t\t\t\t\t\t\t\t\t\t<\/div>\n\t\t\t\t<\/div>\n\t\t\t\t<\/div>\n\t\t\t\t\t<\/div>\n\t\t\t\t<\/div>\n\t\t<div class=\"elementor-element elementor-element-c1bb0e0 e-flex e-con-boxed e-con e-parent\" data-id=\"c1bb0e0\" data-element_type=\"container\" data-e-type=\"container\" data-settings=\"{&quot;background_background&quot;:&quot;classic&quot;}\">\n\t\t\t\t\t<div class=\"e-con-inner\">\n\t\t<div class=\"elementor-element elementor-element-f79210f e-con-full e-flex e-con e-child\" data-id=\"f79210f\" data-element_type=\"container\" data-e-type=\"container\">\n\t\t\t\t<div class=\"elementor-element elementor-element-3fc1043 elementor-widget elementor-widget-image\" data-id=\"3fc1043\" data-element_type=\"widget\" data-e-type=\"widget\" data-widget_type=\"image.default\">\n\t\t\t\t<div class=\"elementor-widget-container\">\n\t\t\t\t\t\t\t\t\t\t\t\t\t\t\t<img decoding=\"async\" width=\"957\" height=\"1196\" src=\"https:\/\/vulcan-automation.com\/wp-content\/uploads\/2025\/09\/agv_conveyor.webp\" class=\"attachment-full size-full wp-image-4736\" alt=\"\" srcset=\"https:\/\/vulcan-automation.com\/wp-content\/uploads\/2025\/09\/agv_conveyor.webp 957w, https:\/\/vulcan-automation.com\/wp-content\/uploads\/2025\/09\/agv_conveyor-240x300.webp 240w, https:\/\/vulcan-automation.com\/wp-content\/uploads\/2025\/09\/agv_conveyor-819x1024.webp 819w, https:\/\/vulcan-automation.com\/wp-content\/uploads\/2025\/09\/agv_conveyor-768x960.webp 768w\" sizes=\"(max-width: 957px) 100vw, 957px\" \/>\t\t\t\t\t\t\t\t\t\t\t\t\t\t\t<\/div>\n\t\t\t\t<\/div>\n\t\t\t\t<\/div>\n\t\t<div class=\"elementor-element elementor-element-cfb7418 e-con-full e-flex e-con e-child\" data-id=\"cfb7418\" data-element_type=\"container\" data-e-type=\"container\">\n\t\t\t\t<div class=\"elementor-element elementor-element-b5eb5d0 elementor-widget elementor-widget-heading\" data-id=\"b5eb5d0\" data-element_type=\"widget\" data-e-type=\"widget\" data-widget_type=\"heading.default\">\n\t\t\t\t<div class=\"elementor-widget-container\">\n\t\t\t\t\t<h2 class=\"elementor-heading-title elementor-size-default\">Miben vagyunk m\u00e1sok?<\/h2>\t\t\t\t<\/div>\n\t\t\t\t<\/div>\n\t\t\t\t<div class=\"elementor-element elementor-element-a7c7012 elementor-widget elementor-widget-text-editor\" data-id=\"a7c7012\" data-element_type=\"widget\" data-e-type=\"widget\" data-widget_type=\"text-editor.default\">\n\t\t\t\t<div class=\"elementor-widget-container\">\n\t\t\t\t\t\t\t\t\t<ul><li><p><strong>Testre szabott megold\u00e1sok:<\/strong> Minden rendszer az \u00d6n folyamataihoz igazodik, szem\u00e9lyre szabottan ker\u00fcl megtervez\u00e9sre.<\/p><\/li><li><p><strong>Robotikai \u00e9s automatiz\u00e1l\u00e1si szak\u00e9rtelem: <\/strong>speci\u00e1lis g\u00e9pek komplex robotcell\u00e1khoz.<\/p><\/li><li><p><strong>Z\u00f6kken\u0151mentes integr\u00e1ci\u00f3:<\/strong> A robotcell\u00e1t \u00f6sszekapcsoljuk az \u00d6n megl\u00e9v\u0151 MES\/ERP-rendszereivel.<\/p><\/li><li><p><strong>Ipari ismeretek:<\/strong> Tapasztalatunk a nyomdaipart\u00f3l az elektronikai iparig seg\u00edt megoldani az \u00f6sszetett kih\u00edv\u00e1sokat.<\/p><\/li><\/ul>\t\t\t\t\t\t\t\t<\/div>\n\t\t\t\t<\/div>\n\t\t\t\t<\/div>\n\t\t\t\t\t<\/div>\n\t\t\t\t<\/div>\n\t\t<div class=\"elementor-element elementor-element-b3d3aca e-flex e-con-boxed e-con e-parent\" data-id=\"b3d3aca\" data-element_type=\"container\" data-e-type=\"container\" data-settings=\"{&quot;background_background&quot;:&quot;classic&quot;}\">\n\t\t\t\t\t<div class=\"e-con-inner\">\n\t\t<div class=\"elementor-element elementor-element-b5e3033 e-con-full e-flex e-con e-child\" data-id=\"b5e3033\" data-element_type=\"container\" data-e-type=\"container\">\n\t\t\t\t<div class=\"elementor-element elementor-element-a4b3508 elementor-widget elementor-widget-heading\" data-id=\"a4b3508\" data-element_type=\"widget\" data-e-type=\"widget\" data-widget_type=\"heading.default\">\n\t\t\t\t<div class=\"elementor-widget-container\">\n\t\t\t\t\t<h2 class=\"elementor-heading-title elementor-size-default\">Hogyan t\u00e1mogathatjuk \u00d6nt?<\/h2>\t\t\t\t<\/div>\n\t\t\t\t<\/div>\n\t\t<div class=\"elementor-element elementor-element-84fd72e e-con-full e-flex e-con e-child\" data-id=\"84fd72e\" data-element_type=\"container\" data-e-type=\"container\">\n\t\t\t\t<div class=\"elementor-element elementor-element-a01dfa0 elementor-widget elementor-widget-image\" data-id=\"a01dfa0\" data-element_type=\"widget\" data-e-type=\"widget\" data-widget_type=\"image.default\">\n\t\t\t\t<div class=\"elementor-widget-container\">\n\t\t\t\t\t\t\t\t\t\t\t\t\t\t\t<img loading=\"lazy\" decoding=\"async\" width=\"300\" height=\"300\" src=\"https:\/\/vulcan-automation.com\/wp-content\/uploads\/2025\/07\/galambos-300x300.png\" class=\"attachment-medium size-medium wp-image-4500\" alt=\"Galambos Istv\u00e1n \u00e9rt\u00e9kes\u00edt\u00e9si vezet\u0151\" srcset=\"https:\/\/vulcan-automation.com\/wp-content\/uploads\/2025\/07\/galambos-300x300.png 300w, https:\/\/vulcan-automation.com\/wp-content\/uploads\/2025\/07\/galambos-150x150.png 150w, https:\/\/vulcan-automation.com\/wp-content\/uploads\/2025\/07\/galambos.png 728w\" sizes=\"(max-width: 300px) 100vw, 300px\" \/>\t\t\t\t\t\t\t\t\t\t\t\t\t\t\t<\/div>\n\t\t\t\t<\/div>\n\t\t\t\t<div class=\"elementor-element elementor-element-a67477d elementor-widget elementor-widget-text-editor\" data-id=\"a67477d\" data-element_type=\"widget\" data-e-type=\"widget\" data-widget_type=\"text-editor.default\">\n\t\t\t\t<div class=\"elementor-widget-container\">\n\t\t\t\t\t\t\t\t\t<p><strong>Galambos Istv\u00e1n<\/strong><\/p><p>\u00c9rt\u00e9kes\u00edt\u00e9si menedzser<\/p><p>+36-70-881 9279<\/p><p><a href=\"mailto:istvan.galambos@vulcan-automation.com\">istvan.galambos@vulcan-automation.com<\/a><\/p>\t\t\t\t\t\t\t\t<\/div>\n\t\t\t\t<\/div>\n\t\t\t\t<\/div>\n\t\t\t\t<\/div>\n\t\t\t\t\t<\/div>\n\t\t\t\t<\/div>\n\t\t\t\t<\/div>\n\t\t","protected":false},"excerpt":{"rendered":"<p>A Vulcan Automation-r\u0151l Robotikai megold\u00e1sok termel\u00e9si kih\u00edv\u00e1sokra Kik vagyunk A Vulcan Automation egy technol\u00f3giai f\u00f3kusz\u00fa v\u00e1llalat, amely robotikai automatiz\u00e1l\u00e1sra, raklapoz\u00f3 megold\u00e1sokra \u00e9s egyedi g\u00e9pekre specializ\u00e1l\u00f3dott a gy\u00e1rt\u00f3ipar sz\u00e1m\u00e1ra. K\u00fcldet\u00e9s\u00fcnk, hogy az ipari \u00e9s kollaborat\u00edv robotik\u00e1t mindenki sz\u00e1m\u00e1ra el\u00e9rhet\u0151v\u00e9 tegy\u00fck. Arra t\u00f6reksz\u00fcnk, hogy olyan robotcell\u00e1kat hozzunk l\u00e9tre, amelyeket k\u00f6nny\u0171 haszn\u00e1lni \u00e9s karbantartani. Szak\u00e9rtelm\u00fcnk A g\u00e9p\u00e9szet, a [&hellip;]<\/p>\n","protected":false},"author":1,"featured_media":0,"parent":0,"menu_order":0,"comment_status":"closed","ping_status":"closed","template":"","meta":{"content-type":"","site-sidebar-layout":"no-sidebar","site-content-layout":"page-builder","ast-site-content-layout":"full-width-container","site-content-style":"unboxed","site-sidebar-style":"unboxed","ast-global-header-display":"","ast-banner-title-visibility":"","ast-main-header-display":"","ast-hfb-above-header-display":"","ast-hfb-below-header-display":"","ast-hfb-mobile-header-display":"","site-post-title":"disabled","ast-breadcrumbs-content":"","ast-featured-img":"disabled","footer-sml-layout":"","ast-disable-related-posts":"","theme-transparent-header-meta":"enabled","adv-header-id-meta":"","stick-header-meta":"","header-above-stick-meta":"","header-main-stick-meta":"","header-below-stick-meta":"","astra-migrate-meta-layouts":"default","ast-page-background-enabled":"default","ast-page-background-meta":{"desktop":{"background-color":"var(--ast-global-color-4)","background-image":"","background-repeat":"repeat","background-position":"center center","background-size":"auto","background-attachment":"scroll","background-type":"","background-media":"","overlay-type":"","overlay-color":"","overlay-opacity":"","overlay-gradient":""},"tablet":{"background-color":"","background-image":"","background-repeat":"repeat","background-position":"center center","background-size":"auto","background-attachment":"scroll","background-type":"","background-media":"","overlay-type":"","overlay-color":"","overlay-opacity":"","overlay-gradient":""},"mobile":{"background-color":"","background-image":"","background-repeat":"repeat","background-position":"center center","background-size":"auto","background-attachment":"scroll","background-type":"","background-media":"","overlay-type":"","overlay-color":"","overlay-opacity":"","overlay-gradient":""}},"ast-content-background-meta":{"desktop":{"background-color":"var(--ast-global-color-5)","background-image":"","background-repeat":"repeat","background-position":"center center","background-size":"auto","background-attachment":"scroll","background-type":"","background-media":"","overlay-type":"","overlay-color":"","overlay-opacity":"","overlay-gradient":""},"tablet":{"background-color":"var(--ast-global-color-5)","background-image":"","background-repeat":"repeat","background-position":"center center","background-size":"auto","background-attachment":"scroll","background-type":"","background-media":"","overlay-type":"","overlay-color":"","overlay-opacity":"","overlay-gradient":""},"mobile":{"background-color":"var(--ast-global-color-5)","background-image":"","background-repeat":"repeat","background-position":"center center","background-size":"auto","background-attachment":"scroll","background-type":"","background-media":"","overlay-type":"","overlay-color":"","overlay-opacity":"","overlay-gradient":""}},"footnotes":""},"class_list":["post-4774","page","type-page","status-publish","hentry"],"_links":{"self":[{"href":"https:\/\/vulcan-automation.com\/hu\/wp-json\/wp\/v2\/pages\/4774","targetHints":{"allow":["GET"]}}],"collection":[{"href":"https:\/\/vulcan-automation.com\/hu\/wp-json\/wp\/v2\/pages"}],"about":[{"href":"https:\/\/vulcan-automation.com\/hu\/wp-json\/wp\/v2\/types\/page"}],"author":[{"embeddable":true,"href":"https:\/\/vulcan-automation.com\/hu\/wp-json\/wp\/v2\/users\/1"}],"replies":[{"embeddable":true,"href":"https:\/\/vulcan-automation.com\/hu\/wp-json\/wp\/v2\/comments?post=4774"}],"version-history":[{"count":7,"href":"https:\/\/vulcan-automation.com\/hu\/wp-json\/wp\/v2\/pages\/4774\/revisions"}],"predecessor-version":[{"id":4829,"href":"https:\/\/vulcan-automation.com\/hu\/wp-json\/wp\/v2\/pages\/4774\/revisions\/4829"}],"wp:attachment":[{"href":"https:\/\/vulcan-automation.com\/hu\/wp-json\/wp\/v2\/media?parent=4774"}],"curies":[{"name":"wp","href":"https:\/\/api.w.org\/{rel}","templated":true}]}}