{"id":3,"date":"2025-07-02T12:52:34","date_gmt":"2025-07-02T12:52:34","guid":{"rendered":"https:\/\/vulcan-automation.com\/?page_id=3"},"modified":"2026-02-05T23:26:15","modified_gmt":"2026-02-05T22:26:15","slug":"privacy-policy","status":"publish","type":"page","link":"https:\/\/vulcan-automation.com\/hu\/privacy-policy\/","title":{"rendered":"Adatv\u00e9delmi szab\u00e1lyzat"},"content":{"rendered":"\t\t<div data-elementor-type=\"wp-page\" data-elementor-id=\"3\" class=\"elementor elementor-3\" data-elementor-post-type=\"page\">\n\t\t\t\t<div class=\"elementor-element elementor-element-28a48b58 e-flex e-con-boxed e-con e-parent\" data-id=\"28a48b58\" data-element_type=\"container\" data-e-type=\"container\">\n\t\t\t\t\t<div class=\"e-con-inner\">\n\t\t\t\t<div class=\"elementor-element elementor-element-e71cfc6 elementor-widget elementor-widget-text-editor\" data-id=\"e71cfc6\" data-element_type=\"widget\" data-e-type=\"widget\" data-widget_type=\"text-editor.default\">\n\t\t\t\t<div class=\"elementor-widget-container\">\n\t\t\t\t\t\t\t\t\t<p>Ez az adatv\u00e9delmi nyilatkozat le\u00edrja, mik\u00e9nt haszn\u00e1ljuk az \u00d6n adatait, amikor a weboldalunkat b\u00f6ng\u00e9szi, vagy amikor egy\u00e9b m\u00f3don kapcsolatba l\u00e9p vel\u00fcnk.<\/p>\n<p>\u00a0<\/p>\n<p><strong>Adatkezel\u0151:<\/strong><\/p>\n<p>Vulcan Automation Kft.<\/p>\n<p>2045 T\u00f6r\u00f6kb\u00e1lint, Kinizsi P\u00e1l utca 29.<\/p>\n<p>C\u00e9gjegyz\u00e9ksz\u00e1m: 13-09-216887<\/p>\n<p>\u00dcgyvezet\u0151: D\u00f6m\u00f6t\u00f6r \u00c1kos, akos.domotor@vulcan-automation.com<\/p>\n<p>\u00a0<\/p>\n<p><strong>Milyen szem\u00e9lyes adatokat gy\u0171jt\u00fcnk?<\/strong><\/p>\n<p><strong>Azonos\u00edt\u00f3 <\/strong>adatok: pl. n\u00e9v, felhaszn\u00e1l\u00f3 n\u00e9v \u00e9s jelsz\u00f3, hivatalos azonos\u00edt\u00f3 \u00e9s igazolv\u00e1ny sz\u00e1mok, sz\u00fclet\u00e9si adatok<\/p>\n<p><strong>Kapcsolat <\/strong>adatok<strong>:<\/strong> Pl. e-mail c\u00edm, telefonsz\u00e1m, postai c\u00edm<\/p>\n<p><strong>P\u00e9nz\u00fcgyi <\/strong>adatok<strong>:<\/strong> Pl. Banksz\u00e1mla adatai<\/p>\n<p><strong>Kommunik\u00e1ci\u00f3s preferenci\u00e1k:<\/strong> Pl. az \u00d6n arra vonatkoz\u00f3 preferenci\u00e1i, hogy szeretne-e marketing anyagokat kapni t\u0151l\u00fcnk vagy harmadik f\u00e9l partnereinkt\u0151l, illetve milyen tartalm\u00fa vagy form\u00e1tum\u00fa anyagokat k\u00edv\u00e1n kapni.<\/p>\n<p><strong>Tranzakci\u00f3s <\/strong>adatok: Pl. inform\u00e1ci\u00f3k az \u00d6n \u00e9s k\u00f6zt\u00fcnk l\u00e9v\u0151 fizet\u00e9sekr\u0151l, az \u00d6n \u00e1ltal v\u00e1s\u00e1rolt vagy az \u00e1ltalunk \u00d6nt\u0151l v\u00e1s\u00e1rolt term\u00e9kekr\u0151l \u00e9s szolg\u00e1ltat\u00e1sokr\u00f3l.<\/p>\n<p><strong>Technikai<\/strong> adatok: Pl. IP c\u00edm, bejelentkez\u00e9si inform\u00e1ci\u00f3k, b\u00f6ng\u00e9sz\u0151 \u00e9s kieg\u00e9sz\u00edt\u0151inek t\u00edpusa \u00e9s verzi\u00f3ja, id\u0151z\u00f3na \u00e9s helyadatok, oper\u00e1ci\u00f3s rendszer, k\u00e9perny\u0151 felbont\u00e1s \u00e9s sz\u00edn valamint egy\u00e9b eszk\u00f6z adatok.<\/p>\n<p><strong>Profil <\/strong>adatok: Pl. nem, c\u00e9gn\u00e9v, poz\u00edci\u00f3, az \u00d6n \u00e1ltal v\u00e1s\u00e1rolt term\u00e9kek \u00e9s szolg\u00e1ltat\u00e1sok list\u00e1ja, inform\u00e1ci\u00f3k, amik \u00e9rdekelt\u00e9k \u00d6nt, az \u00d6n visszajelz\u00e9sei \u00e9s megadott preferenci\u00e1i.<\/p>\n<p><strong>Haszn\u00e1lati <\/strong>adatok: Pl. arr\u00f3l, hogy mik\u00e9nt haszn\u00e1lja a weboldalunkat, term\u00e9keinket \u00e9s szolg\u00e1ltat\u00e1sainkat.<\/p>\n<p><strong>\u00a0<\/strong><\/p>\n<p>\u00a0<\/p>\n<p><strong>Adatfeldolgoz\u00f3ink<\/strong><\/p>\n<p>Adatfeldolgoz\u00f3 az a term\u00e9szetes vagy jogi szem\u00e9ly, k\u00f6zhatalmi szerv, \u00fcgyn\u00f6ks\u00e9g vagy b\u00e1rmely egy\u00e9b szerv, amely az adatkezel\u0151 nev\u00e9ben szem\u00e9lyes adatokat kezel. Mi a k\u00f6vetkez\u0151 adatfeldolg\u00f3z\u00f3k szolg\u00e1ltat\u00e1sait vessz\u00fck ig\u00e9nybe:<\/p>\n<p><strong>Honlap \u00fczemeltet\u00e9se, webes \u0171rlapok, weblap haszn\u00e1lat fejleszt\u00e9se<\/strong><\/p>\n<ul>\n<li>Hostinger International (\u201eHostinger\u201d)<br \/>C\u00edm: 61 Lordou Vironos, Larnaca, CY, 6023, Ciprus<br \/>VAT: 10301365E<br \/>Telefon: +357 22232364<br \/>www.hostinger.com<\/li>\n<\/ul>\n<ul>\n<li>HubSpot Ireland Ltd (\u201eHubSpot\u201d)<br \/>C\u00edm: Ground Floor, Two Dockland Central, Guild Street, Dublin 1, Co. Dublin, \u00cdrorsz\u00e1g<br \/>VAT: IE9849471F<br \/>www.hubspot.com<\/li>\n<\/ul>\n<ul>\n<li>Google Ireland Limited (\u201eGoogle\u201d)<br \/>C\u00edm: Gordon House 4 Barrow Street Dublin, D04 E5W5, \u00cdrorsz\u00e1g<br \/>www.google.com<\/li>\n<\/ul>\n<p><strong>\u00dcgyf\u00e9lkapcsolati rendszer (CRM)<\/strong><\/p>\n<ul>\n<li>HubSpot Ireland Ltd (\u201eHubSpot\u201d)<br \/>C\u00edm: Ground Floor, Two Dockland Central, Guild Street, Dublin 1, Co. Dublin, \u00cdrorsz\u00e1g<br \/>VAT: IE9849471F<br \/>www.hubspot.com<\/li>\n<\/ul>\n<p><strong>T\u00e1rhely, E-mail, Kommunik\u00e1ci\u00f3s felh\u0151szolg\u00e1ltat\u00e1sok<\/strong><\/p>\n<ul>\n<li>Microsoft Ireland Operations Ltd (\u201eMicrosoft\u201d)<br \/>C\u00edm: One Microsoft Place, South County Business Park Leopardstown Dublin 18, D18 P521 \u00cdrorsz\u00e1g<br \/>Ad\u00f3sz\u00e1m: IE8256796U<br \/>www.microsoft.com<\/li>\n<\/ul>\n<p><strong>K\u00f6nyvel\u00e9s \u00e9s b\u00e9rsz\u00e1mfejt\u00e9s<\/strong><\/p>\n<ul>\n<li>M\u00e9sz\u00e1ros-Szab\u00f3 Fruzsina EV. (\u201eM\u00e9sz\u00e1ros-Szab\u00f3\u201d)<br \/>Sz\u00e9khely: 1213 Budapest, Vadgalamb \u00fat 30.<br \/>Nyilv\u00e1ntart\u00e1si sz\u00e1m: 55552758<br \/>Ad\u00f3sz\u00e1m: 56854307-1-43<\/li>\n<li>Billingo Technologies Zrt. (\u201eBillingo)<br \/>C\u00edm: Budapest, \u00c1rb\u00f3c utca 6., 1133, Magyarorsz\u00e1g<br \/>Ad\u00f3sz\u00e1m: 27926309-2-41<\/li>\n<\/ul>\n<p><strong>Hogyan haszn\u00e1ljuk az \u00d6n adatait?<\/strong><\/p>\n<table width=\"623\">\n<tbody>\n<tr>\n<td width=\"189\">\n<p><strong>Mi\u00e9rt \u00e9s hogyan haszn\u00e1ljuk az adatait?<\/strong><\/p>\n<\/td>\n<td width=\"135\">\n<p><strong>Adatok t\u00edpusa<\/strong><\/p>\n<\/td>\n<td width=\"168\">\n<p><strong>Jogi alap<\/strong><\/p>\n<\/td>\n<td width=\"132\">\n<p><strong>Haszn\u00e1lt adatfeldolgoz\u00f3<\/strong><\/p>\n<\/td>\n<\/tr>\n<tr>\n<td width=\"189\">\n<p>Hogy a weboldalunkon relev\u00e1ns inform\u00e1ci\u00f3kat k\u00f6nnyen el\u00e9rhet\u0151 m\u00f3don mutassunk \u00e9s m\u00e9rj\u00fck a webes tev\u00e9kenys\u00e9geink hat\u00e9konys\u00e1g\u00e1t<\/p>\n<\/td>\n<td width=\"135\">\n<p>Azonos\u00edt\u00f3, Haszn\u00e1lati, Technikai, Kommunik\u00e1ci\u00f3s preferenci\u00e1k<\/p>\n<\/td>\n<td width=\"168\">\n<p>GDPR, 6. cikk (1) f) Jogos \u00e9rdek: Hogy fejlessz\u00fck a marketing tev\u00e9kenys\u00e9g\u00fcnket, n\u00f6velj\u00fck az \u00e9rt\u00e9kes\u00edt\u00e9s\u00fcnket, meg\u00e9rts\u00fck, hogy a felhaszn\u00e1l\u00f3ink hogyan haszn\u00e1lj\u00e1k a weboldalunkat.<\/p>\n<\/td>\n<td width=\"132\">\n<p>Hostinger, HubSpot, Google<\/p>\n<\/td>\n<\/tr>\n<tr>\n<td width=\"189\">\n<p>Szerz\u0151d\u00e9seink teljes\u00edt\u00e9s\u00e9hez, a p\u00e9nz\u00fcgyi teljes\u00edt\u00e9sek kezel\u00e9s\u00e9hez, kintlev\u0151s\u00e9geink behajt\u00e1s\u00e1hoz<\/p>\n<\/td>\n<td width=\"135\">\n<p>Azonos\u00edt\u00f3, Kapcsolat, P\u00e9nz\u00fcgyi, Tranzakci\u00f3s adatok<\/p>\n<\/td>\n<td width=\"168\">\n<p>GDPR 6) Cikk (1) b) Szerz\u0151d\u00e9s teljes\u00edt\u00e9se<\/p>\n<p>GDPR 6) Cikk (1) f) Jogos \u00e9rdek\u00fcnk<\/p>\n<\/td>\n<td width=\"132\">\n<p>Microsoft, Billingo<\/p>\n<p>HubSpot<\/p>\n<\/td>\n<\/tr>\n<tr>\n<td width=\"189\">\n<p>Profilk\u00e9sz\u00edt\u00e9s, melynek sor\u00e1n megismerj\u00fck, hogy milyen t\u00e9m\u00e1k \u00e9rdeklik \u00d6nt, milyen d\u00f6nt\u00e9si param\u00e9terek fontosak az \u00d6n sz\u00e1m\u00e1ra, hogy \u00edgy a lehet\u0151 legrelev\u00e1nsabb inform\u00e1ci\u00f3kat tudjuk ny\u00fajtani \u00d6nnek.<\/p>\n<p>Nem v\u00e9gz\u00fcnk olyan profilalkot\u00e1st, ami emelt kock\u00e1zatot jelent az \u00d6n sz\u00e1m\u00e1ra. Nem alkalmazunk automatiz\u00e1lt d\u00f6nt\u00e9shozatalt arra, hogy szisztematikusan \u00e9s r\u00e9szletesen elk\u00e9sz\u00edts\u00fck az \u00d6n szem\u00e9lyes profilj\u00e1t.<\/p>\n<\/td>\n<td width=\"135\">\n<p>Azonos\u00edt\u00f3,<\/p>\n<p>Kapcsolat,<\/p>\n<p>Tranzakci\u00f3s,<\/p>\n<p>Profil,<\/p>\n<p>Haszn\u00e1lati adatok,<\/p>\n<p>Kommunik\u00e1ci\u00f3s preferenci\u00e1k<\/p>\n<\/td>\n<td width=\"168\">\n<p>GDPR 6. Cikk (1) f) Jogos \u00e9rdek\u00fcnk, hogy defini\u00e1ljuk a c\u00e9lpiacunkat, hogy relev\u00e1ns inform\u00e1ci\u00f3kat ny\u00fajtsunk, hogy az \u00d6n sz\u00e1m\u00e1ra legjobb megold\u00e1st tudjuk javasolni.<\/p>\n<p>GDPR 6. Cikk (1) a) az \u00d6n beleegyez\u00e9se a weboldalunkon a s\u00fctik haszn\u00e1lat\u00e1ba<\/p>\n<\/td>\n<td width=\"132\">\n<p>HubSpot<\/p>\n<p>Microsoft<\/p>\n<\/td>\n<\/tr>\n<tr>\n<td width=\"189\">\n<p>Hogy \u00e1ltal\u00e1nos inform\u00e1ci\u00f3kat osszunk meg \u00d6n\u00f6kkel programjainkr\u00f3l, aj\u00e1nlatainkr\u00f3l pl. e-mail h\u00edrlev\u00e9lben vagy egy\u00e9b postai vagy elektronikus eszk\u00f6z\u00f6n kereszt\u00fcl.<\/p>\n<\/td>\n<td width=\"135\">\n<p>Azonos\u00edt\u00f3,<\/p>\n<p>Kapcsolat,<\/p>\n<p>Tranzakci\u00f3s,<\/p>\n<p>Profil,<\/p>\n<p>Kommunik\u00e1ci\u00f3s preferenci\u00e1k<\/p>\n<\/td>\n<td width=\"168\">\n<p>GDPR 6. cikk (1) a) az \u00d6n hozz\u00e1j\u00e1rul\u00e1sa<\/p>\n<\/td>\n<td width=\"132\">\n<p>HubSpot, Microsoft<\/p>\n<\/td>\n<\/tr>\n<tr>\n<td width=\"189\">\n<p>Hogy a weboldalunkon kereszt\u00fcl emelt szint\u0171, testreszabott szolg\u00e1ltat\u00e1sokat ny\u00fajthassunk (pl. live chat)<\/p>\n<\/td>\n<td width=\"135\">\n<p>Azonos\u00edt\u00f3,<\/p>\n<p>Kapcsolat,<\/p>\n<p>Kommunik\u00e1ci\u00f3s preferenci\u00e1k,<\/p>\n<p>Technikai<\/p>\n<p>Haszn\u00e1lati<\/p>\n<\/td>\n<td width=\"168\">\n<p>GDPR 6. cikk (1) a) az \u00d6n hozz\u00e1j\u00e1rul\u00e1sa a s\u00fctik elfogad\u00e1s\u00e1val<\/p>\n<\/td>\n<td width=\"132\">\n<p>HubSpot, Hostinger<\/p>\n<\/td>\n<\/tr>\n<tr>\n<td width=\"189\">\n<p>Munkaszerz\u0151d\u00e9s l\u00e9tes\u00edt\u00e9sekor szem\u00e9lyes inform\u00e1ci\u00f3kat gy\u0171jt\u00fcnk, amiket a ki nem v\u00e1lasztott jel\u00f6ltek eset\u00e9n t\u00f6rl\u00fcnk.<\/p>\n<\/td>\n<td width=\"135\">\n<p>Azonos\u00edt\u00f3,<\/p>\n<p>Kapcsolat,<\/p>\n<p>P\u00e9nz\u00fcgyi,<\/p>\n<p>Profil<\/p>\n<\/td>\n<td width=\"168\">\n<p>GDPR 6. cikk (1) a) az \u00d6n hozz\u00e1j\u00e1rul\u00e1sa az\u00e1ltal, hogy ezeket az inform\u00e1ci\u00f3kat a rendelkez\u00e9s\u00fcnkre bocs\u00e1tja.<\/p>\n<\/td>\n<td width=\"132\">\n<p>Microsoft, M\u00e9sz\u00e1ros-Szab\u00f3<\/p>\n<\/td>\n<\/tr>\n<tr>\n<td width=\"189\">\n<p>Munkaszerz\u0151d\u00e9s fenntart\u00e1s\u00e1hoz, a b\u00e9rsz\u00e1mfejt\u00e9shez sz\u00fcks\u00e9ges, a hivatalok \u00e1ltal megk\u00f6vetelt inform\u00e1ci\u00f3k (Pl. TAJ, csal\u00e1di \u00e1llapot, j\u00f6vedelmi adatok, stb.)<\/p>\n<p>A munkav\u00e1llal\u00f3k \u00e1ltal haszn\u00e1lt eszk\u00f6z\u00f6k\u00f6n, el\u0151fizet\u00e9seken keletkez\u0151 adatok (pl. munkahelyi e-mail, telefon)<\/p>\n<\/td>\n<td width=\"135\">\n<p>Azonos\u00edt\u00f3,<\/p>\n<p>Kapcsolat,<\/p>\n<p>P\u00e9nz\u00fcgyi,<br \/>Profil,<\/p>\n<p>A kommunik\u00e1ci\u00f3 tartalma<\/p>\n<\/td>\n<td width=\"168\">\n<p>GDPR 6. cikk (1) b) szerz\u0151d\u00e9s teljes\u00edt\u00e9s\u00e9hez sz\u00fcks\u00e9ges<\/p>\n<p>GDPR 6. cikk (1) c) jogi k\u00f6telezetts\u00e9g\u00fcnk teljes\u00edt\u00e9s\u00e9hez sz\u00fcks\u00e9ges<\/p>\n<p>GDPR 6. cikk (1) f) jogos \u00e9rdekeink alapj\u00e1n (\u00fcgymenet jogszer\u0171s\u00e9g\u00e9nek \u00e9s szakszer\u0171s\u00e9g\u00e9nek biztos\u00edt\u00e1sa)<\/p>\n<\/td>\n<td width=\"132\">\n<p>Microsoft, M\u00e9sz\u00e1ros-Szab\u00f3<\/p>\n<\/td>\n<\/tr>\n<\/tbody>\n<\/table>\n<p><strong>\u00a0<\/strong><\/p>\n<p><strong>Hogyan t\u00e1roljuk az \u00d6n adatait?<\/strong><\/p>\n<p>Az \u00d6n adatait biztons\u00e1gos, harmadik f\u00e9l \u00e1ltal szolg\u00e1ltatott felh\u0151 alap\u00fa rendszerekben t\u00e1roljuk.<\/p>\n<p><strong>\u00a0<\/strong><\/p>\n<p><strong>Mennyi ideig \u0151rizz\u00fck meg az adatokat?<\/strong><\/p>\n<p>Az \u00e1ltalunk gy\u0171jt\u00f6tt adatokat a felhaszn\u00e1l\u00e1s idej\u00e9ig, de legk\u00e9s\u0151bb a t\u00f6rv\u00e9nyileg el\u0151\u00edrt ideig \u0151rizz\u00fck meg. Bizonyos, a munkav\u00e1llal\u00e1ssal kapcsolatos adatokat t\u00f6rv\u00e9nyi k\u00f6telezetts\u00e9geink miatt az \u00e1tlagosn\u00e1l hosszabb, ak\u00e1r korl\u00e1tlan ideig is meg\u0151r\u00edzhet\u00fcnk.<\/p>\n<p>\u00a0<\/p>\n<p><strong>Hogyan gy\u0171jt\u00fcnk adatokat?<\/strong><\/p>\n<p>Szem\u00e9lyes, els\u0151sorban kapcsolattart\u00e1shoz sz\u00fcks\u00e9ges adatokat a k\u00f6vetkez\u0151 forr\u00e1sokb\u00f3l gy\u0171jt\u00fcnk:<\/p>\n<ul>\n<li>\u00d6nt\u0151l k\u00f6zvetlen\u00fcl (pl. telefonon, e-mailben, webes \u0171rlapon)<\/li>\n<li>Haszn\u00e1lati \u00e9s technikai adatokat a weboldalunkon haszn\u00e1lt s\u00fctik \u00e9s egy\u00e9b hasonl\u00f3 technol\u00f3gi\u00e1k seg\u00edts\u00e9g\u00e9vel<\/li>\n<li>Haszn\u00e1lati adatokat az \u00e1ltalunk k\u00fcld\u00f6tt e-mailekben (tipikusan h\u00edrlevelekben) l\u00e9v\u0151 k\u00fcls\u0151 k\u00e9peken, egyedi hivatkoz\u00e1sokon kereszt\u00fcl<\/li>\n<li>Partnereink megoszthatnak vel\u00fcnk kapcsolati adatokat, ha \u00fagy l\u00e1tj\u00e1k, hogy az \u00d6n ig\u00e9nyeit vel\u00fcnk egy\u00fctt tudj\u00e1k a legjobban kiel\u00e9g\u00edteni.<\/li>\n<\/ul>\n<p><strong>Adatok tov\u00e1bb\u00edt\u00e1sa harmadik f\u00e9lnek<\/strong><\/p>\n<p>Az \u00d6n kifejezett hozz\u00e1j\u00e1rul\u00e1s\u00e1val tov\u00e1bb\u00edthatjuk adatait \u00fczleti partnereinknek. T\u00f6rv\u00e9nyi k\u00f6telezetts\u00e9geink alapj\u00e1n megoszthatunk bizonyos adatokat \u00e1llami szervekkel, hivatalokkal.<\/p>\n<p>\u00a0<\/p>\n<p><strong>Melyek az \u00d6n adatv\u00e9delmi jogai?<\/strong><\/p>\n<p><strong>Hozz\u00e1j\u00e1rul\u00e1s visszavon\u00e1sa<\/strong><\/p>\n<p>B\u00e1rmikor joga van a kor\u00e1bban adott hozz\u00e1j\u00e1rul\u00e1s\u00e1t visszavonni.<\/p>\n<p><strong>A hozz\u00e1f\u00e9r\u00e9shez \u00e9s az adathordozhat\u00f3s\u00e1ghoz val\u00f3 jog<\/strong><\/p>\n<p>\u00d6nnek joga van k\u00e9rni, hogy az \u00d6nr\u0151l gy\u0171jt\u00f6tt adatokr\u00f3l g\u00e9ppel olvashat\u00f3 m\u00e1solatot k\u00fcldj\u00fcnk \u00d6nnek.<\/p>\n<p><strong>A helyesb\u00edt\u00e9shez val\u00f3 jog<\/strong><\/p>\n<p>Joga van k\u00e9rni, hogy az \u00d6nr\u0151l t\u00e1rolt inform\u00e1ci\u00f3kat helyesb\u00edts\u00fck.<\/p>\n<p><strong>A t\u00f6rl\u00e9shez val\u00f3 jog<\/strong><\/p>\n<p>Ha az adatkezel\u00e9s jogalapja m\u00e1r nem \u00e1ll fenn, joga van k\u00e9rni, hogy az \u00d6nr\u0151l t\u00e1rolt inform\u00e1ci\u00f3kat t\u00f6r\u00f6lj\u00fck.<\/p>\n<p><strong>Az adatkezel\u00e9s korl\u00e1toz\u00e1s\u00e1hoz val\u00f3 jog<\/strong><\/p>\n<p>Bizonyos felt\u00e9telek teljes\u00fcl\u00e9se eset\u00e9n joga van korl\u00e1tozni, hogy mik\u00e9nt haszn\u00e1ljuk fel az \u00d6nr\u0151l gy\u0171jt\u00f6tt adatokat.<\/p>\n<p><strong>A tiltakoz\u00e1shoz val\u00f3 jog<\/strong><\/p>\n<p>\u00d6nnek joga van tiltakozni az adatkezel\u00e9s ellen, akkor is, ha az adatkezel\u00e9s jogi alapja nem az \u00d6n szem\u00e9lyes beleegyez\u00e9se. Ebben az esetben csak akkor kezelhetj\u00fck tov\u00e1bb az adatait, ha bizony\u00edtani tudjuk, hogy az adatkezel\u00e9st olyan k\u00e9nyszer\u00edt\u0151 erej\u0171 jogos okok indokolj\u00e1k, amelyek els\u0151bbs\u00e9get \u00e9lveznek az \u00d6n \u00e9rdekeivel, jogaival \u00e9s szabads\u00e1gaival szemben, vagy amelyek jogi ig\u00e9nyek el\u0151terjeszt\u00e9s\u00e9hez, \u00e9rv\u00e9nyes\u00edt\u00e9s\u00e9hez vagy v\u00e9delm\u00e9hez kapcsol\u00f3dnak.<\/p>\n<p><strong>Panaszt\u00e9telhez \u00e9s jogorvoslathoz val\u00f3 jog<\/strong><\/p>\n<p>\u00d6n jogosult panaszt tenni a fel\u00fcgyeleti hat\u00f3s\u00e1gn\u00e1l, ha a meg\u00edt\u00e9l\u00e9se szerint a r\u00e1 vonatkoz\u00f3 szem\u00e9lyes adatok kezel\u00e9se t\u00f6rv\u00e9nys\u00e9rt\u0151. E jog\u00e1t az \u00e9rintett az al\u00e1bbi el\u00e9rhet\u0151s\u00e9geken gyakorolhatja:<\/p>\n<p>Nemzeti Adatv\u00e9delmi \u00e9s Inform\u00e1ci\u00f3szabads\u00e1g Hat\u00f3s\u00e1g c\u00edm: 1125 Budapest, Szil\u00e1gyi Erzs\u00e9bet fasor 22\/c Telefon: +36 (1) 391-1400; Fax: +36 (1) 391-1410 www: http:\/\/www.naih.hu e-mail: ugyfelszolgalat@naih.hu<\/p>\n<p>\u00a0<\/p>\n<p><strong>Mik azok a s\u00fctik? Hogyan haszn\u00e1ljuk \u0151ket?<\/strong><\/p>\n<p>A s\u00fctik (angolul cookie-k) kism\u00e9ret\u0171 sz\u00f6vegf\u00e1jlok, amiket a b\u00f6ng\u00e9sz\u0151je az \u00d6n sz\u00e1m\u00edt\u00f3g\u00e9p\u00e9n t\u00e1rol. Ezek lehet\u0151v\u00e9 teszik, hogy a weboldalunk eml\u00e9kezzen az \u00d6n b\u00f6ng\u00e9sz\u00e9si el\u0151zm\u00e9nyeire, v\u00e1lasztott preferenci\u00e1ira. S\u00fctik sz\u00fcks\u00e9gesek ahhoz, hogy testre szabjuk hirdet\u00e9seinket, hogy chat-en kereszt\u00fcl is zavartalanul tudjunk kommunik\u00e1lni, vagy hogy elemezni tudjuk, hogy felhaszn\u00e1l\u00f3ink mik\u00e9nt haszn\u00e1lj\u00e1k az oldalunkat.<\/p>\n<p><strong>Milyen t\u00edpus\u00fa s\u00fctiket haszn\u00e1lunk?<\/strong><\/p>\n<p><strong>Sz\u00fcks\u00e9ges<\/strong><\/p>\n<p>Ezek a s\u00fctik sz\u00fcks\u00e9gesek a honlap m\u0171k\u00f6d\u00e9s\u00e9hez, \u00e9s nem kapcsolhat\u00f3k ki a rendszereinkben. \u00c1ltal\u00e1ban csak arra haszn\u00e1ljuk \u0151ket, hogy reag\u00e1ljunk az \u00d6n \u00e1ltal v\u00e9gzett olyan m\u0171veletekre, amelyekkel szolg\u00e1ltat\u00e1sokat k\u00e9relmez. Ilyen p\u00e9ld\u00e1ul az adatv\u00e9delmi be\u00e1ll\u00edt\u00e1sok megad\u00e1sa, a bejelentkez\u00e9s \u00e9s az \u0171rlapok kit\u00f6lt\u00e9se. <a href=\"https:\/\/knowledge.hubspot.com\/reports\/what-cookies-does-hubspot-set-in-a-visitor-s-browser#necessary-cookies\" target=\"_blank\" rel=\"noopener\">Tudjon meg t\u00f6bbet a sz\u00fcks\u00e9ges s\u00fctikr\u0151l.<\/a><\/p>\n<p><strong>Elemz\u00e9sek<\/strong><\/p>\n<p>Ezek a s\u00fctik seg\u00edtenek nek\u00fcnk meg\u00e9rteni, hogyan haszn\u00e1lj\u00e1k a l\u00e1togat\u00f3k a honlapot. Haszn\u00e1lhatunk s\u00fctiket adatok gy\u0171jt\u00e9s\u00e9re \u00e9s a honlap-l\u00e1togatotts\u00e1gra vonatkoz\u00f3 statisztik\u00e1k jelent\u00e9s\u00e9re. A honlap-l\u00e1togatotts\u00e1gra vonatkoz\u00f3 statisztik\u00e1k jelent\u00e9s\u00e9n k\u00edv\u00fcl a begy\u0171jt\u00f6tt adatokat a le\u00edrt hirdet\u00e9si s\u00fctikkel egy\u00fctt arra is haszn\u00e1lhatjuk, hogy az interneten relev\u00e1nsabb hirdet\u00e9seket mutassunk \u00d6nnek, \u00e9s hogy m\u00e9rj\u00fck az \u00e1ltalunk mutatott hirdet\u00e9sekkel val\u00f3 interakci\u00f3kat. <a href=\"https:\/\/knowledge.hubspot.com\/reports\/what-cookies-does-hubspot-set-in-a-visitor-s-browser#analytics-cookies\" target=\"_blank\" rel=\"noopener\">Tudjon meg t\u00f6bbet a statisztikai s\u00fctikr\u0151l.<\/a><\/p>\n<p><strong>Hirdet\u00e9s<\/strong><\/p>\n<p>S\u00fctiket haszn\u00e1lunk, hogy az oldal l\u00e1togat\u00f3i sz\u00e1m\u00e1ra figyelemfelkelt\u0151bb\u00e9 \u00e9s \u00e9rt\u00e9kesebb\u00e9 tegy\u00fck a hirdet\u00e9seinket. A s\u00fctiket gyakran a k\u00f6vetkez\u0151 c\u00e9lokra haszn\u00e1ljuk: a felhaszn\u00e1l\u00f3 sz\u00e1m\u00e1ra legink\u00e1bb relev\u00e1ns hirdet\u00e9s kiv\u00e1laszt\u00e1s\u00e1ra; egy hirdet\u00e9si kamp\u00e1ny teljes\u00edtm\u00e9ny\u00e9nek pontosabb jelent\u00e9s\u00e9re; valamint annak elker\u00fcl\u00e9s\u00e9re, hogy olyan hirdet\u00e9seket mutassunk a felhaszn\u00e1l\u00f3nak, amelyeket m\u00e1r l\u00e1tott. <a href=\"https:\/\/knowledge.hubspot.com\/reports\/what-cookies-does-hubspot-set-in-a-visitor-s-browser#advertisement-cookies\" target=\"_blank\" rel=\"noopener\">Tudjon meg t\u00f6bbet a hirdet\u00e9si s\u00fctikr\u0151l<\/a>.<\/p>\n<p><strong>Chat<\/strong><\/p>\n<p>Ezeket a s\u00fctiket arra haszn\u00e1ljuk, hogy megjegyezz\u00fck a cseveg\u00e9si el\u0151zm\u00e9nyeit. Ez sz\u00fcks\u00e9ges a live chat megfelel\u0151 m\u0171k\u00f6d\u00e9s\u00e9hez. <a href=\"https:\/\/knowledge.hubspot.com\/reports\/what-cookies-does-hubspot-set-in-a-visitor-s-browser#functionality-cookies\" target=\"_blank\" rel=\"noopener\">Tudjon meg t\u00f6bbet a funkcionalit\u00e1st lehet\u0151v\u00e9 t\u00e9v\u0151 s\u00fctikr\u0151l.<\/a><\/p>\n<p>\u00a0<\/p>\n<p><strong>V\u00e1ltoz\u00e1sok az adatv\u00e9delmi nyilatkozatban<\/strong><\/p>\n<p>Jelen adatv\u00e9delmi nyilatkozat 2022.03.17-n k\u00e9sz\u00fclt. A jelent\u0151s v\u00e1ltoz\u00e1sokr\u00f3l \u00fcgyfeleinket t\u00e1j\u00e9koztatni fogjuk. Kisebb hibajav\u00edt\u00e1sok eset\u00e9n az \u00faj v\u00e1ltozat ezen az oldalon lesz el\u00e9rhet\u0151<\/p>\n<p>\u00a0<\/p>\n<p><strong>Kapcsolat<\/strong><\/p>\n<p>Ha k\u00e9rd\u00e9se van, vagy b\u00e1rmely fenti jog\u00e1val \u00e9lni k\u00edv\u00e1n, k\u00e9rj\u00fck keresse \u00fcgyvezet\u0151nket, D\u00f6m\u00f6t\u00f6r \u00c1kost az <a href=\"mailto:akos.domotor@vulcan-automation.com\">akos.domotor@vulcan-automation.com<\/a> e-mail c\u00edmen.<\/p>\n<p>\u00a0<\/p>\t\t\t\t\t\t\t\t<\/div>\n\t\t\t\t<\/div>\n\t\t\t\t\t<\/div>\n\t\t\t\t<\/div>\n\t\t\t\t<\/div>\n\t\t","protected":false},"excerpt":{"rendered":"<p>Ez az adatv\u00e9delmi nyilatkozat le\u00edrja, mik\u00e9nt haszn\u00e1ljuk az \u00d6n adatait, amikor a weboldalunkat b\u00f6ng\u00e9szi, vagy amikor egy\u00e9b m\u00f3don kapcsolatba l\u00e9p vel\u00fcnk. \u00a0 Adatkezel\u0151: Vulcan Automation Kft. 2045 T\u00f6r\u00f6kb\u00e1lint, Kinizsi P\u00e1l utca 29. C\u00e9gjegyz\u00e9ksz\u00e1m: 13-09-216887 \u00dcgyvezet\u0151: D\u00f6m\u00f6t\u00f6r \u00c1kos, akos.domotor@vulcan-automation.com \u00a0 Milyen szem\u00e9lyes adatokat gy\u0171jt\u00fcnk? Azonos\u00edt\u00f3 adatok: pl. n\u00e9v, felhaszn\u00e1l\u00f3 n\u00e9v \u00e9s jelsz\u00f3, hivatalos azonos\u00edt\u00f3 \u00e9s igazolv\u00e1ny [&hellip;]<\/p>\n","protected":false},"author":1,"featured_media":0,"parent":0,"menu_order":0,"comment_status":"closed","ping_status":"open","template":"","meta":{"content-type":"","site-sidebar-layout":"default","site-content-layout":"","ast-site-content-layout":"default","site-content-style":"default","site-sidebar-style":"default","ast-global-header-display":"","ast-banner-title-visibility":"","ast-main-header-display":"","ast-hfb-above-header-display":"","ast-hfb-below-header-display":"","ast-hfb-mobile-header-display":"","site-post-title":"","ast-breadcrumbs-content":"","ast-featured-img":"","footer-sml-layout":"","ast-disable-related-posts":"","theme-transparent-header-meta":"","adv-header-id-meta":"","stick-header-meta":"","header-above-stick-meta":"","header-main-stick-meta":"","header-below-stick-meta":"","astra-migrate-meta-layouts":"set","ast-page-background-enabled":"default","ast-page-background-meta":{"desktop":{"background-color":"var(--ast-global-color-4)","background-image":"","background-repeat":"repeat","background-position":"center center","background-size":"auto","background-attachment":"scroll","background-type":"","background-media":"","overlay-type":"","overlay-color":"","overlay-opacity":"","overlay-gradient":""},"tablet":{"background-color":"","background-image":"","background-repeat":"repeat","background-position":"center center","background-size":"auto","background-attachment":"scroll","background-type":"","background-media":"","overlay-type":"","overlay-color":"","overlay-opacity":"","overlay-gradient":""},"mobile":{"background-color":"","background-image":"","background-repeat":"repeat","background-position":"center center","background-size":"auto","background-attachment":"scroll","background-type":"","background-media":"","overlay-type":"","overlay-color":"","overlay-opacity":"","overlay-gradient":""}},"ast-content-background-meta":{"desktop":{"background-color":"var(--ast-global-color-5)","background-image":"","background-repeat":"repeat","background-position":"center center","background-size":"auto","background-attachment":"scroll","background-type":"","background-media":"","overlay-type":"","overlay-color":"","overlay-opacity":"","overlay-gradient":""},"tablet":{"background-color":"var(--ast-global-color-5)","background-image":"","background-repeat":"repeat","background-position":"center center","background-size":"auto","background-attachment":"scroll","background-type":"","background-media":"","overlay-type":"","overlay-color":"","overlay-opacity":"","overlay-gradient":""},"mobile":{"background-color":"var(--ast-global-color-5)","background-image":"","background-repeat":"repeat","background-position":"center center","background-size":"auto","background-attachment":"scroll","background-type":"","background-media":"","overlay-type":"","overlay-color":"","overlay-opacity":"","overlay-gradient":""}},"footnotes":""},"class_list":["post-3","page","type-page","status-publish","hentry"],"_links":{"self":[{"href":"https:\/\/vulcan-automation.com\/hu\/wp-json\/wp\/v2\/pages\/3","targetHints":{"allow":["GET"]}}],"collection":[{"href":"https:\/\/vulcan-automation.com\/hu\/wp-json\/wp\/v2\/pages"}],"about":[{"href":"https:\/\/vulcan-automation.com\/hu\/wp-json\/wp\/v2\/types\/page"}],"author":[{"embeddable":true,"href":"https:\/\/vulcan-automation.com\/hu\/wp-json\/wp\/v2\/users\/1"}],"replies":[{"embeddable":true,"href":"https:\/\/vulcan-automation.com\/hu\/wp-json\/wp\/v2\/comments?post=3"}],"version-history":[{"count":7,"href":"https:\/\/vulcan-automation.com\/hu\/wp-json\/wp\/v2\/pages\/3\/revisions"}],"predecessor-version":[{"id":4992,"href":"https:\/\/vulcan-automation.com\/hu\/wp-json\/wp\/v2\/pages\/3\/revisions\/4992"}],"wp:attachment":[{"href":"https:\/\/vulcan-automation.com\/hu\/wp-json\/wp\/v2\/media?parent=3"}],"curies":[{"name":"wp","href":"https:\/\/api.w.org\/{rel}","templated":true}]}}