{"id":4954,"date":"2025-07-02T12:52:34","date_gmt":"2025-07-02T10:52:34","guid":{"rendered":"https:\/\/vulcan-automation.com\/politique-de-confidentialite\/"},"modified":"2026-02-10T14:11:44","modified_gmt":"2026-02-10T13:11:44","slug":"politique-de-confidentialite","status":"publish","type":"page","link":"https:\/\/vulcan-automation.com\/fr\/politique-de-confidentialite\/","title":{"rendered":"Politique de confidentialit\u00e9"},"content":{"rendered":"\t\t<div data-elementor-type=\"wp-page\" data-elementor-id=\"4954\" class=\"elementor elementor-4954 elementor-3\" data-elementor-post-type=\"page\">\n\t\t\t\t<div class=\"elementor-element elementor-element-28a48b58 e-flex e-con-boxed e-con e-parent\" data-id=\"28a48b58\" data-element_type=\"container\" data-e-type=\"container\">\n\t\t\t\t\t<div class=\"e-con-inner\">\n\t\t\t\t<div class=\"elementor-element elementor-element-e71cfc6 elementor-widget elementor-widget-text-editor\" data-id=\"e71cfc6\" data-element_type=\"widget\" data-e-type=\"widget\" data-widget_type=\"text-editor.default\">\n\t\t\t\t<div class=\"elementor-widget-container\">\n\t\t\t\t\t\t\t\t\t<p>La pr\u00e9sente d\u00e9claration de confidentialit\u00e9 d\u00e9crit la mani\u00e8re dont nous utilisons vos informations lorsque vous naviguez sur notre site web ou que vous interagissez avec nous d&rsquo;une autre mani\u00e8re.<\/p>\n<p> <\/p>\n<p><strong>Contr\u00f4leur de donn\u00e9es :<\/strong><\/p>\n<p>Vulcan Automation Ltd.<\/p>\n<p>2045 T\u00f6r\u00f6kb\u00e1lint, Kinizsi P\u00e1l utca 29.<\/p>\n<p>Num\u00e9ro d&rsquo;enregistrement de la soci\u00e9t\u00e9 : 13-09-216887<\/p>\n<p>Directeur g\u00e9n\u00e9ral : \u00c1kos D\u00f6m\u00f6t\u00f6r, akos.domotor@vulcan-automation.com<\/p>\n<p> <\/p>\n<p><strong>Quelles sont les donn\u00e9es personnelles que nous collectons ?<\/strong><\/p>\n<p>Informations d&rsquo;<strong>identification <\/strong>: par exemple, nom, nom d&rsquo;utilisateur et mot de passe, num\u00e9ros d&rsquo;identification officielle et de carte d&rsquo;identit\u00e9, donn\u00e9es de naissance.<\/p>\n<p><strong>Coordonn\u00e9es <\/strong><strong>:<\/strong> par exemple, adresse \u00e9lectronique, num\u00e9ro de t\u00e9l\u00e9phone, adresse postale.<\/p>\n<p>Donn\u00e9es <strong>financi\u00e8res <\/strong><strong>:<\/strong> par exemple, coordonn\u00e9es bancaires <\/p>\n<p><strong>Pr\u00e9f\u00e9rences en mati\u00e8re de communication<\/strong>: par exemple, vos pr\u00e9f\u00e9rences quant \u00e0 la r\u00e9ception de mat\u00e9riel de marketing de notre part ou de celle de nos partenaires tiers, ainsi que le contenu ou le format du mat\u00e9riel que vous souhaitez recevoir.<\/p>\n<p>Donn\u00e9es de <strong>transaction <\/strong>: par exemple, informations sur les paiements entre vous et nous, produits et services que vous avez achet\u00e9s ou que nous avons achet\u00e9s aupr\u00e8s de vous.<\/p>\n<p>Donn\u00e9es <strong>techniques<\/strong>: par exemple, adresse IP, informations de connexion, type et version du navigateur et des modules compl\u00e9mentaires du navigateur, fuseau horaire et donn\u00e9es de localisation, syst\u00e8me d&rsquo;exploitation, r\u00e9solution et couleur de l&rsquo;\u00e9cran, et autres donn\u00e9es relatives \u00e0 l&rsquo;appareil. <\/p>\n<p>Informations sur <strong>le profil <\/strong>: par exemple, le sexe, le nom de l&rsquo;entreprise, le poste occup\u00e9, la liste des produits et services que vous avez achet\u00e9s, les informations qui vous ont int\u00e9ress\u00e9, votre retour d&rsquo;information et vos pr\u00e9f\u00e9rences.<\/p>\n<p>Donn\u00e9es d&rsquo;<strong>utilisation <\/strong>: par exemple, sur la fa\u00e7on dont vous utilisez notre site web, nos produits et nos services.<\/p>\n<p><strong> <\/strong><\/p>\n<p> <\/p>\n<p><strong>Nos responsables du traitement des donn\u00e9es<\/strong><\/p>\n<p>Un sous-traitant de donn\u00e9es est une personne physique ou morale, une autorit\u00e9 publique, une agence ou tout autre organisme qui traite des donn\u00e9es \u00e0 caract\u00e8re personnel pour le compte du responsable du traitement. Nous utilisons les services des sous-traitants suivants : <\/p>\n<p><strong>Fonctionnement du site web, formulaires web, d\u00e9veloppement de l&rsquo;utilisation du site web<\/strong><\/p>\n<ul>\n<li>Hostinger International (\u00ab\u00a0Hostinger\u00a0\u00bb)<br>Adresse : 61 Lordou Vironos, Larnaca, CY, 6023, Chypre<br>TVA : 10301365E<br>T\u00e9l\u00e9phone : +357 22232364<br>www.hostinger.com<\/li>\n<\/ul>\n<ul>\n<li>HubSpot Ireland Ltd (\u00ab\u00a0HubSpot\u00a0\u00bb)<br>Adresse : Ground Floor, Two Dockland Central, Guild Street, Dublin 1, Co. Dublin, Ireland<br>TVA : IE9849471F<br>www.hubspot.com <\/li>\n<\/ul>\n<ul>\n<li>Google Ireland Limited (\u00ab\u00a0Google\u00a0\u00bb)<br>Adresse : Gordon House 4 Barrow Street Dublin, D04 E5W5, Ireland<br>www.google.com<\/li>\n<\/ul>\n<p><strong>Gestion de la relation client (CRM)<\/strong><\/p>\n<ul>\n<li>HubSpot Ireland Ltd (\u00ab\u00a0HubSpot\u00a0\u00bb)<br>Adresse : Ground Floor, Two Dockland Central, Guild Street, Dublin 1, Co. Dublin, Ireland<br>TVA : IE9849471F<br>www.hubspot.com <\/li>\n<\/ul>\n<p><strong>H\u00e9bergement, courrier \u00e9lectronique, services de communication en nuage<\/strong><\/p>\n<ul>\n<li>Microsoft Ireland Operations Ltd (\u00ab\u00a0Microsoft\u00a0\u00bb)<br>Adresse : One Microsoft Place, South County Business Park Leopardstown Dublin 18, D18 P521 Irlande<br>Num\u00e9ro d&rsquo;identification fiscale : IE8256796U<br>www.microsoft.com<\/li>\n<\/ul>\n<p><strong>Comptabilit\u00e9 et paie<\/strong><\/p>\n<ul>\n<li>M\u00e9sz\u00e1ros-Szab\u00f3 Fruzsina EV. (\u00ab\u00a0M\u00e9sz\u00e1ros-Szab\u00f3\u00a0\u00bb)<br>Si\u00e8ge social : 1213 Budapest, Vadgalamb \u00fat 30.<br>Num\u00e9ro d&rsquo;enregistrement : 55552758<br>Num\u00e9ro de TVA : 56854307-1-43 <\/li>\n<li>Billingo Technologies Zrt. (\u00ab\u00a0Billingo\u00a0\u00bb)<br>Adresse : Budapest, \u00c1rb\u00f3c utca 6, 1133, Hongrie<br>Num\u00e9ro d&rsquo;identification fiscale : 27926309-2-41 <\/li>\n<\/ul>\n<p><strong>Comment utilisons-nous vos donn\u00e9es ?<\/strong><\/p>\n<table width=\"623\">\n<tbody>\n<tr>\n<td width=\"189\">\n<p><strong>Pourquoi et comment utilisons-nous vos donn\u00e9es ?<\/strong><\/p>\n<\/td>\n<td width=\"135\">\n<p><strong>Type de donn\u00e9es<\/strong><\/p>\n<\/td>\n<td width=\"168\">\n<p><strong>Base juridique<\/strong><\/p>\n<\/td>\n<td width=\"132\">\n<p><strong>Processeur de donn\u00e9es utilis\u00e9<\/strong><\/p>\n<\/td>\n<\/tr>\n<tr>\n<td width=\"189\">\n<p>afficher des informations pertinentes sur notre site web de mani\u00e8re facilement accessible et mesurer l&rsquo;efficacit\u00e9 de nos activit\u00e9s sur le web<\/p>\n<\/td>\n<td width=\"135\">\n<p>Identification, Utilisation, Technique, Pr\u00e9f\u00e9rences de communication<\/p>\n<\/td>\n<td width=\"168\">\n<p>GDPR, Article 6 (1) f) Int\u00e9r\u00eat l\u00e9gitime : am\u00e9liorer nos activit\u00e9s de marketing, augmenter nos ventes, comprendre comment nos utilisateurs utilisent notre site web. <\/p>\n<\/td>\n<td width=\"132\">\n<p>Hostinger, HubSpot, Google<\/p>\n<\/td>\n<\/tr>\n<tr>\n<td width=\"189\">\n<p>Pour l&rsquo;ex\u00e9cution de nos contrats, pour la gestion de nos r\u00e8glements financiers, pour le recouvrement de nos cr\u00e9ances<\/p>\n<\/td>\n<td width=\"135\">\n<p>Donn\u00e9es d&rsquo;identification, de contact, financi\u00e8res, de transaction<\/p>\n<\/td>\n<td width=\"168\">\n<p>GDPR Article 6 (1) b) Ex\u00e9cution du contrat<\/p>\n<p>GDPR Article 6 (1) f) Notre int\u00e9r\u00eat l\u00e9gitime<\/p>\n<\/td>\n<td width=\"132\">\n<p>Microsoft, Billingo<\/p>\n<p>HubSpot<\/p>\n<\/td>\n<\/tr>\n<tr>\n<td width=\"189\">\n<p>Profilage pour d\u00e9terminer les sujets qui vous int\u00e9ressent et les param\u00e8tres de d\u00e9cision qui sont importants pour vous, afin que nous puissions vous fournir les informations les plus pertinentes.<\/p>\n<p>Nous ne proc\u00e9dons pas \u00e0 un profilage qui vous expose \u00e0 un risque accru. Nous ne recourons pas \u00e0 la prise de d\u00e9cision automatis\u00e9e pour \u00e9tablir syst\u00e9matiquement et en d\u00e9tail votre profil personnel. <\/p>\n<\/td>\n<td width=\"135\">\n<p>Identifiant,<\/p>\n<p>Contact,<\/p>\n<p>Transactionnel,<\/p>\n<p>Profil,<\/p>\n<p>Donn\u00e9es d&rsquo;utilisation,<\/p>\n<p>Pr\u00e9f\u00e9rences en mati\u00e8re de communication<\/p>\n<\/td>\n<td width=\"168\">\n<p>GDPR Article 6 (1) f) Nous avons un int\u00e9r\u00eat l\u00e9gitime \u00e0 d\u00e9finir notre march\u00e9 cible pour vous fournir des informations pertinentes afin que nous puissions vous proposer la meilleure solution. <\/p>\n<p>GDPR Article 6 (1) a) Votre consentement \u00e0 l&rsquo;utilisation de cookies sur notre site web <\/p>\n<\/td>\n<td width=\"132\">\n<p>HubSpot<\/p>\n<p>Microsoft<\/p>\n<\/td>\n<\/tr>\n<tr>\n<td width=\"189\">\n<p>Pour vous fournir des informations g\u00e9n\u00e9rales sur nos programmes et nos offres, par exemple par le biais d&rsquo;un bulletin d&rsquo;information \u00e9lectronique ou d&rsquo;autres moyens postaux ou \u00e9lectroniques.<\/p>\n<\/td>\n<td width=\"135\">\n<p>Identifiant,<\/p>\n<p>Contact,<\/p>\n<p>Transactionnel,<\/p>\n<p>Profil,<\/p>\n<p>Pr\u00e9f\u00e9rences en mati\u00e8re de communication<\/p>\n<\/td>\n<td width=\"168\">\n<p>GDPR Article 6 (1) (a) votre consentement <\/p>\n<\/td>\n<td width=\"132\">\n<p>HubSpot, Microsoft<\/p>\n<\/td>\n<\/tr>\n<tr>\n<td width=\"189\">\n<p>Pour fournir des services am\u00e9lior\u00e9s et personnalis\u00e9s par le biais de notre site web (par exemple, chat en direct)<\/p>\n<\/td>\n<td width=\"135\">\n<p>Identifiant,<\/p>\n<p>Contact,<\/p>\n<p>Pr\u00e9f\u00e9rences en mati\u00e8re de communication,<\/p>\n<p>Technique<\/p>\n<p>A utiliser<\/p>\n<\/td>\n<td width=\"168\">\n<p>GDPR Article 6 (1) a) votre consentement en acceptant les cookies <\/p>\n<\/td>\n<td width=\"132\">\n<p>HubSpot, Hostinger<\/p>\n<\/td>\n<\/tr>\n<tr>\n<td width=\"189\">\n<p>Nous recueillons des informations personnelles au moment de l&#8217;embauche, que nous supprimons pour les candidats non s\u00e9lectionn\u00e9s.<\/p>\n<\/td>\n<td width=\"135\">\n<p>Identifiant,<\/p>\n<p>Contact,<\/p>\n<p>Finances,<\/p>\n<p>Profil<\/p>\n<\/td>\n<td width=\"168\">\n<p>GDPR Article 6 (1) a) votre consentement en nous fournissant ces informations. <\/p>\n<\/td>\n<td width=\"132\">\n<p>Microsoft, M\u00e9sz\u00e1ros-Szab\u00f3<\/p>\n<\/td>\n<\/tr>\n<tr>\n<td width=\"189\">\n<p>Informations requises par les autorit\u00e9s pour la gestion du contrat de travail et de la paie (par exemple, le num\u00e9ro de s\u00e9curit\u00e9 sociale, l&rsquo;\u00e9tat civil, les donn\u00e9es relatives aux revenus, etc.)<\/p>\n<p>Donn\u00e9es g\u00e9n\u00e9r\u00e9es par les appareils et les abonnements utilis\u00e9s par les employ\u00e9s (par exemple, courrier \u00e9lectronique professionnel, t\u00e9l\u00e9phone)<\/p>\n<\/td>\n<td width=\"135\">\n<p>Identifiant,<\/p>\n<p>Contact,<\/p>\n<p>Finance,<br>Profil,<\/p>\n<p>Contenu de la communication<\/p>\n<\/td>\n<td width=\"168\">\n<p>Article 6, paragraphe 1, point b), du RGPD n\u00e9cessaire \u00e0 l&rsquo;ex\u00e9cution du contrat <\/p>\n<p>Article 6, paragraphe 1, point c), du RGPD n\u00e9cessaire au respect de nos obligations l\u00e9gales <\/p>\n<p>Article 6, paragraphe 1, point f), du RGPD, sur la base de nos int\u00e9r\u00eats l\u00e9gitimes (assurer la l\u00e9galit\u00e9 et la r\u00e9gularit\u00e9 de la proc\u00e9dure). <\/p>\n<\/td>\n<td width=\"132\">\n<p>Microsoft, M\u00e9sz\u00e1ros-Szab\u00f3<\/p>\n<\/td>\n<\/tr>\n<\/tbody>\n<\/table>\n<p><strong> <\/strong><\/p>\n<p><strong>Comment conservons-nous vos donn\u00e9es ?<\/strong><\/p>\n<p>Vos donn\u00e9es sont stock\u00e9es dans des syst\u00e8mes s\u00e9curis\u00e9s de tiers bas\u00e9s sur le cloud.<\/p>\n<p><strong> <\/strong><\/p>\n<p><strong>Combien de temps conservons-nous les donn\u00e9es ?<\/strong><\/p>\n<p>Nous conservons les donn\u00e9es que nous collectons jusqu&rsquo;au moment de leur utilisation, mais au plus tard pendant la p\u00e9riode requise par la loi. Nous pouvons conserver certaines donn\u00e9es relatives \u00e0 l&#8217;emploi plus longtemps que la dur\u00e9e moyenne, jusqu&rsquo;\u00e0 une dur\u00e9e illimit\u00e9e, en raison de nos obligations l\u00e9gales. <\/p>\n<p> <\/p>\n<p><strong>Comment collectons-nous les donn\u00e9es ?<\/strong><\/p>\n<p>Nous collectons des donn\u00e9es personnelles, principalement \u00e0 des fins de contact, \u00e0 partir des sources suivantes :<\/p>\n<ul>\n<li>directement aupr\u00e8s de vous (par exemple, par t\u00e9l\u00e9phone, par courrier \u00e9lectronique, par formulaire web)<\/li>\n<li>Utilisation et donn\u00e9es techniques gr\u00e2ce \u00e0 l&rsquo;utilisation de cookies et d&rsquo;autres technologies similaires sur notre site web<\/li>\n<li>Donn\u00e9es d&rsquo;utilisation par le biais d&rsquo;images externes dans les courriels que nous vous envoyons (g\u00e9n\u00e9ralement des lettres d&rsquo;information), par le biais de liens uniques.<\/li>\n<li>Nos partenaires peuvent partager leurs coordonn\u00e9es avec nous s&rsquo;ils estiment qu&rsquo;ils peuvent mieux r\u00e9pondre \u00e0 vos besoins avec nous.<\/li>\n<\/ul>\n<p><strong>Transfert de donn\u00e9es \u00e0 des tiers<\/strong><\/p>\n<p>Nous pouvons transf\u00e9rer vos donn\u00e9es \u00e0 nos partenaires commerciaux avec votre consentement explicite. Nous pouvons partager certaines donn\u00e9es avec des organismes gouvernementaux et des agences conform\u00e9ment \u00e0 nos obligations l\u00e9gales. <\/p>\n<p> <\/p>\n<p><strong>Quels sont vos droits en mati\u00e8re de protection des donn\u00e9es ?<\/strong><\/p>\n<p><strong>Retrait du consentement<\/strong><\/p>\n<p>Vous avez le droit de retirer votre consentement \u00e0 tout moment.<\/p>\n<p><strong>Droit d&rsquo;acc\u00e8s et portabilit\u00e9<\/strong><\/p>\n<p>Vous avez le droit de demander que nous vous envoyions une copie lisible par machine des informations que nous recueillons \u00e0 votre sujet.<\/p>\n<p><strong>Le droit de rectification<\/strong><\/p>\n<p>Vous avez le droit de nous demander de corriger les informations que nous d\u00e9tenons \u00e0 votre sujet.<\/p>\n<p><strong>Le droit \u00e0 l&rsquo;effacement<\/strong><\/p>\n<p>Si la base juridique du traitement n&rsquo;existe plus, vous avez le droit de nous demander de supprimer les informations que nous d\u00e9tenons \u00e0 votre sujet.<\/p>\n<p><strong>Droit \u00e0 la limitation du traitement<\/strong><\/p>\n<p>Si certaines conditions sont remplies, vous avez le droit de limiter l&rsquo;utilisation des informations que nous recueillons \u00e0 votre sujet.<\/p>\n<p><strong>Le droit de manifester<\/strong><\/p>\n<p>Vous avez le droit de vous opposer au traitement, m\u00eame si la base juridique du traitement n&rsquo;est pas votre consentement personnel. Dans ce cas, nous ne pourrons continuer \u00e0 traiter vos donn\u00e9es que si nous pouvons d\u00e9montrer l&rsquo;existence de motifs l\u00e9gitimes imp\u00e9rieux pour le traitement qui pr\u00e9valent sur vos int\u00e9r\u00eats, droits et libert\u00e9s ou pour la constatation, l&rsquo;exercice ou la d\u00e9fense de droits en justice. <\/p>\n<p><strong>Droit de plainte et de recours<\/strong><\/p>\n<p>Vous avez le droit d&rsquo;introduire une r\u00e9clamation aupr\u00e8s de l&rsquo;autorit\u00e9 de contr\u00f4le si vous estimez que le traitement des donn\u00e9es \u00e0 caract\u00e8re personnel vous concernant est illicite. Vous pouvez exercer ce droit en contactant les coordonn\u00e9es suivantes : <\/p>\n<p>Autorit\u00e9 nationale pour la protection des donn\u00e9es et la libert\u00e9 d&rsquo;information Adresse : 1125 Budapest, Szil\u00e1gyi Erzs\u00e9bet fasor 22\/c T\u00e9l\u00e9phone : +36 (1) 391-1400 ; T\u00e9l\u00e9copie : +36 (1) 391-1410 www : http:\/\/www.naih.hu e-mail : ugyfelszolgalat@naih.hu<\/p>\n<p> <\/p>\n<p><strong>Qu&rsquo;est-ce qu&rsquo;un cookie ? Comment les utilisons-nous ? <\/strong><\/p>\n<p>Les cookies sont de petits fichiers texte que votre navigateur stocke sur votre ordinateur. Ils permettent \u00e0 notre site web de se souvenir de votre historique de navigation et de vos pr\u00e9f\u00e9rences. Les cookies sont n\u00e9cessaires pour adapter notre publicit\u00e9, pour communiquer de mani\u00e8re fluide via le chat ou pour analyser la mani\u00e8re dont nos utilisateurs se servent de notre site.  <\/p>\n<p><strong>Quels types de cookies utilisons-nous ?<\/strong><\/p>\n<p><strong>Exig\u00e9e<\/strong><\/p>\n<p>Ces cookies sont n\u00e9cessaires au fonctionnement du site web et ne peuvent \u00eatre d\u00e9sactiv\u00e9s dans nos syst\u00e8mes. En g\u00e9n\u00e9ral, nous ne les utilisons que pour r\u00e9pondre \u00e0 vos actions lorsque vous demandez des services. Il peut s&rsquo;agir, par exemple, d&rsquo;entrer des param\u00e8tres de confidentialit\u00e9, de se connecter ou de remplir des formulaires.    <a href=\"https:\/\/knowledge.hubspot.com\/reports\/what-cookies-does-hubspot-set-in-a-visitor-s-browser#necessary-cookies\" target=\"_blank\" rel=\"noopener\">Renseignez-vous sur les cookies dont vous avez besoin.<\/a><\/p>\n<p><strong>Analyses<\/strong><\/p>\n<p>Ces cookies nous aident \u00e0 comprendre comment les visiteurs utilisent le site web. Nous pouvons utiliser des cookies pour collecter des donn\u00e9es et \u00e9tablir des statistiques sur les visites du site web. Outre les statistiques de fr\u00e9quentation du site, nous pouvons \u00e9galement utiliser les informations que nous collectons, ainsi que les cookies publicitaires d\u00e9crits ci-dessus, pour vous montrer des publicit\u00e9s plus pertinentes sur le web et pour mesurer votre interaction avec les publicit\u00e9s que nous vous montrons.    <a href=\"https:\/\/knowledge.hubspot.com\/reports\/what-cookies-does-hubspot-set-in-a-visitor-s-browser#analytics-cookies\" target=\"_blank\" rel=\"noopener\">En savoir plus sur les cookies statistiques.<\/a><\/p>\n<p><strong>Publicit\u00e9<\/strong><\/p>\n<p>Nous utilisons des cookies pour rendre nos publicit\u00e9s plus attrayantes et plus utiles pour les visiteurs du site. Nous utilisons souvent les cookies pour s\u00e9lectionner l&rsquo;annonce la plus pertinente pour l&rsquo;utilisateur, rendre compte avec plus de pr\u00e9cision des performances d&rsquo;une campagne publicitaire et \u00e9viter de montrer \u00e0 l&rsquo;utilisateur des annonces qu&rsquo;il a d\u00e9j\u00e0 vues. <a href=\"https:\/\/knowledge.hubspot.com\/reports\/what-cookies-does-hubspot-set-in-a-visitor-s-browser#advertisement-cookies\" target=\"_blank\" rel=\"noopener\">En savoir plus sur les cookies publicitaires.<\/a> <\/p>\n<p><strong>Chat<\/strong><\/p>\n<p>Nous utilisons ces cookies pour m\u00e9moriser l&rsquo;historique de votre chat. Cela est n\u00e9cessaire pour que le chat en direct fonctionne correctement.   <a href=\"https:\/\/knowledge.hubspot.com\/reports\/what-cookies-does-hubspot-set-in-a-visitor-s-browser#functionality-cookies\" target=\"_blank\" rel=\"noopener\">En savoir plus sur les cookies qui permettent cette fonctionnalit\u00e9.<\/a><\/p>\n<p> <\/p>\n<p><strong>Modifications de la d\u00e9claration de confidentialit\u00e9<\/strong><\/p>\n<p>Cette d\u00e9claration de confidentialit\u00e9 est dat\u00e9e du 17.03.2022. Nous informerons nos clients de tout changement significatif. Pour les corrections mineures, la nouvelle version sera disponible sur cette page.  <\/p>\n<p> <\/p>\n<p><strong>Contact<\/strong><\/p>\n<p>Si vous avez des questions ou si vous souhaitez exercer l&rsquo;un des droits susmentionn\u00e9s, veuillez contacter notre directeur g\u00e9n\u00e9ral, \u00c1kos D\u00f6m\u00f6t\u00f6r, \u00e0 l&rsquo;adresse <a href=\"mailto:akos.domotor@vulcan-automation.com\">akos.domotor@vulcan-automation.com<\/a>.<\/p>\n<p> <\/p>\t\t\t\t\t\t\t\t<\/div>\n\t\t\t\t<\/div>\n\t\t\t\t\t<\/div>\n\t\t\t\t<\/div>\n\t\t\t\t<\/div>\n\t\t","protected":false},"excerpt":{"rendered":"<p>La pr\u00e9sente d\u00e9claration de confidentialit\u00e9 d\u00e9crit la mani\u00e8re dont nous utilisons vos informations lorsque vous naviguez sur notre site web ou que vous interagissez avec nous d&rsquo;une autre mani\u00e8re. Contr\u00f4leur de donn\u00e9es : Vulcan Automation Ltd. 2045 T\u00f6r\u00f6kb\u00e1lint, Kinizsi P\u00e1l utca 29. Num\u00e9ro d&rsquo;enregistrement de la soci\u00e9t\u00e9 : 13-09-216887 Directeur g\u00e9n\u00e9ral : \u00c1kos D\u00f6m\u00f6t\u00f6r, akos.domotor@vulcan-automation.com [&hellip;]<\/p>\n","protected":false},"author":1,"featured_media":0,"parent":0,"menu_order":0,"comment_status":"closed","ping_status":"open","template":"","meta":{"content-type":"","site-sidebar-layout":"default","site-content-layout":"","ast-site-content-layout":"default","site-content-style":"default","site-sidebar-style":"default","ast-global-header-display":"","ast-banner-title-visibility":"","ast-main-header-display":"","ast-hfb-above-header-display":"","ast-hfb-below-header-display":"","ast-hfb-mobile-header-display":"","site-post-title":"","ast-breadcrumbs-content":"","ast-featured-img":"","footer-sml-layout":"","ast-disable-related-posts":"","theme-transparent-header-meta":"","adv-header-id-meta":"","stick-header-meta":"","header-above-stick-meta":"","header-main-stick-meta":"","header-below-stick-meta":"","astra-migrate-meta-layouts":"default","ast-page-background-enabled":"default","ast-page-background-meta":{"desktop":{"background-color":"var(--ast-global-color-4)","background-image":"","background-repeat":"repeat","background-position":"center center","background-size":"auto","background-attachment":"scroll","background-type":"","background-media":"","overlay-type":"","overlay-color":"","overlay-opacity":"","overlay-gradient":""},"tablet":{"background-color":"","background-image":"","background-repeat":"repeat","background-position":"center center","background-size":"auto","background-attachment":"scroll","background-type":"","background-media":"","overlay-type":"","overlay-color":"","overlay-opacity":"","overlay-gradient":""},"mobile":{"background-color":"","background-image":"","background-repeat":"repeat","background-position":"center center","background-size":"auto","background-attachment":"scroll","background-type":"","background-media":"","overlay-type":"","overlay-color":"","overlay-opacity":"","overlay-gradient":""}},"ast-content-background-meta":{"desktop":{"background-color":"var(--ast-global-color-5)","background-image":"","background-repeat":"repeat","background-position":"center center","background-size":"auto","background-attachment":"scroll","background-type":"","background-media":"","overlay-type":"","overlay-color":"","overlay-opacity":"","overlay-gradient":""},"tablet":{"background-color":"var(--ast-global-color-5)","background-image":"","background-repeat":"repeat","background-position":"center center","background-size":"auto","background-attachment":"scroll","background-type":"","background-media":"","overlay-type":"","overlay-color":"","overlay-opacity":"","overlay-gradient":""},"mobile":{"background-color":"var(--ast-global-color-5)","background-image":"","background-repeat":"repeat","background-position":"center center","background-size":"auto","background-attachment":"scroll","background-type":"","background-media":"","overlay-type":"","overlay-color":"","overlay-opacity":"","overlay-gradient":""}},"footnotes":""},"class_list":["post-4954","page","type-page","status-publish","hentry"],"_links":{"self":[{"href":"https:\/\/vulcan-automation.com\/fr\/wp-json\/wp\/v2\/pages\/4954","targetHints":{"allow":["GET"]}}],"collection":[{"href":"https:\/\/vulcan-automation.com\/fr\/wp-json\/wp\/v2\/pages"}],"about":[{"href":"https:\/\/vulcan-automation.com\/fr\/wp-json\/wp\/v2\/types\/page"}],"author":[{"embeddable":true,"href":"https:\/\/vulcan-automation.com\/fr\/wp-json\/wp\/v2\/users\/1"}],"replies":[{"embeddable":true,"href":"https:\/\/vulcan-automation.com\/fr\/wp-json\/wp\/v2\/comments?post=4954"}],"version-history":[{"count":4,"href":"https:\/\/vulcan-automation.com\/fr\/wp-json\/wp\/v2\/pages\/4954\/revisions"}],"predecessor-version":[{"id":5066,"href":"https:\/\/vulcan-automation.com\/fr\/wp-json\/wp\/v2\/pages\/4954\/revisions\/5066"}],"wp:attachment":[{"href":"https:\/\/vulcan-automation.com\/fr\/wp-json\/wp\/v2\/media?parent=4954"}],"curies":[{"name":"wp","href":"https:\/\/api.w.org\/{rel}","templated":true}]}}