{"id":4938,"date":"2025-07-08T13:39:56","date_gmt":"2025-07-08T11:39:56","guid":{"rendered":"https:\/\/vulcan-automation.com\/manipulation-des-bouteilles-de-vin\/"},"modified":"2026-02-10T14:10:47","modified_gmt":"2026-02-10T13:10:47","slug":"manipulation-des-bouteilles-de-vin","status":"publish","type":"page","link":"https:\/\/vulcan-automation.com\/fr\/manipulation-des-bouteilles-de-vin\/","title":{"rendered":"Manipulation des bouteilles de vin"},"content":{"rendered":"\t\t<div data-elementor-type=\"wp-page\" data-elementor-id=\"4938\" class=\"elementor elementor-4938 elementor-4526\" data-elementor-post-type=\"page\">\n\t\t\t\t<div class=\"elementor-element elementor-element-dbc2ddd e-flex e-con-boxed e-con e-parent\" data-id=\"dbc2ddd\" data-element_type=\"container\" data-e-type=\"container\" data-settings=\"{&quot;background_background&quot;:&quot;classic&quot;}\">\n\t\t\t\t\t<div class=\"e-con-inner\">\n\t\t\t\t<div class=\"elementor-element elementor-element-358eb1c elementor-widget elementor-widget-heading\" data-id=\"358eb1c\" data-element_type=\"widget\" data-e-type=\"widget\" data-widget_type=\"heading.default\">\n\t\t\t\t<div class=\"elementor-widget-container\">\n\t\t\t\t\t<h1 class=\"elementor-heading-title elementor-size-default\">Emballage et palettisation de bouteilles de vin<\/h1>\t\t\t\t<\/div>\n\t\t\t\t<\/div>\n\t\t<div class=\"elementor-element elementor-element-9d6405f e-con-full e-flex e-con e-child\" data-id=\"9d6405f\" data-element_type=\"container\" data-e-type=\"container\">\n\t\t\t\t<div class=\"elementor-element elementor-element-8b6f892 elementor-widget elementor-widget-text-editor\" data-id=\"8b6f892\" data-element_type=\"widget\" data-e-type=\"widget\" data-widget_type=\"text-editor.default\">\n\t\t\t\t<div class=\"elementor-widget-container\">\n\t\t\t\t\t\t\t\t\t<p>L&#8217;emballage robotis\u00e9 des bouteilles de vin devient efficace et \u00e9l\u00e9gant, de la ligne de remplissage \u00e0 la palette.<\/p>\t\t\t\t\t\t\t\t<\/div>\n\t\t\t\t<\/div>\n\t\t\t\t<div class=\"elementor-element elementor-element-1938b2e elementor-widget elementor-widget-button\" data-id=\"1938b2e\" data-element_type=\"widget\" data-e-type=\"widget\" data-widget_type=\"button.default\">\n\t\t\t\t<div class=\"elementor-widget-container\">\n\t\t\t\t\t\t\t\t\t<div class=\"elementor-button-wrapper\">\n\t\t\t\t\t<a class=\"elementor-button elementor-button-link elementor-size-sm\" href=\"#\">\n\t\t\t\t\t\t<span class=\"elementor-button-content-wrapper\">\n\t\t\t\t\t\t\t\t\t<span class=\"elementor-button-text\">Parlez \u00e0 un expert<\/span>\n\t\t\t\t\t<\/span>\n\t\t\t\t\t<\/a>\n\t\t\t\t<\/div>\n\t\t\t\t\t\t\t\t<\/div>\n\t\t\t\t<\/div>\n\t\t\t\t<\/div>\n\t\t\t\t\t<\/div>\n\t\t\t\t<\/div>\n\t\t<div class=\"elementor-element elementor-element-765aab6 e-flex e-con-boxed e-con e-parent\" data-id=\"765aab6\" data-element_type=\"container\" data-e-type=\"container\">\n\t\t\t\t\t<div class=\"e-con-inner\">\n\t\t\t\t<div class=\"elementor-element elementor-element-86d20d2 elementor-widget elementor-widget-heading\" data-id=\"86d20d2\" data-element_type=\"widget\" data-e-type=\"widget\" data-widget_type=\"heading.default\">\n\t\t\t\t<div class=\"elementor-widget-container\">\n\t\t\t\t\t<h2 class=\"elementor-heading-title elementor-size-default\">Emballage, conditionnement et palettisation robotis\u00e9s de bouteilles de vin<\/h2>\t\t\t\t<\/div>\n\t\t\t\t<\/div>\n\t\t<div class=\"elementor-element elementor-element-fb39149 e-con-full e-flex e-con e-child\" data-id=\"fb39149\" data-element_type=\"container\" data-e-type=\"container\">\n\t\t\t\t<div class=\"elementor-element elementor-element-3bf2c4f elementor-widget__width-initial elementor-widget elementor-widget-text-editor\" data-id=\"3bf2c4f\" data-element_type=\"widget\" data-e-type=\"widget\" data-widget_type=\"text-editor.default\">\n\t\t\t\t<div class=\"elementor-widget-container\">\n\t\t\t\t\t\t\t\t\t<p>Vulcan Automation fournit des syst\u00e8mes robotiques personnalis\u00e9s qui automatisent l&rsquo;ensemble de votre processus d&#8217;emballage de bouteilles de vin, de la fin de la ligne de remplissage \u00e0 la palette emball\u00e9e.<\/p><p>Notre syst\u00e8me re\u00e7oit les bouteilles remplies, plie et monte les cartons, emballe les bouteilles avec pr\u00e9cision, scelle les cartons et les organise sur des palettes &#8211; ou n&rsquo;importe quel sous-ensemble de ce processus en fonction de vos besoins.<\/p>\t\t\t\t\t\t\t\t<\/div>\n\t\t\t\t<\/div>\n\t\t\t\t<div class=\"elementor-element elementor-element-6a6f0e6 elementor-widget elementor-widget-image\" data-id=\"6a6f0e6\" data-element_type=\"widget\" data-e-type=\"widget\" data-widget_type=\"image.default\">\n\t\t\t\t<div class=\"elementor-widget-container\">\n\t\t\t\t\t\t\t\t\t\t\t\t\t\t\t<img fetchpriority=\"high\" decoding=\"async\" width=\"1024\" height=\"672\" src=\"https:\/\/vulcan-automation.com\/wp-content\/uploads\/2025\/07\/winepackaging7460785540_-e1752069231705-1024x672.png\" class=\"attachment-large size-large wp-image-4936\" alt=\"Ligne d&#039;emballage de bouteilles de vin\" srcset=\"https:\/\/vulcan-automation.com\/wp-content\/uploads\/2025\/07\/winepackaging7460785540_-e1752069231705-1024x672.png 1024w, https:\/\/vulcan-automation.com\/wp-content\/uploads\/2025\/07\/winepackaging7460785540_-e1752069231705-300x197.png 300w, https:\/\/vulcan-automation.com\/wp-content\/uploads\/2025\/07\/winepackaging7460785540_-e1752069231705-768x504.png 768w, https:\/\/vulcan-automation.com\/wp-content\/uploads\/2025\/07\/winepackaging7460785540_-e1752069231705.png 1200w\" sizes=\"(max-width: 1024px) 100vw, 1024px\" \/>\t\t\t\t\t\t\t\t\t\t\t\t\t\t\t<\/div>\n\t\t\t\t<\/div>\n\t\t\t\t<\/div>\n\t\t\t\t\t<\/div>\n\t\t\t\t<\/div>\n\t\t<div class=\"elementor-element elementor-element-939fd2a e-flex e-con-boxed e-con e-parent\" data-id=\"939fd2a\" data-element_type=\"container\" data-e-type=\"container\">\n\t\t\t\t\t<div class=\"e-con-inner\">\n\t\t\t\t<div class=\"elementor-element elementor-element-a754d7d elementor-widget elementor-widget-heading\" data-id=\"a754d7d\" data-element_type=\"widget\" data-e-type=\"widget\" data-widget_type=\"heading.default\">\n\t\t\t\t<div class=\"elementor-widget-container\">\n\t\t\t\t\t<h2 class=\"elementor-heading-title elementor-size-default\">Caract\u00e9ristiques principales<\/h2>\t\t\t\t<\/div>\n\t\t\t\t<\/div>\n\t\t<div class=\"elementor-element elementor-element-6338c78 e-con-full e-flex e-con e-child\" data-id=\"6338c78\" data-element_type=\"container\" data-e-type=\"container\">\n\t\t\t\t<div class=\"elementor-element elementor-element-e75d14e elementor-widget__width-initial elementor-widget elementor-widget-text-editor\" data-id=\"e75d14e\" data-element_type=\"widget\" data-e-type=\"widget\" data-widget_type=\"text-editor.default\">\n\t\t\t\t<div class=\"elementor-widget-container\">\n\t\t\t\t\t\t\t\t\t<ul><li>Montage de bo\u00eetes en carton \u00e0 fond automatique<\/li><li>Placer soigneusement les bouteilles dans les cartons<\/li><li>Fermeture de la bo\u00eete<\/li><li>\u00c9tiquetage<\/li><li>Palettisation<\/li><li>Emballage de palettes<\/li><\/ul>\t\t\t\t\t\t\t\t<\/div>\n\t\t\t\t<\/div>\n\t\t\t\t<div class=\"elementor-element elementor-element-bcd3844 elementor-widget elementor-widget-image\" data-id=\"bcd3844\" data-element_type=\"widget\" data-e-type=\"widget\" data-widget_type=\"image.default\">\n\t\t\t\t<div class=\"elementor-widget-container\">\n\t\t\t\t\t\t\t\t\t\t\t\t\t\t\t<img decoding=\"async\" width=\"297\" height=\"300\" src=\"https:\/\/vulcan-automation.com\/wp-content\/uploads\/2025\/07\/vlcsnap-2025-07-09-16h26m39s919-297x300.png\" class=\"attachment-medium size-medium wp-image-4937\" alt=\"Robot de manutention de bouteilles de vin\" srcset=\"https:\/\/vulcan-automation.com\/wp-content\/uploads\/2025\/07\/vlcsnap-2025-07-09-16h26m39s919-297x300.png 297w, https:\/\/vulcan-automation.com\/wp-content\/uploads\/2025\/07\/vlcsnap-2025-07-09-16h26m39s919-768x776.png 768w, https:\/\/vulcan-automation.com\/wp-content\/uploads\/2025\/07\/vlcsnap-2025-07-09-16h26m39s919.png 902w\" sizes=\"(max-width: 297px) 100vw, 297px\" \/>\t\t\t\t\t\t\t\t\t\t\t\t\t\t\t<\/div>\n\t\t\t\t<\/div>\n\t\t\t\t<\/div>\n\t\t\t\t\t<\/div>\n\t\t\t\t<\/div>\n\t\t<div class=\"elementor-element elementor-element-e3cdf70 e-flex e-con-boxed e-con e-parent\" data-id=\"e3cdf70\" data-element_type=\"container\" data-e-type=\"container\">\n\t\t\t\t\t<div class=\"e-con-inner\">\n\t\t\t\t<div class=\"elementor-element elementor-element-24a09db elementor-widget elementor-widget-heading\" data-id=\"24a09db\" data-element_type=\"widget\" data-e-type=\"widget\" data-widget_type=\"heading.default\">\n\t\t\t\t<div class=\"elementor-widget-container\">\n\t\t\t\t\t<h2 class=\"elementor-heading-title elementor-size-default\">Adapt\u00e9 \u00e0 vos besoins<\/h2>\t\t\t\t<\/div>\n\t\t\t\t<\/div>\n\t\t<div class=\"elementor-element elementor-element-9b404f3 e-con-full e-flex e-con e-child\" data-id=\"9b404f3\" data-element_type=\"container\" data-e-type=\"container\">\n\t\t\t\t<div class=\"elementor-element elementor-element-6e34c48 elementor-widget-tablet__width-initial elementor-widget elementor-widget-text-editor\" data-id=\"6e34c48\" data-element_type=\"widget\" data-e-type=\"widget\" data-widget_type=\"text-editor.default\">\n\t\t\t\t<div class=\"elementor-widget-container\">\n\t\t\t\t\t\t\t\t\t<p>Vulcan Automation propose des solutions personnalis\u00e9es pour tous les besoins en mati\u00e8re d&#8217;emballage de bouteilles de vin.  <\/p><p>Nous commen\u00e7ons par comprendre vos processus et vos besoins actuels et nous vous proposons une solution qui s&rsquo;adaptera le mieux \u00e0 votre \u00e9quipement et \u00e0 votre disposition actuels. Voici quelques-unes de vos options : <\/p><ul><li>Contraintes de mise en page individuelles<\/li><li>Vitesse d&#8217;emballage<\/li><li>Montage de diff\u00e9rents types de bo\u00eetes<\/li><li>Cellules robotis\u00e9es collaboratives ou industrielles<\/li><li>Dur\u00e9e de fonctionnement sans recharge<\/li><\/ul>\t\t\t\t\t\t\t\t<\/div>\n\t\t\t\t<\/div>\n\t\t\t\t<div class=\"elementor-element elementor-element-49f9306 elementor-widget elementor-widget-image\" data-id=\"49f9306\" data-element_type=\"widget\" data-e-type=\"widget\" data-widget_type=\"image.default\">\n\t\t\t\t<div class=\"elementor-widget-container\">\n\t\t\t\t\t\t\t\t\t\t\t\t\t\t\t<img decoding=\"async\" width=\"1024\" height=\"768\" src=\"https:\/\/vulcan-automation.com\/wp-content\/uploads\/2025\/07\/winepackaging10910202641-1024x768.png\" class=\"attachment-large size-large wp-image-4904\" alt=\"\" srcset=\"https:\/\/vulcan-automation.com\/wp-content\/uploads\/2025\/07\/winepackaging10910202641-1024x768.png 1024w, https:\/\/vulcan-automation.com\/wp-content\/uploads\/2025\/07\/winepackaging10910202641-300x225.png 300w, https:\/\/vulcan-automation.com\/wp-content\/uploads\/2025\/07\/winepackaging10910202641-768x576.png 768w, https:\/\/vulcan-automation.com\/wp-content\/uploads\/2025\/07\/winepackaging10910202641.png 1200w\" sizes=\"(max-width: 1024px) 100vw, 1024px\" \/>\t\t\t\t\t\t\t\t\t\t\t\t\t\t\t<\/div>\n\t\t\t\t<\/div>\n\t\t\t\t<\/div>\n\t\t\t\t\t<\/div>\n\t\t\t\t<\/div>\n\t\t<div class=\"elementor-element elementor-element-c55eb59 e-flex e-con-boxed e-con e-parent\" data-id=\"c55eb59\" data-element_type=\"container\" data-e-type=\"container\">\n\t\t\t\t\t<div class=\"e-con-inner\">\n\t\t\t\t<div class=\"elementor-element elementor-element-7ac535c elementor-widget elementor-widget-heading\" data-id=\"7ac535c\" data-element_type=\"widget\" data-e-type=\"widget\" data-widget_type=\"heading.default\">\n\t\t\t\t<div class=\"elementor-widget-container\">\n\t\t\t\t\t<h2 class=\"elementor-heading-title elementor-size-default\">Sp\u00e9cifications techniques<\/h2>\t\t\t\t<\/div>\n\t\t\t\t<\/div>\n\t\t\t\t<div class=\"elementor-element elementor-element-0f8398b elementor-widget elementor-widget-text-editor\" data-id=\"0f8398b\" data-element_type=\"widget\" data-e-type=\"widget\" data-widget_type=\"text-editor.default\">\n\t\t\t\t<div class=\"elementor-widget-container\">\n\t\t\t\t\t\t\t\t\tMontage automatique des caisses et mise en place des bouteilles &#8211; solution standard\n\n&nbsp;\n<table>\n<tbody>\n<tr>\n<td>Vitesse maximale<\/td>\n<td>2.000 bouteilles\/heure avec robot collaboratif (6 bouteilles\/bo\u00eete)<br> *Peut \u00eatre augment\u00e9e avec des robots industriels ou un alimentateur de bo\u00eetes<\/td>\n<\/tr>\n<tr>\n<td>Type de bo\u00eete<\/td>\n<td>Bo\u00eete \u00e0 fond automatique<br>*diff\u00e9rents types de bo\u00eetes possibles<\/td>\n<\/tr>\n\n<tr>\n<td>Dimensions des palettes<\/td>\n<td>Librement personnalisable<\/td>\n<\/tr>\n<tr>\n<td>Mod\u00e8les de palettes<\/td>\n<td>Mod\u00e8les pr\u00e9d\u00e9finis ou optimisation automatique des mod\u00e8les<\/td>\n<\/tr>\n<tr>\n<td>Hauteur de la palette<\/td>\n<td>Personnalisable<\/td>\n<\/tr>\n<\/tbody>\n<\/table>\t\t\t\t\t\t\t\t<\/div>\n\t\t\t\t<\/div>\n\t\t\t\t\t<\/div>\n\t\t\t\t<\/div>\n\t\t<div class=\"elementor-element elementor-element-68af30c e-flex e-con-boxed e-con e-parent\" data-id=\"68af30c\" data-element_type=\"container\" data-e-type=\"container\">\n\t\t\t\t\t<div class=\"e-con-inner\">\n\t\t\t\t<div class=\"elementor-element elementor-element-367089d elementor-widget elementor-widget-heading\" data-id=\"367089d\" data-element_type=\"widget\" data-e-type=\"widget\" data-widget_type=\"heading.default\">\n\t\t\t\t<div class=\"elementor-widget-container\">\n\t\t\t\t\t<h2 class=\"elementor-heading-title elementor-size-default\">Expert en solutions<\/h2>\t\t\t\t<\/div>\n\t\t\t\t<\/div>\n\t\t<div class=\"elementor-element elementor-element-08ae3ca e-con-full e-flex e-con e-child\" data-id=\"08ae3ca\" data-element_type=\"container\" data-e-type=\"container\">\n\t\t\t\t<div class=\"elementor-element elementor-element-2ca964d elementor-widget elementor-widget-image\" data-id=\"2ca964d\" data-element_type=\"widget\" data-e-type=\"widget\" data-widget_type=\"image.default\">\n\t\t\t\t<div class=\"elementor-widget-container\">\n\t\t\t\t\t\t\t\t\t\t\t\t\t\t\t<img loading=\"lazy\" decoding=\"async\" width=\"300\" height=\"300\" src=\"https:\/\/vulcan-automation.com\/wp-content\/uploads\/2025\/07\/galambos-300x300.png\" class=\"attachment-medium size-medium wp-image-4912\" alt=\"Istv\u00e1n Galambos Directeur des ventes\" srcset=\"https:\/\/vulcan-automation.com\/wp-content\/uploads\/2025\/07\/galambos-300x300.png 300w, https:\/\/vulcan-automation.com\/wp-content\/uploads\/2025\/07\/galambos-150x150.png 150w, https:\/\/vulcan-automation.com\/wp-content\/uploads\/2025\/07\/galambos.png 728w\" sizes=\"(max-width: 300px) 100vw, 300px\" \/>\t\t\t\t\t\t\t\t\t\t\t\t\t\t\t<\/div>\n\t\t\t\t<\/div>\n\t\t\t\t<div class=\"elementor-element elementor-element-d0a10e0 elementor-widget elementor-widget-text-editor\" data-id=\"d0a10e0\" data-element_type=\"widget\" data-e-type=\"widget\" data-widget_type=\"text-editor.default\">\n\t\t\t\t<div class=\"elementor-widget-container\">\n\t\t\t\t\t\t\t\t\t<p><strong>Istv\u00e1n Galambos<\/strong><\/p><p>Directeur des ventes<\/p><p>+36-70-881 9279<\/p><p>istvan.galambos@vulcan-automation.com<\/p>\t\t\t\t\t\t\t\t<\/div>\n\t\t\t\t<\/div>\n\t\t\t\t<\/div>\n\t\t\t\t\t<\/div>\n\t\t\t\t<\/div>\n\t\t\t\t<\/div>\n\t\t","protected":false},"excerpt":{"rendered":"<p>Emballage et palettisation de bouteilles de vin L&#8217;emballage robotis\u00e9 des bouteilles de vin devient efficace et \u00e9l\u00e9gant, de la ligne de remplissage \u00e0 la palette. Parlez \u00e0 un expert Emballage, conditionnement et palettisation robotis\u00e9s de bouteilles de vin Vulcan Automation fournit des syst\u00e8mes robotiques personnalis\u00e9s qui automatisent l&rsquo;ensemble de votre processus d&#8217;emballage de bouteilles de [&hellip;]<\/p>\n","protected":false},"author":1,"featured_media":0,"parent":0,"menu_order":0,"comment_status":"closed","ping_status":"closed","template":"","meta":{"content-type":"","site-sidebar-layout":"no-sidebar","site-content-layout":"page-builder","ast-site-content-layout":"full-width-container","site-content-style":"default","site-sidebar-style":"default","ast-global-header-display":"","ast-banner-title-visibility":"","ast-main-header-display":"","ast-hfb-above-header-display":"","ast-hfb-below-header-display":"","ast-hfb-mobile-header-display":"","site-post-title":"disabled","ast-breadcrumbs-content":"","ast-featured-img":"disabled","footer-sml-layout":"","ast-disable-related-posts":"","theme-transparent-header-meta":"","adv-header-id-meta":"","stick-header-meta":"","header-above-stick-meta":"","header-main-stick-meta":"","header-below-stick-meta":"","astra-migrate-meta-layouts":"default","ast-page-background-enabled":"default","ast-page-background-meta":{"desktop":{"background-color":"var(--ast-global-color-4)","background-image":"","background-repeat":"repeat","background-position":"center center","background-size":"auto","background-attachment":"scroll","background-type":"","background-media":"","overlay-type":"","overlay-color":"","overlay-opacity":"","overlay-gradient":""},"tablet":{"background-color":"","background-image":"","background-repeat":"repeat","background-position":"center center","background-size":"auto","background-attachment":"scroll","background-type":"","background-media":"","overlay-type":"","overlay-color":"","overlay-opacity":"","overlay-gradient":""},"mobile":{"background-color":"","background-image":"","background-repeat":"repeat","background-position":"center center","background-size":"auto","background-attachment":"scroll","background-type":"","background-media":"","overlay-type":"","overlay-color":"","overlay-opacity":"","overlay-gradient":""}},"ast-content-background-meta":{"desktop":{"background-color":"var(--ast-global-color-5)","background-image":"","background-repeat":"repeat","background-position":"center center","background-size":"auto","background-attachment":"scroll","background-type":"","background-media":"","overlay-type":"","overlay-color":"","overlay-opacity":"","overlay-gradient":""},"tablet":{"background-color":"var(--ast-global-color-5)","background-image":"","background-repeat":"repeat","background-position":"center center","background-size":"auto","background-attachment":"scroll","background-type":"","background-media":"","overlay-type":"","overlay-color":"","overlay-opacity":"","overlay-gradient":""},"mobile":{"background-color":"var(--ast-global-color-5)","background-image":"","background-repeat":"repeat","background-position":"center center","background-size":"auto","background-attachment":"scroll","background-type":"","background-media":"","overlay-type":"","overlay-color":"","overlay-opacity":"","overlay-gradient":""}},"footnotes":""},"class_list":["post-4938","page","type-page","status-publish","hentry"],"_links":{"self":[{"href":"https:\/\/vulcan-automation.com\/fr\/wp-json\/wp\/v2\/pages\/4938","targetHints":{"allow":["GET"]}}],"collection":[{"href":"https:\/\/vulcan-automation.com\/fr\/wp-json\/wp\/v2\/pages"}],"about":[{"href":"https:\/\/vulcan-automation.com\/fr\/wp-json\/wp\/v2\/types\/page"}],"author":[{"embeddable":true,"href":"https:\/\/vulcan-automation.com\/fr\/wp-json\/wp\/v2\/users\/1"}],"replies":[{"embeddable":true,"href":"https:\/\/vulcan-automation.com\/fr\/wp-json\/wp\/v2\/comments?post=4938"}],"version-history":[{"count":5,"href":"https:\/\/vulcan-automation.com\/fr\/wp-json\/wp\/v2\/pages\/4938\/revisions"}],"predecessor-version":[{"id":5064,"href":"https:\/\/vulcan-automation.com\/fr\/wp-json\/wp\/v2\/pages\/4938\/revisions\/5064"}],"wp:attachment":[{"href":"https:\/\/vulcan-automation.com\/fr\/wp-json\/wp\/v2\/media?parent=4938"}],"curies":[{"name":"wp","href":"https:\/\/api.w.org\/{rel}","templated":true}]}}