{"id":4917,"date":"2025-07-02T14:32:59","date_gmt":"2025-07-02T12:32:59","guid":{"rendered":"https:\/\/vulcan-automation.com\/a-propos-de\/"},"modified":"2026-02-10T14:20:42","modified_gmt":"2026-02-10T13:20:42","slug":"a-propos-de","status":"publish","type":"page","link":"https:\/\/vulcan-automation.com\/fr\/a-propos-de\/","title":{"rendered":"A propos de"},"content":{"rendered":"\t\t<div data-elementor-type=\"wp-page\" data-elementor-id=\"4917\" class=\"elementor elementor-4917 elementor-1318\" data-elementor-post-type=\"page\">\n\t\t\t\t<div class=\"elementor-element elementor-element-b485c57 e-flex e-con-boxed e-con e-parent\" data-id=\"b485c57\" data-element_type=\"container\" data-e-type=\"container\" data-settings=\"{&quot;background_background&quot;:&quot;classic&quot;}\">\n\t\t\t\t\t<div class=\"e-con-inner\">\n\t\t\t\t<div class=\"elementor-element elementor-element-582eb7b elementor-widget elementor-widget-heading\" data-id=\"582eb7b\" data-element_type=\"widget\" data-e-type=\"widget\" data-widget_type=\"heading.default\">\n\t\t\t\t<div class=\"elementor-widget-container\">\n\t\t\t\t\t<h1 class=\"elementor-heading-title elementor-size-default\">\u00c0 propos de Vulcan Automation<\/h1>\t\t\t\t<\/div>\n\t\t\t\t<\/div>\n\t\t\t\t<div class=\"elementor-element elementor-element-28d01d9 elementor-widget elementor-widget-heading\" data-id=\"28d01d9\" data-element_type=\"widget\" data-e-type=\"widget\" data-widget_type=\"heading.default\">\n\t\t\t\t<div class=\"elementor-widget-container\">\n\t\t\t\t\t<h2 class=\"elementor-heading-title elementor-size-default\">Des solutions robotiques pour relever les d\u00e9fis de la production<\/h2>\t\t\t\t<\/div>\n\t\t\t\t<\/div>\n\t\t\t\t\t<\/div>\n\t\t\t\t<\/div>\n\t\t<div class=\"elementor-element elementor-element-22825f3 e-flex e-con-boxed e-con e-parent\" data-id=\"22825f3\" data-element_type=\"container\" data-e-type=\"container\" data-settings=\"{&quot;background_background&quot;:&quot;classic&quot;}\">\n\t\t\t\t\t<div class=\"e-con-inner\">\n\t\t<div class=\"elementor-element elementor-element-e6150a2 e-con-full e-flex e-con e-child\" data-id=\"e6150a2\" data-element_type=\"container\" data-e-type=\"container\">\n\t\t\t\t<div class=\"elementor-element elementor-element-9b85f4b elementor-widget elementor-widget-image\" data-id=\"9b85f4b\" data-element_type=\"widget\" data-e-type=\"widget\" data-widget_type=\"image.default\">\n\t\t\t\t<div class=\"elementor-widget-container\">\n\t\t\t\t\t\t\t\t\t\t\t\t\t\t\t<img fetchpriority=\"high\" decoding=\"async\" width=\"1080\" height=\"1920\" src=\"https:\/\/vulcan-automation.com\/wp-content\/uploads\/2025\/09\/polishingfeasibility.webp\" class=\"attachment-full size-full wp-image-4914\" alt=\"Polissage avec le robot UR\" srcset=\"https:\/\/vulcan-automation.com\/wp-content\/uploads\/2025\/09\/polishingfeasibility.webp 1080w, https:\/\/vulcan-automation.com\/wp-content\/uploads\/2025\/09\/polishingfeasibility-169x300.webp 169w, https:\/\/vulcan-automation.com\/wp-content\/uploads\/2025\/09\/polishingfeasibility-576x1024.webp 576w, https:\/\/vulcan-automation.com\/wp-content\/uploads\/2025\/09\/polishingfeasibility-768x1365.webp 768w, https:\/\/vulcan-automation.com\/wp-content\/uploads\/2025\/09\/polishingfeasibility-864x1536.webp 864w\" sizes=\"(max-width: 1080px) 100vw, 1080px\" \/>\t\t\t\t\t\t\t\t\t\t\t\t\t\t\t<\/div>\n\t\t\t\t<\/div>\n\t\t\t\t<\/div>\n\t\t<div class=\"elementor-element elementor-element-96bd502 e-con-full e-flex e-con e-child\" data-id=\"96bd502\" data-element_type=\"container\" data-e-type=\"container\">\n\t\t\t\t<div class=\"elementor-element elementor-element-a3059cc elementor-widget-tablet__width-inherit elementor-widget elementor-widget-heading\" data-id=\"a3059cc\" data-element_type=\"widget\" data-e-type=\"widget\" data-widget_type=\"heading.default\">\n\t\t\t\t<div class=\"elementor-widget-container\">\n\t\t\t\t\t<h2 class=\"elementor-heading-title elementor-size-default\">Qui sommes-nous ?<\/h2>\t\t\t\t<\/div>\n\t\t\t\t<\/div>\n\t\t\t\t<div class=\"elementor-element elementor-element-650a9be elementor-widget elementor-widget-text-editor\" data-id=\"650a9be\" data-element_type=\"widget\" data-e-type=\"widget\" data-widget_type=\"text-editor.default\">\n\t\t\t\t<div class=\"elementor-widget-container\">\n\t\t\t\t\t\t\t\t\t<p><strong>Vulcan Automation<\/strong> est une entreprise ax\u00e9e sur la technologie, sp\u00e9cialis\u00e9e dans l&rsquo;automatisation robotique, les solutions de palettisation et les machines sur mesure pour les industries manufacturi\u00e8res.<\/p>\n<p>Notre mission est de rendre accessible la robotique industrielle et collaborative.  <\/p>\t\t\t\t\t\t\t\t<\/div>\n\t\t\t\t<\/div>\n\t\t\t\t<\/div>\n\t\t\t\t\t<\/div>\n\t\t\t\t<\/div>\n\t\t<div class=\"elementor-element elementor-element-4ec09b1 e-flex e-con-boxed e-con e-parent\" data-id=\"4ec09b1\" data-element_type=\"container\" data-e-type=\"container\" data-settings=\"{&quot;background_background&quot;:&quot;classic&quot;}\">\n\t\t\t\t\t<div class=\"e-con-inner\">\n\t\t\t\t<div class=\"elementor-element elementor-element-481e3a0 elementor-widget elementor-widget-heading\" data-id=\"481e3a0\" data-element_type=\"widget\" data-e-type=\"widget\" data-widget_type=\"heading.default\">\n\t\t\t\t<div class=\"elementor-widget-container\">\n\t\t\t\t\t<h2 class=\"elementor-heading-title elementor-size-default\">Nous nous effor\u00e7ons de cr\u00e9er des modules robotis\u00e9es faciles d'entretien.<\/h2>\t\t\t\t<\/div>\n\t\t\t\t<\/div>\n\t\t\t\t\t<\/div>\n\t\t\t\t<\/div>\n\t\t<div class=\"elementor-element elementor-element-aac19e2 e-flex e-con-boxed e-con e-parent\" data-id=\"aac19e2\" data-element_type=\"container\" data-e-type=\"container\" data-settings=\"{&quot;background_background&quot;:&quot;classic&quot;}\">\n\t\t\t\t\t<div class=\"e-con-inner\">\n\t\t<div class=\"elementor-element elementor-element-1f7f824 e-con-full e-flex e-con e-child\" data-id=\"1f7f824\" data-element_type=\"container\" data-e-type=\"container\">\n\t\t\t\t<div class=\"elementor-element elementor-element-8a22b56 elementor-widget elementor-widget-heading\" data-id=\"8a22b56\" data-element_type=\"widget\" data-e-type=\"widget\" data-widget_type=\"heading.default\">\n\t\t\t\t<div class=\"elementor-widget-container\">\n\t\t\t\t\t<h2 class=\"elementor-heading-title elementor-size-default\">Notre expertise<\/h2>\t\t\t\t<\/div>\n\t\t\t\t<\/div>\n\t\t\t\t<div class=\"elementor-element elementor-element-70b1a4d elementor-widget elementor-widget-text-editor\" data-id=\"70b1a4d\" data-element_type=\"widget\" data-e-type=\"widget\" data-widget_type=\"text-editor.default\">\n\t\t\t\t<div class=\"elementor-widget-container\">\n\t\t\t\t\t\t\t\t\t<p data-start=\"943\" data-end=\"1109\">Nous combinons l&rsquo;ing\u00e9nierie m\u00e9canique, la robotique et l&rsquo;int\u00e9gration de logiciels intelligents pour fournir des solutions d&rsquo;automatisation cl\u00e9s en main. Notre portefeuille comprend <\/p>\n<ul data-start=\"1110\" data-end=\"1409\">\n<li data-start=\"1110\" data-end=\"1191\">\n<p data-start=\"1112\" data-end=\"1191\">Syst\u00e8mes de palettisation robotis\u00e9s pour les industries de l&rsquo;imprimerie, de l&#8217;emballage et des boissons<\/p>\n<\/li>\n<li data-start=\"1192\" data-end=\"1269\">\n<p data-start=\"1194\" data-end=\"1269\">Machines robotis\u00e9es sp\u00e9cialis\u00e9es pour la manipulation, l&#8217;emballage et l&rsquo;assemblage des produits<\/p>\n<\/li>\n<li data-start=\"1270\" data-end=\"1343\">\n<p data-start=\"1272\" data-end=\"1343\">Automatisation en ligne pour le contr\u00f4le de la qualit\u00e9, le serrage des vis et l&rsquo;\u00e9tiquetage<\/p>\n<\/li>\n<li data-start=\"1344\" data-end=\"1409\">\n<p data-start=\"1346\" data-end=\"1409\">Int\u00e9gration MES et ERP pour une production tra\u00e7able et pilot\u00e9e par les donn\u00e9es<\/p>\n<\/li>\n<\/ul>\t\t\t\t\t\t\t\t<\/div>\n\t\t\t\t<\/div>\n\t\t\t\t<\/div>\n\t\t<div class=\"elementor-element elementor-element-07afb6e e-con-full e-flex e-con e-child\" data-id=\"07afb6e\" data-element_type=\"container\" data-e-type=\"container\">\n\t\t\t\t<div class=\"elementor-element elementor-element-83930a5 elementor-widget elementor-widget-image\" data-id=\"83930a5\" data-element_type=\"widget\" data-e-type=\"widget\" data-widget_type=\"image.default\">\n\t\t\t\t<div class=\"elementor-widget-container\">\n\t\t\t\t\t\t\t\t\t\t\t\t\t\t\t<img decoding=\"async\" width=\"1346\" height=\"1080\" src=\"https:\/\/vulcan-automation.com\/wp-content\/uploads\/2025\/09\/gluing.webp\" class=\"attachment-full size-full wp-image-4915\" alt=\"\" srcset=\"https:\/\/vulcan-automation.com\/wp-content\/uploads\/2025\/09\/gluing.webp 1346w, https:\/\/vulcan-automation.com\/wp-content\/uploads\/2025\/09\/gluing-300x241.webp 300w, https:\/\/vulcan-automation.com\/wp-content\/uploads\/2025\/09\/gluing-1024x822.webp 1024w, https:\/\/vulcan-automation.com\/wp-content\/uploads\/2025\/09\/gluing-768x616.webp 768w\" sizes=\"(max-width: 1346px) 100vw, 1346px\" \/>\t\t\t\t\t\t\t\t\t\t\t\t\t\t\t<\/div>\n\t\t\t\t<\/div>\n\t\t\t\t<\/div>\n\t\t\t\t\t<\/div>\n\t\t\t\t<\/div>\n\t\t<div class=\"elementor-element elementor-element-c1bb0e0 e-flex e-con-boxed e-con e-parent\" data-id=\"c1bb0e0\" data-element_type=\"container\" data-e-type=\"container\" data-settings=\"{&quot;background_background&quot;:&quot;classic&quot;}\">\n\t\t\t\t\t<div class=\"e-con-inner\">\n\t\t<div class=\"elementor-element elementor-element-f79210f e-con-full e-flex e-con e-child\" data-id=\"f79210f\" data-element_type=\"container\" data-e-type=\"container\">\n\t\t\t\t<div class=\"elementor-element elementor-element-3fc1043 elementor-widget elementor-widget-image\" data-id=\"3fc1043\" data-element_type=\"widget\" data-e-type=\"widget\" data-widget_type=\"image.default\">\n\t\t\t\t<div class=\"elementor-widget-container\">\n\t\t\t\t\t\t\t\t\t\t\t\t\t\t\t<img decoding=\"async\" width=\"957\" height=\"1196\" src=\"https:\/\/vulcan-automation.com\/wp-content\/uploads\/2025\/09\/agv_conveyor.webp\" class=\"attachment-full size-full wp-image-4916\" alt=\"\" srcset=\"https:\/\/vulcan-automation.com\/wp-content\/uploads\/2025\/09\/agv_conveyor.webp 957w, https:\/\/vulcan-automation.com\/wp-content\/uploads\/2025\/09\/agv_conveyor-240x300.webp 240w, https:\/\/vulcan-automation.com\/wp-content\/uploads\/2025\/09\/agv_conveyor-819x1024.webp 819w, https:\/\/vulcan-automation.com\/wp-content\/uploads\/2025\/09\/agv_conveyor-768x960.webp 768w\" sizes=\"(max-width: 957px) 100vw, 957px\" \/>\t\t\t\t\t\t\t\t\t\t\t\t\t\t\t<\/div>\n\t\t\t\t<\/div>\n\t\t\t\t<\/div>\n\t\t<div class=\"elementor-element elementor-element-cfb7418 e-con-full e-flex e-con e-child\" data-id=\"cfb7418\" data-element_type=\"container\" data-e-type=\"container\">\n\t\t\t\t<div class=\"elementor-element elementor-element-b5eb5d0 elementor-widget elementor-widget-heading\" data-id=\"b5eb5d0\" data-element_type=\"widget\" data-e-type=\"widget\" data-widget_type=\"heading.default\">\n\t\t\t\t<div class=\"elementor-widget-container\">\n\t\t\t\t\t<h2 class=\"elementor-heading-title elementor-size-default\">Notre diff\u00e9rence<\/h2>\t\t\t\t<\/div>\n\t\t\t\t<\/div>\n\t\t\t\t<div class=\"elementor-element elementor-element-a7c7012 elementor-widget elementor-widget-text-editor\" data-id=\"a7c7012\" data-element_type=\"widget\" data-e-type=\"widget\" data-widget_type=\"text-editor.default\">\n\t\t\t\t<div class=\"elementor-widget-container\">\n\t\t\t\t\t\t\t\t\t<ul><li><p><strong>Des solutions sur mesure :<\/strong> Chaque syst\u00e8me est con\u00e7u sur mesure pour r\u00e9pondre aux exigences de votre processus.<\/p><\/li><li><p><strong>Savoir-faire en mati\u00e8re de robotique et d&rsquo;automatisation : <\/strong>machines sp\u00e9ciales supportant des cellules robotis\u00e9es complexes.<\/p><\/li><li><p><strong>Int\u00e9gration transparente :<\/strong> Nous connectons la robotique \u00e0 vos syst\u00e8mes MES\/ERP existants.<\/p><\/li><li><p><strong>Connaissance de l&rsquo;industrie :<\/strong> De l&rsquo;impression \u00e0 l&rsquo;\u00e9lectronique, notre exp\u00e9rience nous aide \u00e0 relever des d\u00e9fis complexes.<\/p><\/li><\/ul>\t\t\t\t\t\t\t\t<\/div>\n\t\t\t\t<\/div>\n\t\t\t\t<\/div>\n\t\t\t\t\t<\/div>\n\t\t\t\t<\/div>\n\t\t<div class=\"elementor-element elementor-element-b3d3aca e-flex e-con-boxed e-con e-parent\" data-id=\"b3d3aca\" data-element_type=\"container\" data-e-type=\"container\" data-settings=\"{&quot;background_background&quot;:&quot;classic&quot;}\">\n\t\t\t\t\t<div class=\"e-con-inner\">\n\t\t<div class=\"elementor-element elementor-element-b5e3033 e-con-full e-flex e-con e-child\" data-id=\"b5e3033\" data-element_type=\"container\" data-e-type=\"container\">\n\t\t\t\t<div class=\"elementor-element elementor-element-a4b3508 elementor-widget elementor-widget-heading\" data-id=\"a4b3508\" data-element_type=\"widget\" data-e-type=\"widget\" data-widget_type=\"heading.default\">\n\t\t\t\t<div class=\"elementor-widget-container\">\n\t\t\t\t\t<h2 class=\"elementor-heading-title elementor-size-default\">Comment pouvons-nous vous aider ?<\/h2>\t\t\t\t<\/div>\n\t\t\t\t<\/div>\n\t\t<div class=\"elementor-element elementor-element-84fd72e e-con-full e-flex e-con e-child\" data-id=\"84fd72e\" data-element_type=\"container\" data-e-type=\"container\">\n\t\t\t\t<div class=\"elementor-element elementor-element-a01dfa0 elementor-widget elementor-widget-image\" data-id=\"a01dfa0\" data-element_type=\"widget\" data-e-type=\"widget\" data-widget_type=\"image.default\">\n\t\t\t\t<div class=\"elementor-widget-container\">\n\t\t\t\t\t\t\t\t\t\t\t\t\t\t\t<img loading=\"lazy\" decoding=\"async\" width=\"300\" height=\"300\" src=\"https:\/\/vulcan-automation.com\/wp-content\/uploads\/2025\/07\/galambos-300x300.png\" class=\"attachment-medium size-medium wp-image-4912\" alt=\"Istv\u00e1n Galambos Directeur des ventes\" srcset=\"https:\/\/vulcan-automation.com\/wp-content\/uploads\/2025\/07\/galambos-300x300.png 300w, https:\/\/vulcan-automation.com\/wp-content\/uploads\/2025\/07\/galambos-150x150.png 150w, https:\/\/vulcan-automation.com\/wp-content\/uploads\/2025\/07\/galambos.png 728w\" sizes=\"(max-width: 300px) 100vw, 300px\" \/>\t\t\t\t\t\t\t\t\t\t\t\t\t\t\t<\/div>\n\t\t\t\t<\/div>\n\t\t\t\t<div class=\"elementor-element elementor-element-a67477d elementor-widget elementor-widget-text-editor\" data-id=\"a67477d\" data-element_type=\"widget\" data-e-type=\"widget\" data-widget_type=\"text-editor.default\">\n\t\t\t\t<div class=\"elementor-widget-container\">\n\t\t\t\t\t\t\t\t\t<p><strong>Istv\u00e1n Galambos<\/strong><\/p><p>Directeur des ventes<\/p><p>+36-70-881 9279<\/p><p><a href=\"mailto:istvan.galambos@vulcan-automation.com\">istvan.galambos@vulcan-automation.com<\/a><\/p>\t\t\t\t\t\t\t\t<\/div>\n\t\t\t\t<\/div>\n\t\t\t\t<\/div>\n\t\t\t\t<\/div>\n\t\t\t\t\t<\/div>\n\t\t\t\t<\/div>\n\t\t\t\t<\/div>\n\t\t","protected":false},"excerpt":{"rendered":"<p>\u00c0 propos de Vulcan Automation Des solutions robotiques pour relever les d\u00e9fis de la production Qui sommes-nous ? Vulcan Automation est une entreprise ax\u00e9e sur la technologie, sp\u00e9cialis\u00e9e dans l&rsquo;automatisation robotique, les solutions de palettisation et les machines sur mesure pour les industries manufacturi\u00e8res. Notre mission est de rendre accessible la robotique industrielle et collaborative. [&hellip;]<\/p>\n","protected":false},"author":1,"featured_media":0,"parent":0,"menu_order":0,"comment_status":"closed","ping_status":"closed","template":"","meta":{"content-type":"","site-sidebar-layout":"no-sidebar","site-content-layout":"page-builder","ast-site-content-layout":"full-width-container","site-content-style":"unboxed","site-sidebar-style":"unboxed","ast-global-header-display":"","ast-banner-title-visibility":"","ast-main-header-display":"","ast-hfb-above-header-display":"","ast-hfb-below-header-display":"","ast-hfb-mobile-header-display":"","site-post-title":"disabled","ast-breadcrumbs-content":"","ast-featured-img":"disabled","footer-sml-layout":"","ast-disable-related-posts":"","theme-transparent-header-meta":"enabled","adv-header-id-meta":"","stick-header-meta":"","header-above-stick-meta":"","header-main-stick-meta":"","header-below-stick-meta":"","astra-migrate-meta-layouts":"default","ast-page-background-enabled":"default","ast-page-background-meta":{"desktop":{"background-color":"var(--ast-global-color-4)","background-image":"","background-repeat":"repeat","background-position":"center center","background-size":"auto","background-attachment":"scroll","background-type":"","background-media":"","overlay-type":"","overlay-color":"","overlay-opacity":"","overlay-gradient":""},"tablet":{"background-color":"","background-image":"","background-repeat":"repeat","background-position":"center center","background-size":"auto","background-attachment":"scroll","background-type":"","background-media":"","overlay-type":"","overlay-color":"","overlay-opacity":"","overlay-gradient":""},"mobile":{"background-color":"","background-image":"","background-repeat":"repeat","background-position":"center center","background-size":"auto","background-attachment":"scroll","background-type":"","background-media":"","overlay-type":"","overlay-color":"","overlay-opacity":"","overlay-gradient":""}},"ast-content-background-meta":{"desktop":{"background-color":"var(--ast-global-color-5)","background-image":"","background-repeat":"repeat","background-position":"center center","background-size":"auto","background-attachment":"scroll","background-type":"","background-media":"","overlay-type":"","overlay-color":"","overlay-opacity":"","overlay-gradient":""},"tablet":{"background-color":"var(--ast-global-color-5)","background-image":"","background-repeat":"repeat","background-position":"center center","background-size":"auto","background-attachment":"scroll","background-type":"","background-media":"","overlay-type":"","overlay-color":"","overlay-opacity":"","overlay-gradient":""},"mobile":{"background-color":"var(--ast-global-color-5)","background-image":"","background-repeat":"repeat","background-position":"center center","background-size":"auto","background-attachment":"scroll","background-type":"","background-media":"","overlay-type":"","overlay-color":"","overlay-opacity":"","overlay-gradient":""}},"footnotes":""},"class_list":["post-4917","page","type-page","status-publish","hentry"],"_links":{"self":[{"href":"https:\/\/vulcan-automation.com\/fr\/wp-json\/wp\/v2\/pages\/4917","targetHints":{"allow":["GET"]}}],"collection":[{"href":"https:\/\/vulcan-automation.com\/fr\/wp-json\/wp\/v2\/pages"}],"about":[{"href":"https:\/\/vulcan-automation.com\/fr\/wp-json\/wp\/v2\/types\/page"}],"author":[{"embeddable":true,"href":"https:\/\/vulcan-automation.com\/fr\/wp-json\/wp\/v2\/users\/1"}],"replies":[{"embeddable":true,"href":"https:\/\/vulcan-automation.com\/fr\/wp-json\/wp\/v2\/comments?post=4917"}],"version-history":[{"count":5,"href":"https:\/\/vulcan-automation.com\/fr\/wp-json\/wp\/v2\/pages\/4917\/revisions"}],"predecessor-version":[{"id":5074,"href":"https:\/\/vulcan-automation.com\/fr\/wp-json\/wp\/v2\/pages\/4917\/revisions\/5074"}],"wp:attachment":[{"href":"https:\/\/vulcan-automation.com\/fr\/wp-json\/wp\/v2\/media?parent=4917"}],"curies":[{"name":"wp","href":"https:\/\/api.w.org\/{rel}","templated":true}]}}