{"id":4871,"date":"2025-11-26T17:13:43","date_gmt":"2025-11-26T16:13:43","guid":{"rendered":"https:\/\/vulcan-automation.com\/dev\/?page_id=4871"},"modified":"2025-11-28T19:59:28","modified_gmt":"2025-11-28T18:59:28","slug":"grafikus-felhasznaloi-felulet-hmi-raklapozashoz","status":"publish","type":"page","link":"https:\/\/vulcan-automation.com\/dev\/hu\/grafikus-felhasznaloi-felulet-hmi-raklapozashoz\/","title":{"rendered":"Grafikus felhaszn\u00e1l\u00f3i fel\u00fclet (HMI) raklapoz\u00e1shoz"},"content":{"rendered":"<div data-elementor-type=\"wp-page\" data-elementor-id=\"4871\" class=\"elementor elementor-4871 elementor-4870\">\n\t\t\t\t<div class=\"elementor-element elementor-element-dbc2ddd e-flex e-con-boxed e-con e-parent\" data-id=\"dbc2ddd\" data-element_type=\"container\" data-e-type=\"container\" data-settings=\"{&quot;background_background&quot;:&quot;classic&quot;}\">\n\t\t\t\t\t<div class=\"e-con-inner\">\n\t\t\t\t<div class=\"elementor-element elementor-element-358eb1c elementor-widget elementor-widget-heading\" data-id=\"358eb1c\" data-element_type=\"widget\" data-e-type=\"widget\" data-widget_type=\"heading.default\">\n\t\t\t\t<div class=\"elementor-widget-container\">\n\t\t\t\t\t<h1 class=\"elementor-heading-title elementor-size-default\">Grafikus felhaszn\u00e1l\u00f3i fel\u00fclet (HMI) raklapoz\u00e1shoz<\/h1>\t\t\t\t<\/div>\n\t\t\t\t<\/div>\n\t\t<div class=\"elementor-element elementor-element-9d6405f e-con-full e-flex e-con e-child\" data-id=\"9d6405f\" data-element_type=\"container\" data-e-type=\"container\">\n\t\t\t\t<div class=\"elementor-element elementor-element-8b6f892 elementor-widget elementor-widget-text-editor\" data-id=\"8b6f892\" data-element_type=\"widget\" data-e-type=\"widget\" data-widget_type=\"text-editor.default\">\n\t\t\t\t<div class=\"elementor-widget-container\">\n\t\t\t\t\t\t\t\t\t<p>Felhaszn\u00e1l\u00f3bar\u00e1t grafikus fel\u00fclet, amelyet a raklapoz\u00f3 robotalkalmaz\u00e1sok egyszer\u0171s\u00edt\u00e9s\u00e9re tervezt\u00fcnk.<\/p>\t\t\t\t\t\t\t\t<\/div>\n\t\t\t\t<\/div>\n\t\t\t\t<div class=\"elementor-element elementor-element-1938b2e elementor-widget elementor-widget-button\" data-id=\"1938b2e\" data-element_type=\"widget\" data-e-type=\"widget\" data-widget_type=\"button.default\">\n\t\t\t\t<div class=\"elementor-widget-container\">\n\t\t\t\t\t\t\t\t\t<div class=\"elementor-button-wrapper\">\n\t\t\t\t\t<a class=\"elementor-button elementor-button-link elementor-size-sm\" href=\"#\">\n\t\t\t\t\t\t<span class=\"elementor-button-content-wrapper\">\n\t\t\t\t\t\t\t\t\t<span class=\"elementor-button-text\">Besz\u00e9ljen egy szak\u00e9rt\u0151nkkel<\/span>\n\t\t\t\t\t<\/span>\n\t\t\t\t\t<\/a>\n\t\t\t\t<\/div>\n\t\t\t\t\t\t\t\t<\/div>\n\t\t\t\t<\/div>\n\t\t\t\t<\/div>\n\t\t\t\t\t<\/div>\n\t\t\t\t<\/div>\n\t\t<div class=\"elementor-element elementor-element-765aab6 e-flex e-con-boxed e-con e-parent\" data-id=\"765aab6\" data-element_type=\"container\" data-e-type=\"container\">\n\t\t\t\t\t<div class=\"e-con-inner\">\n\t\t\t\t<div class=\"elementor-element elementor-element-86d20d2 elementor-widget elementor-widget-heading\" data-id=\"86d20d2\" data-element_type=\"widget\" data-e-type=\"widget\" data-widget_type=\"heading.default\">\n\t\t\t\t<div class=\"elementor-widget-container\">\n\t\t\t\t\t<h2 class=\"elementor-heading-title elementor-size-default\">Mi az a HMI (grafikus felhaszn\u00e1l\u00f3i fel\u00fclet) raklapoz\u00e1shoz?<\/h2>\t\t\t\t<\/div>\n\t\t\t\t<\/div>\n\t\t<div class=\"elementor-element elementor-element-fb39149 e-con-full e-flex e-con e-child\" data-id=\"fb39149\" data-element_type=\"container\" data-e-type=\"container\">\n\t\t\t\t<div class=\"elementor-element elementor-element-3bf2c4f elementor-widget__width-initial elementor-widget elementor-widget-text-editor\" data-id=\"3bf2c4f\" data-element_type=\"widget\" data-e-type=\"widget\" data-widget_type=\"text-editor.default\">\n\t\t\t\t<div class=\"elementor-widget-container\">\n\t\t\t\t\t\t\t\t\t<p>A raklapoz\u00f3 robotalkalmaz\u00e1s automatikusan \u00e9s biztons\u00e1gosan v\u00e9gzi a term\u00e9kek raklapokra t\u00f6rt\u00e9n\u0151 rendez\u00e9s\u00e9t \u00e9s egym\u00e1sra helyez\u00e9s\u00e9t. HMI-nk egyszer\u0171v\u00e9 \u00e9s k\u00f6nnyen kezelhet\u0151v\u00e9 teszi a raklapoz\u00f3 robotok programoz\u00e1s\u00e1t.  <\/p><p>Grafikus felhaszn\u00e1l\u00f3i fel\u00fclet (HMI) raklapoz\u00e1shoz<\/p><ul><li>Felhaszn\u00e1l\u00f3bar\u00e1t grafikus felhaszn\u00e1l\u00f3i fel\u00fclet<\/li><li>Gyakorlatilag b\u00e1rmilyen robothoz<\/li><li>A felv\u00e9teli \u00e9s lerak\u00e1si logika a robotvez\u00e9rl\u0151n marad<\/li><\/ul>\t\t\t\t\t\t\t\t<\/div>\n\t\t\t\t<\/div>\n\t\t\t\t<div class=\"elementor-element elementor-element-1e9fbea elementor-widget elementor-widget-image\" data-id=\"1e9fbea\" data-element_type=\"widget\" data-e-type=\"widget\" data-widget_type=\"image.default\">\n\t\t\t\t<div class=\"elementor-widget-container\">\n\t\t\t\t\t\t\t\t\t\t\t\t\t\t\t<img fetchpriority=\"high\" decoding=\"async\" width=\"1024\" height=\"574\" src=\"https:\/\/vulcan-automation.com\/dev\/wp-content\/uploads\/2025\/11\/HMI-1024x574.webp\" class=\"attachment-large size-large wp-image-4929\" alt=\"HMI-t\u00e1mogatott raklapm\u00e9retek\" srcset=\"https:\/\/vulcan-automation.com\/dev\/wp-content\/uploads\/2025\/11\/HMI-1024x574.webp 1024w, https:\/\/vulcan-automation.com\/dev\/wp-content\/uploads\/2025\/11\/HMI-300x168.webp 300w, https:\/\/vulcan-automation.com\/dev\/wp-content\/uploads\/2025\/11\/HMI-768x430.webp 768w, https:\/\/vulcan-automation.com\/dev\/wp-content\/uploads\/2025\/11\/HMI-18x10.webp 18w, https:\/\/vulcan-automation.com\/dev\/wp-content\/uploads\/2025\/11\/HMI.webp 1274w\" sizes=\"(max-width: 1024px) 100vw, 1024px\" \/>\t\t\t\t\t\t\t\t\t\t\t\t\t\t\t<\/div>\n\t\t\t\t<\/div>\n\t\t\t\t<\/div>\n\t\t\t\t\t<\/div>\n\t\t\t\t<\/div>\n\t\t<div class=\"elementor-element elementor-element-939fd2a e-flex e-con-boxed e-con e-parent\" data-id=\"939fd2a\" data-element_type=\"container\" data-e-type=\"container\">\n\t\t\t\t\t<div class=\"e-con-inner\">\n\t\t\t\t<div class=\"elementor-element elementor-element-a754d7d elementor-widget elementor-widget-heading\" data-id=\"a754d7d\" data-element_type=\"widget\" data-e-type=\"widget\" data-widget_type=\"heading.default\">\n\t\t\t\t<div class=\"elementor-widget-container\">\n\t\t\t\t\t<h2 class=\"elementor-heading-title elementor-size-default\">F\u0151bb jellemz\u0151k<\/h2>\t\t\t\t<\/div>\n\t\t\t\t<\/div>\n\t\t<div class=\"elementor-element elementor-element-0da0318 e-con-full e-flex e-con e-child\" data-id=\"0da0318\" data-element_type=\"container\" data-e-type=\"container\">\n\t\t\t\t<div class=\"elementor-element elementor-element-e75d14e elementor-widget__width-initial elementor-widget-mobile__width-initial elementor-widget elementor-widget-text-editor\" data-id=\"e75d14e\" data-element_type=\"widget\" data-e-type=\"widget\" data-widget_type=\"text-editor.default\">\n\t\t\t\t<div class=\"elementor-widget-container\">\n\t\t\t\t\t\t\t\t\t<ul><li>Lehet\u0151s\u00e9g az \u00fcgyf\u00e9l MES-rendszer\u00e9hez val\u00f3 csatlakoz\u00e1sra<\/li><li>T\u00e1voli el\u00e9r\u00e9s \u00e9s t\u00e1mogat\u00e1si lehet\u0151s\u00e9g a Vulcan Automation-t\u0151l<\/li><li>Elv\u00e1laszt\u00f3lap kezel\u00e9se<\/li><li>Felv\u00e9tel, elhelyez\u00e9s poz\u00edci\u00f3ja a k\u00e9perny\u0151n \u00e1ll\u00edthat\u00f3<\/li><li>B\u00e1rmennyi r\u00e9teg be\u00e1ll\u00edthat\u00f3<\/li><li>Gy\u00e1rt\u00e1si be\u00e1ll\u00edt\u00e1sok kezel\u00e9se: Minden param\u00e9ter \u00e9s minta elmenthet\u0151 \u00e9s bet\u00f6lthet\u0151<\/li><li>Oper\u00e1tori \u00e9s adminisztr\u00e1tori szintek. (Az oper\u00e1tor n\u00e9zet testre szabhat\u00f3.) <\/li><li>B\u00e1rmilyen emel\u0151oszlop haszn\u00e1lhat\u00f3<\/li><\/ul>\t\t\t\t\t\t\t\t<\/div>\n\t\t\t\t<\/div>\n\t\t\t\t<div class=\"elementor-element elementor-element-93ceb9b elementor-widget elementor-widget-image\" data-id=\"93ceb9b\" data-element_type=\"widget\" data-e-type=\"widget\" data-widget_type=\"image.default\">\n\t\t\t\t<div class=\"elementor-widget-container\">\n\t\t\t\t\t\t\t\t\t\t\t\t\t\t\t<img decoding=\"async\" width=\"1024\" height=\"573\" src=\"https:\/\/vulcan-automation.com\/dev\/wp-content\/uploads\/2025\/11\/HMI-2-1024x573.webp\" class=\"attachment-large size-large wp-image-4930\" alt=\"Grafikus felhaszn\u00e1l\u00f3i fel\u00fclet (HMI)\" srcset=\"https:\/\/vulcan-automation.com\/dev\/wp-content\/uploads\/2025\/11\/HMI-2-1024x573.webp 1024w, https:\/\/vulcan-automation.com\/dev\/wp-content\/uploads\/2025\/11\/HMI-2-300x168.webp 300w, https:\/\/vulcan-automation.com\/dev\/wp-content\/uploads\/2025\/11\/HMI-2-768x430.webp 768w, https:\/\/vulcan-automation.com\/dev\/wp-content\/uploads\/2025\/11\/HMI-2-18x10.webp 18w, https:\/\/vulcan-automation.com\/dev\/wp-content\/uploads\/2025\/11\/HMI-2.webp 1268w\" sizes=\"(max-width: 1024px) 100vw, 1024px\" \/>\t\t\t\t\t\t\t\t\t\t\t\t\t\t\t<\/div>\n\t\t\t\t<\/div>\n\t\t\t\t<\/div>\n\t\t\t\t\t<\/div>\n\t\t\t\t<\/div>\n\t\t<div class=\"elementor-element elementor-element-e3cdf70 e-flex e-con-boxed e-con e-parent\" data-id=\"e3cdf70\" data-element_type=\"container\" data-e-type=\"container\">\n\t\t\t\t\t<div class=\"e-con-inner\">\n\t\t\t\t<div class=\"elementor-element elementor-element-24a09db elementor-widget elementor-widget-heading\" data-id=\"24a09db\" data-element_type=\"widget\" data-e-type=\"widget\" data-widget_type=\"heading.default\">\n\t\t\t\t<div class=\"elementor-widget-container\">\n\t\t\t\t\t<h2 class=\"elementor-heading-title elementor-size-default\">T\u00e1mogatott raklapm\u00e9retek<\/h2>\t\t\t\t<\/div>\n\t\t\t\t<\/div>\n\t\t<div class=\"elementor-element elementor-element-9b404f3 e-con-full e-flex e-con e-child\" data-id=\"9b404f3\" data-element_type=\"container\" data-e-type=\"container\">\n\t\t\t\t<div class=\"elementor-element elementor-element-6e34c48 elementor-widget__width-initial elementor-widget-mobile__width-initial elementor-widget elementor-widget-text-editor\" data-id=\"6e34c48\" data-element_type=\"widget\" data-e-type=\"widget\" data-widget_type=\"text-editor.default\">\n\t\t\t\t<div class=\"elementor-widget-container\">\n\t\t\t\t\t\t\t\t\t<ul><li>2 raklaphely<\/li><li>1 vagy 2 bemeneti sz\u00e1ll\u00edt\u00f3szalag<\/li><\/ul><p>Szabadon \u00e1ll\u00edthat\u00f3 raklapm\u00e9retek<\/p><ul><li>800&#215;1200<\/li><li>1200&#215;800<\/li><li>1000&#215;1200<\/li><li>Vagy b\u00e1rmi, amire sz\u00fcks\u00e9ge van<\/li><\/ul>\t\t\t\t\t\t\t\t<\/div>\n\t\t\t\t<\/div>\n\t\t\t\t<div class=\"elementor-element elementor-element-49f9306 elementor-widget elementor-widget-image\" data-id=\"49f9306\" data-element_type=\"widget\" data-e-type=\"widget\" data-widget_type=\"image.default\">\n\t\t\t\t<div class=\"elementor-widget-container\">\n\t\t\t\t\t\t\t\t\t\t\t\t\t\t\t<img decoding=\"async\" width=\"1024\" height=\"493\" src=\"https:\/\/vulcan-automation.com\/dev\/wp-content\/uploads\/2025\/11\/Recipe-handling-1024x493.webp\" class=\"attachment-large size-large wp-image-4931\" alt=\"Gy\u00e1rt\u00e1si be\u00e1ll\u00edt\u00e1sok kezel\u00e9se\" srcset=\"https:\/\/vulcan-automation.com\/dev\/wp-content\/uploads\/2025\/11\/Recipe-handling-1024x493.webp 1024w, https:\/\/vulcan-automation.com\/dev\/wp-content\/uploads\/2025\/11\/Recipe-handling-300x144.webp 300w, https:\/\/vulcan-automation.com\/dev\/wp-content\/uploads\/2025\/11\/Recipe-handling-768x369.webp 768w, https:\/\/vulcan-automation.com\/dev\/wp-content\/uploads\/2025\/11\/Recipe-handling-18x9.webp 18w, https:\/\/vulcan-automation.com\/dev\/wp-content\/uploads\/2025\/11\/Recipe-handling.webp 1264w\" sizes=\"(max-width: 1024px) 100vw, 1024px\" \/>\t\t\t\t\t\t\t\t\t\t\t\t\t\t\t<\/div>\n\t\t\t\t<\/div>\n\t\t\t\t<\/div>\n\t\t<div class=\"elementor-element elementor-element-f64cb4f e-con-full e-flex e-con e-child\" data-id=\"f64cb4f\" data-element_type=\"container\" data-e-type=\"container\">\n\t\t\t\t<div class=\"elementor-element elementor-element-fdda5a1 elementor-widget elementor-widget-heading\" data-id=\"fdda5a1\" data-element_type=\"widget\" data-e-type=\"widget\" data-widget_type=\"heading.default\">\n\t\t\t\t<div class=\"elementor-widget-container\">\n\t\t\t\t\t<h2 class=\"elementor-heading-title elementor-size-default\">Raklapoz\u00e1si mint\u00e1k<\/h2>\t\t\t\t<\/div>\n\t\t\t\t<\/div>\n\t\t<div class=\"elementor-element elementor-element-fdadb3e e-con-full e-flex e-con e-child\" data-id=\"fdadb3e\" data-element_type=\"container\" data-e-type=\"container\">\n\t\t\t\t<div class=\"elementor-element elementor-element-39aa747 elementor-widget__width-initial elementor-widget-mobile__width-initial elementor-widget elementor-widget-text-editor\" data-id=\"39aa747\" data-element_type=\"widget\" data-e-type=\"widget\" data-widget_type=\"text-editor.default\">\n\t\t\t\t<div class=\"elementor-widget-container\">\n\t\t\t\t\t\t\t\t\t<p>Automatikus raklapminta-optimaliz\u00e1l\u00e1s<\/p><ul><li>Doboz sz\u00e9less\u00e9ge x hossza<\/li><li>Minim\u00e1lis h\u00e9zag a dobozok k\u00f6z\u00f6tt<\/li><li>T\u00falny\u00fal\u00e1s a raklapon k\u00edv\u00fcl<\/li><li>\u00c1tfed\u00e9sek alkalmaz\u00e1sa lehets\u00e9ges<\/li><li>C\u00edmk\u00e9k kiad\u00e1sa funkci\u00f3<\/li><li>Automatikus mintat\u00fckr\u00f6z\u00e9s a stabil \u00e1tfed\u00e9sekhez<\/li><li>K\u00e9zi mintaszerkeszt\u00e9s<\/li><li>K\u00f6nnyen hozz\u00e1adhat, t\u00f6r\u00f6lhet, mozgathat \u00e9s forgathat dobozokat<\/li><\/ul>\t\t\t\t\t\t\t\t<\/div>\n\t\t\t\t<\/div>\n\t\t\t\t<div class=\"elementor-element elementor-element-bdc70af elementor-widget elementor-widget-image\" data-id=\"bdc70af\" data-element_type=\"widget\" data-e-type=\"widget\" data-widget_type=\"image.default\">\n\t\t\t\t<div class=\"elementor-widget-container\">\n\t\t\t\t\t\t\t\t\t\t\t\t\t\t\t<img loading=\"lazy\" decoding=\"async\" width=\"1024\" height=\"529\" src=\"https:\/\/vulcan-automation.com\/dev\/wp-content\/uploads\/2025\/11\/Palletizing-patterns.webp\" class=\"attachment-large size-large wp-image-4932\" alt=\"Palett\u00e1z\u00e1si mint\u00e1k\" srcset=\"https:\/\/vulcan-automation.com\/dev\/wp-content\/uploads\/2025\/11\/Palletizing-patterns.webp 1025w, https:\/\/vulcan-automation.com\/dev\/wp-content\/uploads\/2025\/11\/Palletizing-patterns-300x155.webp 300w, https:\/\/vulcan-automation.com\/dev\/wp-content\/uploads\/2025\/11\/Palletizing-patterns-768x397.webp 768w, https:\/\/vulcan-automation.com\/dev\/wp-content\/uploads\/2025\/11\/Palletizing-patterns-18x9.webp 18w\" sizes=\"(max-width: 1024px) 100vw, 1024px\" \/>\t\t\t\t\t\t\t\t\t\t\t\t\t\t\t<\/div>\n\t\t\t\t<\/div>\n\t\t\t\t<\/div>\n\t\t<div class=\"elementor-element elementor-element-9930e21 e-con-full e-flex e-con e-child\" data-id=\"9930e21\" data-element_type=\"container\" data-e-type=\"container\">\n\t\t\t\t<div class=\"elementor-element elementor-element-ee32beb elementor-widget elementor-widget-heading\" data-id=\"ee32beb\" data-element_type=\"widget\" data-e-type=\"widget\" data-widget_type=\"heading.default\">\n\t\t\t\t<div class=\"elementor-widget-container\">\n\t\t\t\t\t<h2 class=\"elementor-heading-title elementor-size-default\">Egyedi megfog\u00e1s<\/h2>\t\t\t\t<\/div>\n\t\t\t\t<\/div>\n\t\t<div class=\"elementor-element elementor-element-b65d118 e-con-full e-flex e-con e-child\" data-id=\"b65d118\" data-element_type=\"container\" data-e-type=\"container\">\n\t\t\t\t<div class=\"elementor-element elementor-element-e1d1137 elementor-widget__width-initial elementor-widget-mobile__width-initial elementor-widget elementor-widget-text-editor\" data-id=\"e1d1137\" data-element_type=\"widget\" data-e-type=\"widget\" data-widget_type=\"text-editor.default\">\n\t\t\t\t<div class=\"elementor-widget-container\">\n\t\t\t\t\t\t\t\t\t<p>B\u00e1rmilyen egyedi megfog\u00f3<\/p><ul><li>Poz\u00edci\u00f3eltol\u00e1sok<\/li><li>Szersz\u00e1m bemeneti\/kimeneti jel\u00f6l\u00e9sek a HMI-n<\/li><\/ul><p>B\u00e1rmilyen megfog\u00e1si m\u00f3dszer<\/p><ul><li>A robotvez\u00e9rl\u0151n szabadon programozhat\u00f3 &#8211; a HMI csak utas\u00edtja a robotot a megfog\u00e1sra<\/li><\/ul>\t\t\t\t\t\t\t\t<\/div>\n\t\t\t\t<\/div>\n\t\t\t\t<div class=\"elementor-element elementor-element-75b4ee4 elementor-widget elementor-widget-image\" data-id=\"75b4ee4\" data-element_type=\"widget\" data-e-type=\"widget\" data-widget_type=\"image.default\">\n\t\t\t\t<div class=\"elementor-widget-container\">\n\t\t\t\t\t\t\t\t\t\t\t\t\t\t\t<img loading=\"lazy\" decoding=\"async\" width=\"1024\" height=\"572\" src=\"https:\/\/vulcan-automation.com\/dev\/wp-content\/uploads\/2025\/11\/Custom-Gripping-1024x572.webp\" class=\"attachment-large size-large wp-image-4933\" alt=\"Egyedi megfog\u00e1s\" srcset=\"https:\/\/vulcan-automation.com\/dev\/wp-content\/uploads\/2025\/11\/Custom-Gripping-1024x572.webp 1024w, https:\/\/vulcan-automation.com\/dev\/wp-content\/uploads\/2025\/11\/Custom-Gripping-300x168.webp 300w, https:\/\/vulcan-automation.com\/dev\/wp-content\/uploads\/2025\/11\/Custom-Gripping-768x429.webp 768w, https:\/\/vulcan-automation.com\/dev\/wp-content\/uploads\/2025\/11\/Custom-Gripping-18x10.webp 18w, https:\/\/vulcan-automation.com\/dev\/wp-content\/uploads\/2025\/11\/Custom-Gripping.webp 1075w\" sizes=\"(max-width: 1024px) 100vw, 1024px\" \/>\t\t\t\t\t\t\t\t\t\t\t\t\t\t\t<\/div>\n\t\t\t\t<\/div>\n\t\t\t\t<\/div>\n\t\t\t\t<\/div>\n\t\t\t\t<\/div>\n\t\t\t\t\t<\/div>\n\t\t\t\t<\/div>\n\t\t<div class=\"elementor-element elementor-element-68af30c e-flex e-con-boxed e-con e-parent\" data-id=\"68af30c\" data-element_type=\"container\" data-e-type=\"container\">\n\t\t\t\t\t<div class=\"e-con-inner\">\n\t\t\t\t<div class=\"elementor-element elementor-element-367089d elementor-widget elementor-widget-heading\" data-id=\"367089d\" data-element_type=\"widget\" data-e-type=\"widget\" data-widget_type=\"heading.default\">\n\t\t\t\t<div class=\"elementor-widget-container\">\n\t\t\t\t\t<h2 class=\"elementor-heading-title elementor-size-default\">A megold\u00e1s szak\u00e9rt\u0151je:<\/h2>\t\t\t\t<\/div>\n\t\t\t\t<\/div>\n\t\t<div class=\"elementor-element elementor-element-08ae3ca e-con-full e-flex e-con e-child\" data-id=\"08ae3ca\" data-element_type=\"container\" data-e-type=\"container\">\n\t\t\t\t<div class=\"elementor-element elementor-element-2ca964d elementor-widget elementor-widget-image\" data-id=\"2ca964d\" data-element_type=\"widget\" data-e-type=\"widget\" data-widget_type=\"image.default\">\n\t\t\t\t<div class=\"elementor-widget-container\">\n\t\t\t\t\t\t\t\t\t\t\t\t\t\t\t<img loading=\"lazy\" decoding=\"async\" width=\"300\" height=\"300\" src=\"https:\/\/vulcan-automation.com\/dev\/wp-content\/uploads\/2025\/07\/galambos-300x300.png\" class=\"attachment-medium size-medium wp-image-4500\" alt=\"Galambos Istv\u00e1n \u00e9rt\u00e9kes\u00edt\u00e9si vezet\u0151\" srcset=\"https:\/\/vulcan-automation.com\/dev\/wp-content\/uploads\/2025\/07\/galambos-300x300.png 300w, https:\/\/vulcan-automation.com\/dev\/wp-content\/uploads\/2025\/07\/galambos-150x150.png 150w, https:\/\/vulcan-automation.com\/dev\/wp-content\/uploads\/2025\/07\/galambos.png 728w\" sizes=\"(max-width: 300px) 100vw, 300px\" \/>\t\t\t\t\t\t\t\t\t\t\t\t\t\t\t<\/div>\n\t\t\t\t<\/div>\n\t\t\t\t<div class=\"elementor-element elementor-element-d0a10e0 elementor-widget elementor-widget-text-editor\" data-id=\"d0a10e0\" data-element_type=\"widget\" data-e-type=\"widget\" data-widget_type=\"text-editor.default\">\n\t\t\t\t<div class=\"elementor-widget-container\">\n\t\t\t\t\t\t\t\t\t<p><strong>Galambos Istv\u00e1n<\/strong><\/p><p>\u00c9rt\u00e9kes\u00edt\u00e9si menedzser<\/p><p>+36-70-881 9279<\/p><p>istvan.galambos@vulcan-automation.com<\/p>\t\t\t\t\t\t\t\t<\/div>\n\t\t\t\t<\/div>\n\t\t\t\t<\/div>\n\t\t\t\t\t<\/div>\n\t\t\t\t<\/div>\n\t\t\t\t<\/div>","protected":false},"excerpt":{"rendered":"<p>Grafikus felhaszn\u00e1l\u00f3i fel\u00fclet (HMI) raklapoz\u00e1shoz Felhaszn\u00e1l\u00f3bar\u00e1t grafikus fel\u00fclet, amelyet a raklapoz\u00f3 robotalkalmaz\u00e1sok egyszer\u0171s\u00edt\u00e9s\u00e9re tervezt\u00fcnk. Besz\u00e9ljen egy szak\u00e9rt\u0151nkkel Mi az a HMI (grafikus felhaszn\u00e1l\u00f3i fel\u00fclet) raklapoz\u00e1shoz? A raklapoz\u00f3 robotalkalmaz\u00e1s automatikusan \u00e9s biztons\u00e1gosan v\u00e9gzi a term\u00e9kek raklapokra t\u00f6rt\u00e9n\u0151 rendez\u00e9s\u00e9t \u00e9s egym\u00e1sra helyez\u00e9s\u00e9t. HMI-nk egyszer\u0171v\u00e9 \u00e9s k\u00f6nnyen kezelhet\u0151v\u00e9 teszi a raklapoz\u00f3 robotok programoz\u00e1s\u00e1t. Grafikus felhaszn\u00e1l\u00f3i fel\u00fclet (HMI) raklapoz\u00e1shoz [&hellip;]<\/p>","protected":false},"author":2,"featured_media":0,"parent":0,"menu_order":0,"comment_status":"closed","ping_status":"closed","template":"","meta":{"site-sidebar-layout":"no-sidebar","site-content-layout":"page-builder","ast-site-content-layout":"full-width-container","site-content-style":"default","site-sidebar-style":"default","ast-global-header-display":"","ast-banner-title-visibility":"","ast-main-header-display":"","ast-hfb-above-header-display":"","ast-hfb-below-header-display":"","ast-hfb-mobile-header-display":"","site-post-title":"disabled","ast-breadcrumbs-content":"","ast-featured-img":"disabled","footer-sml-layout":"","theme-transparent-header-meta":"","adv-header-id-meta":"","stick-header-meta":"","header-above-stick-meta":"","header-main-stick-meta":"","header-below-stick-meta":"","astra-migrate-meta-layouts":"default","ast-page-background-enabled":"default","ast-page-background-meta":{"desktop":{"background-color":"var(--ast-global-color-4)","background-image":"","background-repeat":"repeat","background-position":"center center","background-size":"auto","background-attachment":"scroll","background-type":"","background-media":"","overlay-type":"","overlay-color":"","overlay-opacity":"","overlay-gradient":""},"tablet":{"background-color":"","background-image":"","background-repeat":"repeat","background-position":"center center","background-size":"auto","background-attachment":"scroll","background-type":"","background-media":"","overlay-type":"","overlay-color":"","overlay-opacity":"","overlay-gradient":""},"mobile":{"background-color":"","background-image":"","background-repeat":"repeat","background-position":"center center","background-size":"auto","background-attachment":"scroll","background-type":"","background-media":"","overlay-type":"","overlay-color":"","overlay-opacity":"","overlay-gradient":""}},"ast-content-background-meta":{"desktop":{"background-color":"var(--ast-global-color-5)","background-image":"","background-repeat":"repeat","background-position":"center center","background-size":"auto","background-attachment":"scroll","background-type":"","background-media":"","overlay-type":"","overlay-color":"","overlay-opacity":"","overlay-gradient":""},"tablet":{"background-color":"var(--ast-global-color-5)","background-image":"","background-repeat":"repeat","background-position":"center center","background-size":"auto","background-attachment":"scroll","background-type":"","background-media":"","overlay-type":"","overlay-color":"","overlay-opacity":"","overlay-gradient":""},"mobile":{"background-color":"var(--ast-global-color-5)","background-image":"","background-repeat":"repeat","background-position":"center center","background-size":"auto","background-attachment":"scroll","background-type":"","background-media":"","overlay-type":"","overlay-color":"","overlay-opacity":"","overlay-gradient":""}},"footnotes":""},"class_list":["post-4871","page","type-page","status-publish","hentry"],"_links":{"self":[{"href":"https:\/\/vulcan-automation.com\/dev\/hu\/wp-json\/wp\/v2\/pages\/4871","targetHints":{"allow":["GET"]}}],"collection":[{"href":"https:\/\/vulcan-automation.com\/dev\/hu\/wp-json\/wp\/v2\/pages"}],"about":[{"href":"https:\/\/vulcan-automation.com\/dev\/hu\/wp-json\/wp\/v2\/types\/page"}],"author":[{"embeddable":true,"href":"https:\/\/vulcan-automation.com\/dev\/hu\/wp-json\/wp\/v2\/users\/2"}],"replies":[{"embeddable":true,"href":"https:\/\/vulcan-automation.com\/dev\/hu\/wp-json\/wp\/v2\/comments?post=4871"}],"version-history":[{"count":8,"href":"https:\/\/vulcan-automation.com\/dev\/hu\/wp-json\/wp\/v2\/pages\/4871\/revisions"}],"predecessor-version":[{"id":4946,"href":"https:\/\/vulcan-automation.com\/dev\/hu\/wp-json\/wp\/v2\/pages\/4871\/revisions\/4946"}],"wp:attachment":[{"href":"https:\/\/vulcan-automation.com\/dev\/hu\/wp-json\/wp\/v2\/media?parent=4871"}],"curies":[{"name":"wp","href":"https:\/\/api.w.org\/{rel}","templated":true}]}}