{"id":4822,"date":"2025-07-08T13:39:56","date_gmt":"2025-07-08T11:39:56","guid":{"rendered":"https:\/\/vulcan-automation.com\/dev\/wine-bottle-handling\/"},"modified":"2025-11-24T11:18:29","modified_gmt":"2025-11-24T10:18:29","slug":"wine-bottle-handling","status":"publish","type":"page","link":"https:\/\/vulcan-automation.com\/dev\/hu\/wine-bottle-handling\/","title":{"rendered":"Boros\u00fcvegek csomagol\u00e1sa"},"content":{"rendered":"<div data-elementor-type=\"wp-page\" data-elementor-id=\"4822\" class=\"elementor elementor-4822 elementor-4526\">\n\t\t\t\t<div class=\"elementor-element elementor-element-dbc2ddd e-flex e-con-boxed e-con e-parent\" data-id=\"dbc2ddd\" data-element_type=\"container\" data-e-type=\"container\" data-settings=\"{&quot;background_background&quot;:&quot;classic&quot;}\">\n\t\t\t\t\t<div class=\"e-con-inner\">\n\t\t\t\t<div class=\"elementor-element elementor-element-358eb1c elementor-widget elementor-widget-heading\" data-id=\"358eb1c\" data-element_type=\"widget\" data-e-type=\"widget\" data-widget_type=\"heading.default\">\n\t\t\t\t<div class=\"elementor-widget-container\">\n\t\t\t\t\t<h1 class=\"elementor-heading-title elementor-size-default\">Boros\u00fcvegek csomgol\u00e1sa \u00e9s raklapoz\u00e1sa<\/h1>\t\t\t\t<\/div>\n\t\t\t\t<\/div>\n\t\t<div class=\"elementor-element elementor-element-9d6405f e-con-full e-flex e-con e-child\" data-id=\"9d6405f\" data-element_type=\"container\" data-e-type=\"container\">\n\t\t\t\t<div class=\"elementor-element elementor-element-8b6f892 elementor-widget elementor-widget-text-editor\" data-id=\"8b6f892\" data-element_type=\"widget\" data-e-type=\"widget\" data-widget_type=\"text-editor.default\">\n\t\t\t\t<div class=\"elementor-widget-container\">\n\t\t\t\t\t\t\t\t\t<p>Automatiz\u00e1lt boros\u00fcveg csomagol\u00e1s hat\u00e9konyan \u00e9s eleg\u00e1nsan \u2014 a t\u00f6lt\u0151sort\u00f3l a raklapoz\u00e1sig.<\/p>\t\t\t\t\t\t\t\t<\/div>\n\t\t\t\t<\/div>\n\t\t\t\t<div class=\"elementor-element elementor-element-1938b2e elementor-widget elementor-widget-button\" data-id=\"1938b2e\" data-element_type=\"widget\" data-e-type=\"widget\" data-widget_type=\"button.default\">\n\t\t\t\t<div class=\"elementor-widget-container\">\n\t\t\t\t\t\t\t\t\t<div class=\"elementor-button-wrapper\">\n\t\t\t\t\t<a class=\"elementor-button elementor-button-link elementor-size-sm\" href=\"#\">\n\t\t\t\t\t\t<span class=\"elementor-button-content-wrapper\">\n\t\t\t\t\t\t\t\t\t<span class=\"elementor-button-text\">Besz\u00e9ljen egy szak\u00e9rt\u0151nkkel<\/span>\n\t\t\t\t\t<\/span>\n\t\t\t\t\t<\/a>\n\t\t\t\t<\/div>\n\t\t\t\t\t\t\t\t<\/div>\n\t\t\t\t<\/div>\n\t\t\t\t<\/div>\n\t\t\t\t\t<\/div>\n\t\t\t\t<\/div>\n\t\t<div class=\"elementor-element elementor-element-765aab6 e-flex e-con-boxed e-con e-parent\" data-id=\"765aab6\" data-element_type=\"container\" data-e-type=\"container\">\n\t\t\t\t\t<div class=\"e-con-inner\">\n\t\t\t\t<div class=\"elementor-element elementor-element-86d20d2 elementor-widget elementor-widget-heading\" data-id=\"86d20d2\" data-element_type=\"widget\" data-e-type=\"widget\" data-widget_type=\"heading.default\">\n\t\t\t\t<div class=\"elementor-widget-container\">\n\t\t\t\t\t<h2 class=\"elementor-heading-title elementor-size-default\">Robotic Wine Bottle Packing, Casing and Palletising<\/h2>\t\t\t\t<\/div>\n\t\t\t\t<\/div>\n\t\t<div class=\"elementor-element elementor-element-fb39149 e-con-full e-flex e-con e-child\" data-id=\"fb39149\" data-element_type=\"container\" data-e-type=\"container\">\n\t\t\t\t<div class=\"elementor-element elementor-element-3bf2c4f elementor-widget__width-initial elementor-widget elementor-widget-text-editor\" data-id=\"3bf2c4f\" data-element_type=\"widget\" data-e-type=\"widget\" data-widget_type=\"text-editor.default\">\n\t\t\t\t<div class=\"elementor-widget-container\">\n\t\t\t\t\t\t\t\t\t<p>A Vulcan Automation egyedi robotikai rendszereket sz\u00e1ll\u00edt, amelyek automatiz\u00e1lj\u00e1k az eg\u00e9sz \u00fcvegcsomagol\u00e1si folyamatot, a t\u00f6lt\u0151sor v\u00e9g\u00e9t\u0151l a f\u00f3li\u00e1zott raklapig.<\/p><p>Rendszer\u00fcnk a megt\u00f6lt\u00f6tt \u00fcvegeket fogadja, kihajtja \u00e9s fel\u00e1ll\u00edtja a kartondobozokat, prec\u00edzen elhelyezi az \u00fcvegeket a dobozokba, lez\u00e1rja a kartonokat, \u00e9s raklapokra rendezi \u0151ket. A rendszert teljes m\u00e9rt\u00e9kben az \u00d6n ig\u00e9nyeire szabhatjuk.<\/p>\t\t\t\t\t\t\t\t<\/div>\n\t\t\t\t<\/div>\n\t\t\t\t<div class=\"elementor-element elementor-element-6a6f0e6 elementor-widget elementor-widget-image\" data-id=\"6a6f0e6\" data-element_type=\"widget\" data-e-type=\"widget\" data-widget_type=\"image.default\">\n\t\t\t\t<div class=\"elementor-widget-container\">\n\t\t\t\t\t\t\t\t\t\t\t\t\t\t\t<img fetchpriority=\"high\" decoding=\"async\" width=\"1024\" height=\"768\" src=\"https:\/\/vulcan-automation.com\/dev\/wp-content\/uploads\/2025\/07\/winepackaging7460785540_-1024x768.png\" class=\"attachment-large size-large wp-image-4541\" alt=\"Boros\u00fcveg csomagol\u00f3sor l\u00e1tv\u00e1nyterve\" srcset=\"https:\/\/vulcan-automation.com\/dev\/wp-content\/uploads\/2025\/07\/winepackaging7460785540_-1024x768.png 1024w, https:\/\/vulcan-automation.com\/dev\/wp-content\/uploads\/2025\/07\/winepackaging7460785540_-300x225.png 300w, https:\/\/vulcan-automation.com\/dev\/wp-content\/uploads\/2025\/07\/winepackaging7460785540_-768x576.png 768w, https:\/\/vulcan-automation.com\/dev\/wp-content\/uploads\/2025\/07\/winepackaging7460785540_.png 1200w\" sizes=\"(max-width: 1024px) 100vw, 1024px\" \/>\t\t\t\t\t\t\t\t\t\t\t\t\t\t\t<\/div>\n\t\t\t\t<\/div>\n\t\t\t\t<\/div>\n\t\t\t\t\t<\/div>\n\t\t\t\t<\/div>\n\t\t<div class=\"elementor-element elementor-element-939fd2a e-flex e-con-boxed e-con e-parent\" data-id=\"939fd2a\" data-element_type=\"container\" data-e-type=\"container\">\n\t\t\t\t\t<div class=\"e-con-inner\">\n\t\t\t\t<div class=\"elementor-element elementor-element-a754d7d elementor-widget elementor-widget-heading\" data-id=\"a754d7d\" data-element_type=\"widget\" data-e-type=\"widget\" data-widget_type=\"heading.default\">\n\t\t\t\t<div class=\"elementor-widget-container\">\n\t\t\t\t\t<h2 class=\"elementor-heading-title elementor-size-default\">F\u0151bb jellemz\u0151k<\/h2>\t\t\t\t<\/div>\n\t\t\t\t<\/div>\n\t\t<div class=\"elementor-element elementor-element-6338c78 e-con-full e-flex e-con e-child\" data-id=\"6338c78\" data-element_type=\"container\" data-e-type=\"container\">\n\t\t\t\t<div class=\"elementor-element elementor-element-e75d14e elementor-widget__width-initial elementor-widget elementor-widget-text-editor\" data-id=\"e75d14e\" data-element_type=\"widget\" data-e-type=\"widget\" data-widget_type=\"text-editor.default\">\n\t\t\t\t<div class=\"elementor-widget-container\">\n\t\t\t\t\t\t\t\t\t<ul><li>Automatikus kartondoboz fel\u00e1ll\u00edt\u00e1s<\/li><li>A palackok gondos elhelyez\u00e9se a dobozokba<\/li><li>Doboz lez\u00e1r\u00e1sa<\/li><li>C\u00edmk\u00e9z\u00e9s<\/li><li>Raklapoz\u00e1s<\/li><li>Raklapcsomagol\u00e1s<\/li><\/ul>\t\t\t\t\t\t\t\t<\/div>\n\t\t\t\t<\/div>\n\t\t\t\t<div class=\"elementor-element elementor-element-bcd3844 elementor-widget elementor-widget-image\" data-id=\"bcd3844\" data-element_type=\"widget\" data-e-type=\"widget\" data-widget_type=\"image.default\">\n\t\t\t\t<div class=\"elementor-widget-container\">\n\t\t\t\t\t\t\t\t\t\t\t\t\t\t\t<img decoding=\"async\" width=\"297\" height=\"300\" src=\"https:\/\/vulcan-automation.com\/dev\/wp-content\/uploads\/2025\/07\/vlcsnap-2025-07-09-16h26m39s919-297x300.png\" class=\"attachment-medium size-medium wp-image-4551\" alt=\"Boros\u00fcveg pakol\u00f3 robot\" srcset=\"https:\/\/vulcan-automation.com\/dev\/wp-content\/uploads\/2025\/07\/vlcsnap-2025-07-09-16h26m39s919-297x300.png 297w, https:\/\/vulcan-automation.com\/dev\/wp-content\/uploads\/2025\/07\/vlcsnap-2025-07-09-16h26m39s919-768x776.png 768w, https:\/\/vulcan-automation.com\/dev\/wp-content\/uploads\/2025\/07\/vlcsnap-2025-07-09-16h26m39s919.png 902w\" sizes=\"(max-width: 297px) 100vw, 297px\" \/>\t\t\t\t\t\t\t\t\t\t\t\t\t\t\t<\/div>\n\t\t\t\t<\/div>\n\t\t\t\t<\/div>\n\t\t\t\t\t<\/div>\n\t\t\t\t<\/div>\n\t\t<div class=\"elementor-element elementor-element-e3cdf70 e-flex e-con-boxed e-con e-parent\" data-id=\"e3cdf70\" data-element_type=\"container\" data-e-type=\"container\">\n\t\t\t\t\t<div class=\"e-con-inner\">\n\t\t\t\t<div class=\"elementor-element elementor-element-24a09db elementor-widget elementor-widget-heading\" data-id=\"24a09db\" data-element_type=\"widget\" data-e-type=\"widget\" data-widget_type=\"heading.default\">\n\t\t\t\t<div class=\"elementor-widget-container\">\n\t\t\t\t\t<h2 class=\"elementor-heading-title elementor-size-default\">Az \u00d6n ig\u00e9nyeire szabva<\/h2>\t\t\t\t<\/div>\n\t\t\t\t<\/div>\n\t\t<div class=\"elementor-element elementor-element-9b404f3 e-con-full e-flex e-con e-child\" data-id=\"9b404f3\" data-element_type=\"container\" data-e-type=\"container\">\n\t\t\t\t<div class=\"elementor-element elementor-element-6e34c48 elementor-widget-tablet__width-initial elementor-widget elementor-widget-text-editor\" data-id=\"6e34c48\" data-element_type=\"widget\" data-e-type=\"widget\" data-widget_type=\"text-editor.default\">\n\t\t\t\t<div class=\"elementor-widget-container\">\n\t\t\t\t\t\t\t\t\t<p>A Vulcan Automation egyedi megold\u00e1st k\u00edn\u00e1l minden \u00fcvegcsomagol\u00e1si ig\u00e9nyre. <\/p><p>Az egy\u00fcttm\u0171k\u00f6d\u00e9s\u00fcnket azzal kezdj\u00fck, hogy megismerj\u00fck az \u00d6n jelenlegi folyamatait \u00e9s ig\u00e9nyeit, majd olyan megold\u00e1st javaslunk, amely a legjobban illeszkedik a megl\u00e9v\u0151 berendez\u00e9seihez \u00e9s az \u00fczem elrendez\u00e9s\u00e9hez. N\u00e9h\u00e1ny lehet\u0151s\u00e9g, amit k\u00edn\u00e1lunk: <\/p><ul><li>Alkalmazkodunk az egyedi elrendez\u00e9si korl\u00e1tokhoz<\/li><li>Csomagol\u00e1si sebess\u00e9g<\/li><li>K\u00fcl\u00f6nb\u00f6z\u0151 t\u00edpus\u00fa dobozok fel\u00e1ll\u00edt\u00e1sa<\/li><li>Egy\u00fcttm\u0171k\u00f6d\u0151 vagy ipari robotcell\u00e1k<\/li><li>\u00dczemid\u0151 \u00fajrat\u00f6lt\u00e9s n\u00e9lk\u00fcl<\/li><\/ul>\t\t\t\t\t\t\t\t<\/div>\n\t\t\t\t<\/div>\n\t\t\t\t<div class=\"elementor-element elementor-element-49f9306 elementor-widget elementor-widget-image\" data-id=\"49f9306\" data-element_type=\"widget\" data-e-type=\"widget\" data-widget_type=\"image.default\">\n\t\t\t\t<div class=\"elementor-widget-container\">\n\t\t\t\t\t\t\t\t\t\t\t\t\t\t\t<img decoding=\"async\" width=\"1024\" height=\"768\" src=\"https:\/\/vulcan-automation.com\/dev\/wp-content\/uploads\/2025\/07\/winepackaging10910202641-1024x768.png\" class=\"attachment-large size-large wp-image-4545\" alt=\"Placing wine bottles into cardboard boxes\" srcset=\"https:\/\/vulcan-automation.com\/dev\/wp-content\/uploads\/2025\/07\/winepackaging10910202641-1024x768.png 1024w, https:\/\/vulcan-automation.com\/dev\/wp-content\/uploads\/2025\/07\/winepackaging10910202641-300x225.png 300w, https:\/\/vulcan-automation.com\/dev\/wp-content\/uploads\/2025\/07\/winepackaging10910202641-768x576.png 768w, https:\/\/vulcan-automation.com\/dev\/wp-content\/uploads\/2025\/07\/winepackaging10910202641.png 1200w\" sizes=\"(max-width: 1024px) 100vw, 1024px\" \/>\t\t\t\t\t\t\t\t\t\t\t\t\t\t\t<\/div>\n\t\t\t\t<\/div>\n\t\t\t\t<\/div>\n\t\t\t\t\t<\/div>\n\t\t\t\t<\/div>\n\t\t<div class=\"elementor-element elementor-element-c55eb59 e-flex e-con-boxed e-con e-parent\" data-id=\"c55eb59\" data-element_type=\"container\" data-e-type=\"container\">\n\t\t\t\t\t<div class=\"e-con-inner\">\n\t\t\t\t<div class=\"elementor-element elementor-element-7ac535c elementor-widget elementor-widget-heading\" data-id=\"7ac535c\" data-element_type=\"widget\" data-e-type=\"widget\" data-widget_type=\"heading.default\">\n\t\t\t\t<div class=\"elementor-widget-container\">\n\t\t\t\t\t<h2 class=\"elementor-heading-title elementor-size-default\">M\u0171szaki specifik\u00e1ci\u00f3k<\/h2>\t\t\t\t<\/div>\n\t\t\t\t<\/div>\n\t\t\t\t<div class=\"elementor-element elementor-element-0f8398b elementor-widget elementor-widget-text-editor\" data-id=\"0f8398b\" data-element_type=\"widget\" data-e-type=\"widget\" data-widget_type=\"text-editor.default\">\n\t\t\t\t<div class=\"elementor-widget-container\">\n\t\t\t\t\t\t\t\t\tAutomatikus doboz fel\u00e1ll\u00edt\u00e1s \u00e9s palack elhelyez\u00e9s &#8211; standard megold\u00e1s\n\n&nbsp;\n<table>\n<tbody>\n<tr>\n<td>Maxim\u00e1lis sebess\u00e9g<\/td>\n<td>2.000 palack\/\u00f3ra egy\u00fcttm\u0171k\u00f6d\u0151 robottal (6 palack\/doboz)<br>*Ez n\u00f6velhet\u0151 ipari robottal vagy dobozadagol\u00f3val.<\/td>\n<\/tr>\n<tr>\n<td>Doboz t\u00edpusa<\/td>\n<td>Automatikus dobozfel\u00e1ll\u00edt\u00e1s<br>*k\u00fcl\u00f6nb\u00f6z\u0151 doboz t\u00edpusok lehets\u00e9gesek<\/td>\n<\/tr>\n\n<tr>\n<td>Raklapm\u00e9retek<\/td>\n<td>Szabadon testre szabhat\u00f3<\/td>\n<\/tr>\n<tr>\n<td>Raklapmint\u00e1k<\/td>\n<td>El\u0151re meghat\u00e1rozott mint\u00e1k vagy automatikus mintaoptimaliz\u00e1l\u00e1s<\/td>\n<\/tr>\n<tr>\n<td>Raklap magass\u00e1ga<\/td>\n<td>Testre szabhat\u00f3<\/td>\n<\/tr>\n<\/tbody>\n<\/table>\t\t\t\t\t\t\t\t<\/div>\n\t\t\t\t<\/div>\n\t\t\t\t\t<\/div>\n\t\t\t\t<\/div>\n\t\t<div class=\"elementor-element elementor-element-68af30c e-flex e-con-boxed e-con e-parent\" data-id=\"68af30c\" data-element_type=\"container\" data-e-type=\"container\">\n\t\t\t\t\t<div class=\"e-con-inner\">\n\t\t\t\t<div class=\"elementor-element elementor-element-367089d elementor-widget elementor-widget-heading\" data-id=\"367089d\" data-element_type=\"widget\" data-e-type=\"widget\" data-widget_type=\"heading.default\">\n\t\t\t\t<div class=\"elementor-widget-container\">\n\t\t\t\t\t<h2 class=\"elementor-heading-title elementor-size-default\">A megold\u00e1s szak\u00e9rt\u0151je:<\/h2>\t\t\t\t<\/div>\n\t\t\t\t<\/div>\n\t\t<div class=\"elementor-element elementor-element-08ae3ca e-con-full e-flex e-con e-child\" data-id=\"08ae3ca\" data-element_type=\"container\" data-e-type=\"container\">\n\t\t\t\t<div class=\"elementor-element elementor-element-2ca964d elementor-widget elementor-widget-image\" data-id=\"2ca964d\" data-element_type=\"widget\" data-e-type=\"widget\" data-widget_type=\"image.default\">\n\t\t\t\t<div class=\"elementor-widget-container\">\n\t\t\t\t\t\t\t\t\t\t\t\t\t\t\t<img loading=\"lazy\" decoding=\"async\" width=\"300\" height=\"300\" src=\"https:\/\/vulcan-automation.com\/dev\/wp-content\/uploads\/2025\/07\/galambos-300x300.png\" class=\"attachment-medium size-medium wp-image-4500\" alt=\"Galambos Istv\u00e1n \u00e9rt\u00e9kes\u00edt\u00e9si vezet\u0151\" srcset=\"https:\/\/vulcan-automation.com\/dev\/wp-content\/uploads\/2025\/07\/galambos-300x300.png 300w, https:\/\/vulcan-automation.com\/dev\/wp-content\/uploads\/2025\/07\/galambos-150x150.png 150w, https:\/\/vulcan-automation.com\/dev\/wp-content\/uploads\/2025\/07\/galambos.png 728w\" sizes=\"(max-width: 300px) 100vw, 300px\" \/>\t\t\t\t\t\t\t\t\t\t\t\t\t\t\t<\/div>\n\t\t\t\t<\/div>\n\t\t\t\t<div class=\"elementor-element elementor-element-d0a10e0 elementor-widget elementor-widget-text-editor\" data-id=\"d0a10e0\" data-element_type=\"widget\" data-e-type=\"widget\" data-widget_type=\"text-editor.default\">\n\t\t\t\t<div class=\"elementor-widget-container\">\n\t\t\t\t\t\t\t\t\t<p><strong>Galambos Istv\u00e1n<\/strong><\/p><p>\u00c9rt\u00e9kes\u00edt\u00e9si menedzser<\/p><p>+36-70-881 9279<\/p><p>istvan.galambos@vulcan-automation.com<\/p>\t\t\t\t\t\t\t\t<\/div>\n\t\t\t\t<\/div>\n\t\t\t\t<\/div>\n\t\t\t\t\t<\/div>\n\t\t\t\t<\/div>\n\t\t\t\t<\/div>","protected":false},"excerpt":{"rendered":"<p>Boros\u00fcvegek csomgol\u00e1sa \u00e9s raklapoz\u00e1sa Automatiz\u00e1lt boros\u00fcveg csomagol\u00e1s hat\u00e9konyan \u00e9s eleg\u00e1nsan \u2014 a t\u00f6lt\u0151sort\u00f3l a raklapoz\u00e1sig. Besz\u00e9ljen egy szak\u00e9rt\u0151nkkel Robotic Wine Bottle Packing, Casing and Palletising A Vulcan Automation egyedi robotikai rendszereket sz\u00e1ll\u00edt, amelyek automatiz\u00e1lj\u00e1k az eg\u00e9sz \u00fcvegcsomagol\u00e1si folyamatot, a t\u00f6lt\u0151sor v\u00e9g\u00e9t\u0151l a f\u00f3li\u00e1zott raklapig. Rendszer\u00fcnk a megt\u00f6lt\u00f6tt \u00fcvegeket fogadja, kihajtja \u00e9s fel\u00e1ll\u00edtja a kartondobozokat, prec\u00edzen [&hellip;]<\/p>","protected":false},"author":1,"featured_media":0,"parent":0,"menu_order":0,"comment_status":"closed","ping_status":"closed","template":"","meta":{"site-sidebar-layout":"no-sidebar","site-content-layout":"page-builder","ast-site-content-layout":"full-width-container","site-content-style":"default","site-sidebar-style":"default","ast-global-header-display":"","ast-banner-title-visibility":"","ast-main-header-display":"","ast-hfb-above-header-display":"","ast-hfb-below-header-display":"","ast-hfb-mobile-header-display":"","site-post-title":"disabled","ast-breadcrumbs-content":"","ast-featured-img":"disabled","footer-sml-layout":"","theme-transparent-header-meta":"","adv-header-id-meta":"","stick-header-meta":"","header-above-stick-meta":"","header-main-stick-meta":"","header-below-stick-meta":"","astra-migrate-meta-layouts":"default","ast-page-background-enabled":"default","ast-page-background-meta":{"desktop":{"background-color":"var(--ast-global-color-4)","background-image":"","background-repeat":"repeat","background-position":"center center","background-size":"auto","background-attachment":"scroll","background-type":"","background-media":"","overlay-type":"","overlay-color":"","overlay-opacity":"","overlay-gradient":""},"tablet":{"background-color":"","background-image":"","background-repeat":"repeat","background-position":"center center","background-size":"auto","background-attachment":"scroll","background-type":"","background-media":"","overlay-type":"","overlay-color":"","overlay-opacity":"","overlay-gradient":""},"mobile":{"background-color":"","background-image":"","background-repeat":"repeat","background-position":"center center","background-size":"auto","background-attachment":"scroll","background-type":"","background-media":"","overlay-type":"","overlay-color":"","overlay-opacity":"","overlay-gradient":""}},"ast-content-background-meta":{"desktop":{"background-color":"var(--ast-global-color-5)","background-image":"","background-repeat":"repeat","background-position":"center center","background-size":"auto","background-attachment":"scroll","background-type":"","background-media":"","overlay-type":"","overlay-color":"","overlay-opacity":"","overlay-gradient":""},"tablet":{"background-color":"var(--ast-global-color-5)","background-image":"","background-repeat":"repeat","background-position":"center center","background-size":"auto","background-attachment":"scroll","background-type":"","background-media":"","overlay-type":"","overlay-color":"","overlay-opacity":"","overlay-gradient":""},"mobile":{"background-color":"var(--ast-global-color-5)","background-image":"","background-repeat":"repeat","background-position":"center center","background-size":"auto","background-attachment":"scroll","background-type":"","background-media":"","overlay-type":"","overlay-color":"","overlay-opacity":"","overlay-gradient":""}},"footnotes":""},"class_list":["post-4822","page","type-page","status-publish","hentry"],"_links":{"self":[{"href":"https:\/\/vulcan-automation.com\/dev\/hu\/wp-json\/wp\/v2\/pages\/4822","targetHints":{"allow":["GET"]}}],"collection":[{"href":"https:\/\/vulcan-automation.com\/dev\/hu\/wp-json\/wp\/v2\/pages"}],"about":[{"href":"https:\/\/vulcan-automation.com\/dev\/hu\/wp-json\/wp\/v2\/types\/page"}],"author":[{"embeddable":true,"href":"https:\/\/vulcan-automation.com\/dev\/hu\/wp-json\/wp\/v2\/users\/1"}],"replies":[{"embeddable":true,"href":"https:\/\/vulcan-automation.com\/dev\/hu\/wp-json\/wp\/v2\/comments?post=4822"}],"version-history":[{"count":12,"href":"https:\/\/vulcan-automation.com\/dev\/hu\/wp-json\/wp\/v2\/pages\/4822\/revisions"}],"predecessor-version":[{"id":4869,"href":"https:\/\/vulcan-automation.com\/dev\/hu\/wp-json\/wp\/v2\/pages\/4822\/revisions\/4869"}],"wp:attachment":[{"href":"https:\/\/vulcan-automation.com\/dev\/hu\/wp-json\/wp\/v2\/media?parent=4822"}],"curies":[{"name":"wp","href":"https:\/\/api.w.org\/{rel}","templated":true}]}}