{"id":4982,"date":"2025-07-09T16:42:03","date_gmt":"2025-07-09T14:42:03","guid":{"rendered":"https:\/\/vulcan-automation.com\/umgang-mit-kleinen-flugblaettern\/"},"modified":"2026-02-05T23:03:14","modified_gmt":"2026-02-05T22:03:14","slug":"umgang-mit-kleinen-flugblaettern","status":"publish","type":"page","link":"https:\/\/vulcan-automation.com\/de\/umgang-mit-kleinen-flugblaettern\/","title":{"rendered":"Umgang mit kleinen Flugbl\u00e4ttern"},"content":{"rendered":"\t\t<div data-elementor-type=\"wp-page\" data-elementor-id=\"4982\" class=\"elementor elementor-4982 elementor-4557\" data-elementor-post-type=\"page\">\n\t\t\t\t<div class=\"elementor-element elementor-element-dbc2ddd e-flex e-con-boxed e-con e-parent\" data-id=\"dbc2ddd\" data-element_type=\"container\" data-e-type=\"container\" data-settings=\"{&quot;background_background&quot;:&quot;classic&quot;}\">\n\t\t\t\t\t<div class=\"e-con-inner\">\n\t\t\t\t<div class=\"elementor-element elementor-element-358eb1c elementor-widget elementor-widget-heading\" data-id=\"358eb1c\" data-element_type=\"widget\" data-e-type=\"widget\" data-widget_type=\"heading.default\">\n\t\t\t\t<div class=\"elementor-widget-container\">\n\t\t\t\t\t<h1 class=\"elementor-heading-title elementor-size-default\">Palettierroboter mit kleinem Fassungsverm\u00f6gen<\/h1>\t\t\t\t<\/div>\n\t\t\t\t<\/div>\n\t\t<div class=\"elementor-element elementor-element-9d6405f e-con-full e-flex e-con e-child\" data-id=\"9d6405f\" data-element_type=\"container\" data-e-type=\"container\">\n\t\t\t\t<div class=\"elementor-element elementor-element-8b6f892 elementor-widget elementor-widget-text-editor\" data-id=\"8b6f892\" data-element_type=\"widget\" data-e-type=\"widget\" data-widget_type=\"text-editor.default\">\n\t\t\t\t<div class=\"elementor-widget-container\">\n\t\t\t\t\t\t\t\t\t<p>Lassen Sie Ihre Maschinenexperten sich auf das konzentrieren, was sie am besten k\u00f6nnen. \u00dcberlassen Sie den Rest dem Kerberos-KF! <\/p>\t\t\t\t\t\t\t\t<\/div>\n\t\t\t\t<\/div>\n\t\t\t\t<div class=\"elementor-element elementor-element-1938b2e elementor-widget elementor-widget-button\" data-id=\"1938b2e\" data-element_type=\"widget\" data-e-type=\"widget\" data-widget_type=\"button.default\">\n\t\t\t\t<div class=\"elementor-widget-container\">\n\t\t\t\t\t\t\t\t\t<div class=\"elementor-button-wrapper\">\n\t\t\t\t\t<a class=\"elementor-button elementor-button-link elementor-size-sm\" href=\"#\">\n\t\t\t\t\t\t<span class=\"elementor-button-content-wrapper\">\n\t\t\t\t\t\t\t\t\t<span class=\"elementor-button-text\">Sprechen Sie mit einem Experten<\/span>\n\t\t\t\t\t<\/span>\n\t\t\t\t\t<\/a>\n\t\t\t\t<\/div>\n\t\t\t\t\t\t\t\t<\/div>\n\t\t\t\t<\/div>\n\t\t\t\t<\/div>\n\t\t\t\t\t<\/div>\n\t\t\t\t<\/div>\n\t\t<div class=\"elementor-element elementor-element-765aab6 e-flex e-con-boxed e-con e-parent\" data-id=\"765aab6\" data-element_type=\"container\" data-e-type=\"container\">\n\t\t\t\t\t<div class=\"e-con-inner\">\n\t\t\t\t<div class=\"elementor-element elementor-element-86d20d2 elementor-widget elementor-widget-heading\" data-id=\"86d20d2\" data-element_type=\"widget\" data-e-type=\"widget\" data-widget_type=\"heading.default\">\n\t\t\t\t<div class=\"elementor-widget-container\">\n\t\t\t\t\t<h2 class=\"elementor-heading-title elementor-size-default\">Was ist Kerberos-KF?<\/h2>\t\t\t\t<\/div>\n\t\t\t\t<\/div>\n\t\t<div class=\"elementor-element elementor-element-fb39149 e-con-full e-flex e-con e-child\" data-id=\"fb39149\" data-element_type=\"container\" data-e-type=\"container\">\n\t\t\t\t<div class=\"elementor-element elementor-element-3bf2c4f elementor-widget__width-initial elementor-widget elementor-widget-text-editor\" data-id=\"3bf2c4f\" data-element_type=\"widget\" data-e-type=\"widget\" data-widget_type=\"text-editor.default\">\n\t\t\t\t<div class=\"elementor-widget-container\">\n\t\t\t\t\t\t\t\t\t<p>Kerberos-KF sammelt Flugbl\u00e4tter, Beilagen oder Outserts direkt von der Falzmaschine in Stapeln und legt sie in Papierschalen. Ob diese dann in Kartons oder auf einer Palette landen, h\u00e4ngt nur von Ihnen ab. <\/p><p>Kerberos-KF<\/p><ul><li>kann an Ihre Bed\u00fcrfnisse angepasst werden<\/li><li>kann eine breite Palette von Gr\u00f6\u00dfen verarbeiten<\/li><li>ist flexibel und mobil<\/li><\/ul>\t\t\t\t\t\t\t\t<\/div>\n\t\t\t\t<\/div>\n\t\t\t\t<div class=\"elementor-element elementor-element-c990a5d elementor-widget elementor-widget-video\" data-id=\"c990a5d\" data-element_type=\"widget\" data-e-type=\"widget\" data-settings=\"{&quot;youtube_url&quot;:&quot;https:\\\/\\\/www.youtube.com\\\/watch?v=ZhMFH9Fycg0&quot;,&quot;video_type&quot;:&quot;youtube&quot;,&quot;controls&quot;:&quot;yes&quot;}\" data-widget_type=\"video.default\">\n\t\t\t\t<div class=\"elementor-widget-container\">\n\t\t\t\t\t\t\t<div class=\"elementor-wrapper elementor-open-inline\">\n\t\t\t<div class=\"elementor-video\"><\/div>\t\t<\/div>\n\t\t\t\t\t\t<\/div>\n\t\t\t\t<\/div>\n\t\t\t\t<\/div>\n\t\t\t\t\t<\/div>\n\t\t\t\t<\/div>\n\t\t<div class=\"elementor-element elementor-element-939fd2a e-flex e-con-boxed e-con e-parent\" data-id=\"939fd2a\" data-element_type=\"container\" data-e-type=\"container\">\n\t\t\t\t\t<div class=\"e-con-inner\">\n\t\t\t\t<div class=\"elementor-element elementor-element-a754d7d elementor-widget elementor-widget-heading\" data-id=\"a754d7d\" data-element_type=\"widget\" data-e-type=\"widget\" data-widget_type=\"heading.default\">\n\t\t\t\t<div class=\"elementor-widget-container\">\n\t\t\t\t\t<h2 class=\"elementor-heading-title elementor-size-default\">Wesentliche Merkmale<\/h2>\t\t\t\t<\/div>\n\t\t\t\t<\/div>\n\t\t<div class=\"elementor-element elementor-element-0da0318 e-con-full e-flex e-con e-child\" data-id=\"0da0318\" data-element_type=\"container\" data-e-type=\"container\">\n\t\t\t\t<div class=\"elementor-element elementor-element-e75d14e elementor-widget__width-initial elementor-widget elementor-widget-text-editor\" data-id=\"e75d14e\" data-element_type=\"widget\" data-e-type=\"widget\" data-widget_type=\"text-editor.default\">\n\t\t\t\t<div class=\"elementor-widget-container\">\n\t\t\t\t\t\t\t\t\t<ul><li>Gro\u00dfe Auswahl an Faltblatt- und Traygr\u00f6\u00dfen<\/li><li>Automatische Palettenmusterberechnung<\/li><li>Anpassbar<\/li><li>Sammlung von Qualit\u00e4tsproben<\/li><li>Sorgf\u00e4ltiger Umgang mit Flugbl\u00e4ttern<\/li><li>Liefereinheit in Kerberos-KF2 enthalten<\/li><li>Optionales Drehmodul<\/li><\/ul>\t\t\t\t\t\t\t\t<\/div>\n\t\t\t\t<\/div>\n\t\t\t\t<div class=\"elementor-element elementor-element-93ceb9b elementor-widget elementor-widget-image\" data-id=\"93ceb9b\" data-element_type=\"widget\" data-e-type=\"widget\" data-widget_type=\"image.default\">\n\t\t\t\t<div class=\"elementor-widget-container\">\n\t\t\t\t\t\t\t\t\t\t\t\t\t\t\t<img fetchpriority=\"high\" decoding=\"async\" width=\"1024\" height=\"768\" src=\"https:\/\/vulcan-automation.com\/wp-content\/uploads\/2025\/07\/Vulcan_Automation_Insert_Handling-1024x768.png\" class=\"attachment-large size-large wp-image-4572\" alt=\"Verpackungsroboter einsetzen\" srcset=\"https:\/\/vulcan-automation.com\/wp-content\/uploads\/2025\/07\/Vulcan_Automation_Insert_Handling-1024x768.png 1024w, https:\/\/vulcan-automation.com\/wp-content\/uploads\/2025\/07\/Vulcan_Automation_Insert_Handling-300x225.png 300w, https:\/\/vulcan-automation.com\/wp-content\/uploads\/2025\/07\/Vulcan_Automation_Insert_Handling-768x576.png 768w, https:\/\/vulcan-automation.com\/wp-content\/uploads\/2025\/07\/Vulcan_Automation_Insert_Handling.png 1200w\" sizes=\"(max-width: 1024px) 100vw, 1024px\" \/>\t\t\t\t\t\t\t\t\t\t\t\t\t\t\t<\/div>\n\t\t\t\t<\/div>\n\t\t\t\t<\/div>\n\t\t\t\t\t<\/div>\n\t\t\t\t<\/div>\n\t\t<div class=\"elementor-element elementor-element-e3cdf70 e-flex e-con-boxed e-con e-parent\" data-id=\"e3cdf70\" data-element_type=\"container\" data-e-type=\"container\">\n\t\t\t\t\t<div class=\"e-con-inner\">\n\t\t\t\t<div class=\"elementor-element elementor-element-24a09db elementor-widget elementor-widget-heading\" data-id=\"24a09db\" data-element_type=\"widget\" data-e-type=\"widget\" data-widget_type=\"heading.default\">\n\t\t\t\t<div class=\"elementor-widget-container\">\n\t\t\t\t\t<h2 class=\"elementor-heading-title elementor-size-default\">Ma\u00dfgeschneidert f\u00fcr Ihre Bed\u00fcrfnisse<\/h2>\t\t\t\t<\/div>\n\t\t\t\t<\/div>\n\t\t<div class=\"elementor-element elementor-element-9b404f3 e-con-full e-flex e-con e-child\" data-id=\"9b404f3\" data-element_type=\"container\" data-e-type=\"container\">\n\t\t\t\t<div class=\"elementor-element elementor-element-6e34c48 elementor-widget__width-initial elementor-widget elementor-widget-text-editor\" data-id=\"6e34c48\" data-element_type=\"widget\" data-e-type=\"widget\" data-widget_type=\"text-editor.default\">\n\t\t\t\t<div class=\"elementor-widget-container\">\n\t\t\t\t\t\t\t\t\t<p>Als Maschinenbauer haben wir unendlich viele M\u00f6glichkeiten, Kerberos-KF an Ihren Betrieb anzupassen.  <\/p><ul><li>Er kann Trays in Kartons oder auf eine Palette stellen<\/li><li>Es kann mit Ihrem MES-System kommunizieren.  <\/li><li>Wir k\u00f6nnen jede Dimension oder jeden Parameter anpassen, den Sie w\u00fcnschen.<\/li><li>Wir k\u00f6nnen die HMI so anpassen, dass sie das anzeigt, was f\u00fcr Ihre Bediener am wichtigsten ist. In Ihrer Sprache. <\/li><li>Ein Wendemodul kann Flugbl\u00e4tter bei Bedarf auf den Kopf stellen<\/li><li>Visuelle Inspektion mit Kamera kann hinzugef\u00fcgt werden<\/li><\/ul>\t\t\t\t\t\t\t\t<\/div>\n\t\t\t\t<\/div>\n\t\t\t\t<div class=\"elementor-element elementor-element-49f9306 elementor-widget elementor-widget-image\" data-id=\"49f9306\" data-element_type=\"widget\" data-e-type=\"widget\" data-widget_type=\"image.default\">\n\t\t\t\t<div class=\"elementor-widget-container\">\n\t\t\t\t\t\t\t\t\t\t\t\t\t\t\t<img decoding=\"async\" width=\"1024\" height=\"768\" src=\"https:\/\/vulcan-automation.com\/wp-content\/uploads\/2025\/07\/Kerberos_KF2_2025-Mar-14_10-22-10AM-000_CustomizedView15756606921_png-1024x768.png\" class=\"attachment-large size-large wp-image-4568\" alt=\"Roboter zur Handhabung von Beilagen\" srcset=\"https:\/\/vulcan-automation.com\/wp-content\/uploads\/2025\/07\/Kerberos_KF2_2025-Mar-14_10-22-10AM-000_CustomizedView15756606921_png-1024x768.png 1024w, https:\/\/vulcan-automation.com\/wp-content\/uploads\/2025\/07\/Kerberos_KF2_2025-Mar-14_10-22-10AM-000_CustomizedView15756606921_png-300x225.png 300w, https:\/\/vulcan-automation.com\/wp-content\/uploads\/2025\/07\/Kerberos_KF2_2025-Mar-14_10-22-10AM-000_CustomizedView15756606921_png-768x576.png 768w, https:\/\/vulcan-automation.com\/wp-content\/uploads\/2025\/07\/Kerberos_KF2_2025-Mar-14_10-22-10AM-000_CustomizedView15756606921_png.png 1200w\" sizes=\"(max-width: 1024px) 100vw, 1024px\" \/>\t\t\t\t\t\t\t\t\t\t\t\t\t\t\t<\/div>\n\t\t\t\t<\/div>\n\t\t\t\t<\/div>\n\t\t\t\t\t<\/div>\n\t\t\t\t<\/div>\n\t\t<div class=\"elementor-element elementor-element-c55eb59 e-flex e-con-boxed e-con e-parent\" data-id=\"c55eb59\" data-element_type=\"container\" data-e-type=\"container\">\n\t\t\t\t\t<div class=\"e-con-inner\">\n\t\t\t\t<div class=\"elementor-element elementor-element-7ac535c elementor-widget elementor-widget-heading\" data-id=\"7ac535c\" data-element_type=\"widget\" data-e-type=\"widget\" data-widget_type=\"heading.default\">\n\t\t\t\t<div class=\"elementor-widget-container\">\n\t\t\t\t\t<h2 class=\"elementor-heading-title elementor-size-default\">Technische Daten<\/h2>\t\t\t\t<\/div>\n\t\t\t\t<\/div>\n\t\t\t\t<div class=\"elementor-element elementor-element-0f8398b elementor-widget elementor-widget-text-editor\" data-id=\"0f8398b\" data-element_type=\"widget\" data-e-type=\"widget\" data-widget_type=\"text-editor.default\">\n\t\t\t\t<div class=\"elementor-widget-container\">\n\t\t\t\t\t\t\t\t\t<table>\n<tbody>\n<tr>\n<td>Maximale Geschwindigkeit<\/td>\n<td>6.500 Flugbl\u00e4tter\/Stunde, 100 Tabletts\/Stunde<\/td>\n<\/tr>\n<tr>\n<td>Flugblattgr\u00f6\u00dfen<\/td>\n<td>min. 45x22x0,9mm, \nmax. 165x148x10mm<br>Individuell anpassbar auf Anfrage <\/td>\n<\/tr>\n<tr>\n<td>Tablettgr\u00f6\u00dfen<\/td>\n<td>min. 48x300x20mm, \nmax. 168x600x98mm<br>Individuell anpassbar auf Anfrage <\/td>\n<\/tr>\n<tr>\n<td>Gewicht des Papierstapels<\/td>\n<td>max. 3kg<br>Individuell anpassbar auf Anfrage <\/td>\n<\/tr>\n<tr>\n<td>Palettengr\u00f6\u00dfen<\/td>\n<td>Frei anpassbar<\/td>\n<\/tr>\n<tr>\n<td>Palettenmuster<\/td>\n<td>Vordefinierte Muster oder automatische Musteroptimierung<\/td>\n<\/tr>\n<tr>\n<td>Palettenh\u00f6he<\/td>\n<td>1400mm ohne Hubs\u00e4ule<br>Anpassbar auf Anfrage<\/td>\n<\/tr>\n<\/tbody>\n<\/table>\t\t\t\t\t\t\t\t<\/div>\n\t\t\t\t<\/div>\n\t\t\t\t\t<\/div>\n\t\t\t\t<\/div>\n\t\t<div class=\"elementor-element elementor-element-68af30c e-flex e-con-boxed e-con e-parent\" data-id=\"68af30c\" data-element_type=\"container\" data-e-type=\"container\">\n\t\t\t\t\t<div class=\"e-con-inner\">\n\t\t\t\t<div class=\"elementor-element elementor-element-367089d elementor-widget elementor-widget-heading\" data-id=\"367089d\" data-element_type=\"widget\" data-e-type=\"widget\" data-widget_type=\"heading.default\">\n\t\t\t\t<div class=\"elementor-widget-container\">\n\t\t\t\t\t<h2 class=\"elementor-heading-title elementor-size-default\">Experte f\u00fcr L\u00f6sungen<\/h2>\t\t\t\t<\/div>\n\t\t\t\t<\/div>\n\t\t<div class=\"elementor-element elementor-element-08ae3ca e-con-full e-flex e-con e-child\" data-id=\"08ae3ca\" data-element_type=\"container\" data-e-type=\"container\">\n\t\t\t\t<div class=\"elementor-element elementor-element-2ca964d elementor-widget elementor-widget-image\" data-id=\"2ca964d\" data-element_type=\"widget\" data-e-type=\"widget\" data-widget_type=\"image.default\">\n\t\t\t\t<div class=\"elementor-widget-container\">\n\t\t\t\t\t\t\t\t\t\t\t\t\t\t\t<img decoding=\"async\" width=\"300\" height=\"300\" src=\"https:\/\/vulcan-automation.com\/wp-content\/uploads\/2025\/07\/galambos-300x300.png\" class=\"attachment-medium size-medium wp-image-4499\" alt=\"Istv\u00e1n Galambos Verkaufsleiter\" srcset=\"https:\/\/vulcan-automation.com\/wp-content\/uploads\/2025\/07\/galambos-300x300.png 300w, https:\/\/vulcan-automation.com\/wp-content\/uploads\/2025\/07\/galambos-150x150.png 150w, https:\/\/vulcan-automation.com\/wp-content\/uploads\/2025\/07\/galambos.png 728w\" sizes=\"(max-width: 300px) 100vw, 300px\" \/>\t\t\t\t\t\t\t\t\t\t\t\t\t\t\t<\/div>\n\t\t\t\t<\/div>\n\t\t\t\t<div class=\"elementor-element elementor-element-d0a10e0 elementor-widget elementor-widget-text-editor\" data-id=\"d0a10e0\" data-element_type=\"widget\" data-e-type=\"widget\" data-widget_type=\"text-editor.default\">\n\t\t\t\t<div class=\"elementor-widget-container\">\n\t\t\t\t\t\t\t\t\t<p><strong>Istv\u00e1n Galambos<\/strong><\/p><p>Verkaufsleiter<\/p><p>+36-70-881 9279<\/p><p>istvan.galambos@vulcan-automation.com<\/p>\t\t\t\t\t\t\t\t<\/div>\n\t\t\t\t<\/div>\n\t\t\t\t<\/div>\n\t\t\t\t\t<\/div>\n\t\t\t\t<\/div>\n\t\t\t\t<\/div>\n\t\t","protected":false},"excerpt":{"rendered":"<p>Palettierroboter mit kleinem Fassungsverm\u00f6gen Lassen Sie Ihre Maschinenexperten sich auf das konzentrieren, was sie am besten k\u00f6nnen. \u00dcberlassen Sie den Rest dem Kerberos-KF! Sprechen Sie mit einem Experten Was ist Kerberos-KF? Kerberos-KF sammelt Flugbl\u00e4tter, Beilagen oder Outserts direkt von der Falzmaschine in Stapeln und legt sie in Papierschalen. Ob diese dann in Kartons oder auf [&hellip;]<\/p>\n","protected":false},"author":1,"featured_media":0,"parent":0,"menu_order":0,"comment_status":"closed","ping_status":"closed","template":"","meta":{"content-type":"","site-sidebar-layout":"no-sidebar","site-content-layout":"page-builder","ast-site-content-layout":"full-width-container","site-content-style":"default","site-sidebar-style":"default","ast-global-header-display":"","ast-banner-title-visibility":"","ast-main-header-display":"","ast-hfb-above-header-display":"","ast-hfb-below-header-display":"","ast-hfb-mobile-header-display":"","site-post-title":"disabled","ast-breadcrumbs-content":"","ast-featured-img":"disabled","footer-sml-layout":"","ast-disable-related-posts":"","theme-transparent-header-meta":"","adv-header-id-meta":"","stick-header-meta":"","header-above-stick-meta":"","header-main-stick-meta":"","header-below-stick-meta":"","astra-migrate-meta-layouts":"default","ast-page-background-enabled":"default","ast-page-background-meta":{"desktop":{"background-color":"var(--ast-global-color-4)","background-image":"","background-repeat":"repeat","background-position":"center center","background-size":"auto","background-attachment":"scroll","background-type":"","background-media":"","overlay-type":"","overlay-color":"","overlay-opacity":"","overlay-gradient":""},"tablet":{"background-color":"","background-image":"","background-repeat":"repeat","background-position":"center center","background-size":"auto","background-attachment":"scroll","background-type":"","background-media":"","overlay-type":"","overlay-color":"","overlay-opacity":"","overlay-gradient":""},"mobile":{"background-color":"","background-image":"","background-repeat":"repeat","background-position":"center center","background-size":"auto","background-attachment":"scroll","background-type":"","background-media":"","overlay-type":"","overlay-color":"","overlay-opacity":"","overlay-gradient":""}},"ast-content-background-meta":{"desktop":{"background-color":"var(--ast-global-color-5)","background-image":"","background-repeat":"repeat","background-position":"center center","background-size":"auto","background-attachment":"scroll","background-type":"","background-media":"","overlay-type":"","overlay-color":"","overlay-opacity":"","overlay-gradient":""},"tablet":{"background-color":"var(--ast-global-color-5)","background-image":"","background-repeat":"repeat","background-position":"center center","background-size":"auto","background-attachment":"scroll","background-type":"","background-media":"","overlay-type":"","overlay-color":"","overlay-opacity":"","overlay-gradient":""},"mobile":{"background-color":"var(--ast-global-color-5)","background-image":"","background-repeat":"repeat","background-position":"center center","background-size":"auto","background-attachment":"scroll","background-type":"","background-media":"","overlay-type":"","overlay-color":"","overlay-opacity":"","overlay-gradient":""}},"footnotes":""},"class_list":["post-4982","page","type-page","status-publish","hentry"],"_links":{"self":[{"href":"https:\/\/vulcan-automation.com\/de\/wp-json\/wp\/v2\/pages\/4982","targetHints":{"allow":["GET"]}}],"collection":[{"href":"https:\/\/vulcan-automation.com\/de\/wp-json\/wp\/v2\/pages"}],"about":[{"href":"https:\/\/vulcan-automation.com\/de\/wp-json\/wp\/v2\/types\/page"}],"author":[{"embeddable":true,"href":"https:\/\/vulcan-automation.com\/de\/wp-json\/wp\/v2\/users\/1"}],"replies":[{"embeddable":true,"href":"https:\/\/vulcan-automation.com\/de\/wp-json\/wp\/v2\/comments?post=4982"}],"version-history":[{"count":1,"href":"https:\/\/vulcan-automation.com\/de\/wp-json\/wp\/v2\/pages\/4982\/revisions"}],"predecessor-version":[{"id":4983,"href":"https:\/\/vulcan-automation.com\/de\/wp-json\/wp\/v2\/pages\/4982\/revisions\/4983"}],"wp:attachment":[{"href":"https:\/\/vulcan-automation.com\/de\/wp-json\/wp\/v2\/media?parent=4982"}],"curies":[{"name":"wp","href":"https:\/\/api.w.org\/{rel}","templated":true}]}}