{"id":4979,"date":"2025-07-02T12:52:34","date_gmt":"2025-07-02T10:52:34","guid":{"rendered":"https:\/\/vulcan-automation.com\/datenschutzbestimmungen\/"},"modified":"2026-02-05T23:28:43","modified_gmt":"2026-02-05T22:28:43","slug":"datenschutzbestimmungen","status":"publish","type":"page","link":"https:\/\/vulcan-automation.com\/de\/datenschutzbestimmungen\/","title":{"rendered":"Datenschutzbestimmungen"},"content":{"rendered":"\t\t<div data-elementor-type=\"wp-page\" data-elementor-id=\"4979\" class=\"elementor elementor-4979 elementor-3\" data-elementor-post-type=\"page\">\n\t\t\t\t<div class=\"elementor-element elementor-element-28a48b58 e-flex e-con-boxed e-con e-parent\" data-id=\"28a48b58\" data-element_type=\"container\" data-e-type=\"container\">\n\t\t\t\t\t<div class=\"e-con-inner\">\n\t\t\t\t<div class=\"elementor-element elementor-element-e71cfc6 elementor-widget elementor-widget-text-editor\" data-id=\"e71cfc6\" data-element_type=\"widget\" data-e-type=\"widget\" data-widget_type=\"text-editor.default\">\n\t\t\t\t<div class=\"elementor-widget-container\">\n\t\t\t\t\t\t\t\t\t<p>Diese Datenschutzerkl\u00e4rung beschreibt, wie wir Ihre Daten verwenden, wenn Sie unsere Website besuchen oder anderweitig mit uns interagieren.<\/p>\n<p> <\/p>\n<p><strong>Datenverantwortlicher:<\/strong><\/p>\n<p>Vulcan Automation Ltd.<\/p>\n<p>2045 T\u00f6r\u00f6kb\u00e1lint, Kinizsi P\u00e1l utca 29.<\/p>\n<p>Registrierungsnummer des Unternehmens: 13-09-216887<\/p>\n<p>Gesch\u00e4ftsf\u00fchrender Direktor: \u00c1kos D\u00f6m\u00f6t\u00f6r, akos.domotor@vulcan-automation.com<\/p>\n<p> <\/p>\n<p><strong>Welche pers\u00f6nlichen Daten sammeln wir?<\/strong><\/p>\n<p><strong>Identifizierende <\/strong>Informationen: z.B. Name, Benutzername und Passwort, offizielle ID- und Ausweisnummern, Geburtsdaten<\/p>\n<p><strong>Kontaktinformationen <\/strong><strong>:<\/strong> z.B. E-Mail-Adresse, Telefonnummer, Postanschrift<\/p>\n<p><strong>Finanzielle <\/strong>Daten<strong>:<\/strong> z.B. Bankkontodaten <\/p>\n<p><strong>Kommunikationspr\u00e4ferenzen<\/strong>: z.B. Ihre Pr\u00e4ferenzen, ob Sie Marketingmaterial von uns oder unseren Partnern erhalten m\u00f6chten, sowie den Inhalt oder das Format der Materialien, die Sie erhalten m\u00f6chten.<\/p>\n<p><strong>Transaktionsdaten <\/strong>: z.B. Informationen \u00fcber Zahlungen zwischen Ihnen und uns, Produkte und Dienstleistungen, die Sie gekauft haben oder die wir von Ihnen gekauft haben.<\/p>\n<p><strong>Technische<\/strong> Daten: z.B. IP-Adresse, Anmeldeinformationen, Typ und Version des Browsers und der Browser-Add-ons, Zeitzonen- und Standortdaten, Betriebssystem, Bildschirmaufl\u00f6sung und -farbe sowie andere Ger\u00e4tedaten. <\/p>\n<p><strong>Profilinformationen <\/strong>: z.B. Geschlecht, Firmenname, Position, Liste der Produkte und Dienstleistungen, die Sie gekauft haben, Informationen, an denen Sie interessiert waren, Ihr Feedback und Ihre Vorlieben.<\/p>\n<p><strong>Nutzungsdaten <\/strong>: zum Beispiel dar\u00fcber, wie Sie unsere Website, Produkte und Dienstleistungen nutzen.<\/p>\n<p><strong> <\/strong><\/p>\n<p> <\/p>\n<p><strong>Unsere Datenverarbeiter<\/strong><\/p>\n<p>Ein Datenverarbeiter ist eine nat\u00fcrliche oder juristische Person, eine Beh\u00f6rde, eine Agentur oder eine andere Stelle, die personenbezogene Daten im Auftrag des Verantwortlichen verarbeitet. Wir nutzen die Dienste der folgenden Datenverarbeiter: <\/p>\n<p><strong>Website-Betrieb, Webformulare, Entwicklung der Website-Nutzung<\/strong><\/p>\n<ul>\n<li>Hostinger International (&#8222;Hostinger&#8220;)<br>Adresse: 61 Lordou Vironos, Larnaca, CY, 6023, Zypern<br>Mehrwertsteuer: 10301365E<br>Telefon: +357 22232364<br>www.hostinger.com<\/li>\n<\/ul>\n<ul>\n<li>HubSpot Ireland Ltd (&#8222;HubSpot&#8220;)<br>Adresse: Ground Floor, Two Dockland Central, Guild Street, Dublin 1, Co. Dublin, Irland<br>Umsatzsteuer: IE9849471F<br>www.hubspot.com <\/li>\n<\/ul>\n<ul>\n<li>Google Ireland Limited (&#8222;Google&#8220;)<br>Adresse: Gordon House 4 Barrow Street Dublin, D04 E5W5, Irland<br>www.google.com<\/li>\n<\/ul>\n<p><strong>Kundenbeziehungsmanagement (CRM)<\/strong><\/p>\n<ul>\n<li>HubSpot Ireland Ltd (&#8222;HubSpot&#8220;)<br>Adresse: Ground Floor, Two Dockland Central, Guild Street, Dublin 1, Co. Dublin, Irland<br>Umsatzsteuer: IE9849471F<br>www.hubspot.com <\/li>\n<\/ul>\n<p><strong>Hosting, E-Mail, Cloud-Kommunikationsdienste<\/strong><\/p>\n<ul>\n<li>Microsoft Ireland Operations Ltd (&#8222;Microsoft&#8220;)<br>Adresse: One Microsoft Place, South County Business Park Leopardstown Dublin 18, D18 P521 Irland<br>Steuer-ID: IE8256796U<br>www.microsoft.com<\/li>\n<\/ul>\n<p><strong>Buchhaltung und Lohnbuchhaltung<\/strong><\/p>\n<ul>\n<li>M\u00e9sz\u00e1ros-Szab\u00f3 Fruzsina EV. (&#8222;M\u00e9sz\u00e1ros-Szab\u00f3&#8220;)<br>Firmensitz: 1213 Budapest, Vadgalamb \u00fat 30.<br>Registrierungsnummer: 55552758<br>Umsatzsteueridentifikationsnummer: 56854307-1-43 <\/li>\n<li>Billingo Technologies Zrt. (&#8222;Billingo&#8220;)<br>Adresse: Budapest, \u00c1rb\u00f3c utca 6., 1133, Ungarn<br>Steuernummer: 27926309-2-41 <\/li>\n<\/ul>\n<p><strong>Wie verwenden wir Ihre Daten?<\/strong><\/p>\n<table width=\"623\">\n<tbody>\n<tr>\n<td width=\"189\">\n<p><strong>Warum und wie verwenden wir Ihre Daten?<\/strong><\/p>\n<\/td>\n<td width=\"135\">\n<p><strong>Art der Daten<\/strong><\/p>\n<\/td>\n<td width=\"168\">\n<p><strong>Rechtsgrundlage<\/strong><\/p>\n<\/td>\n<td width=\"132\">\n<p><strong>Verwendete Datenverarbeitung<\/strong><\/p>\n<\/td>\n<\/tr>\n<tr>\n<td width=\"189\">\n<p>Um relevante Informationen auf unserer Website auf leicht zug\u00e4ngliche Weise anzuzeigen und die Effektivit\u00e4t unserer Webaktivit\u00e4ten zu messen<\/p>\n<\/td>\n<td width=\"135\">\n<p>Identifizierung, Verwendung, Technik, Kommunikationspr\u00e4ferenzen<\/p>\n<\/td>\n<td width=\"168\">\n<p>GDPR, Artikel 6 (1) f) Legitimes Interesse: um unsere Marketingaktivit\u00e4ten zu verbessern, unseren Umsatz zu steigern, zu verstehen, wie unsere Nutzer unsere Website nutzen. <\/p>\n<\/td>\n<td width=\"132\">\n<p>Hostinger, HubSpot, Google<\/p>\n<\/td>\n<\/tr>\n<tr>\n<td width=\"189\">\n<p>F\u00fcr die Erf\u00fcllung unserer Vertr\u00e4ge, f\u00fcr die Verwaltung unserer finanziellen Abrechnungen, f\u00fcr die Einziehung unserer Forderungen<\/p>\n<\/td>\n<td width=\"135\">\n<p>Identifikations-, Kontakt-, Finanz- und Transaktionsdaten<\/p>\n<\/td>\n<td width=\"168\">\n<p>GDPR Artikel 6 (1) b) Vertragserf\u00fcllung<\/p>\n<p>GDPR Artikel 6 (1) f) Unser berechtigtes Interesse<\/p>\n<\/td>\n<td width=\"132\">\n<p>Microsoft, Billingo<\/p>\n<p>HubSpot<\/p>\n<\/td>\n<\/tr>\n<tr>\n<td width=\"189\">\n<p>Profiling, um herauszufinden, f\u00fcr welche Themen Sie sich interessieren und welche Entscheidungsparameter f\u00fcr Sie wichtig sind, damit wir Ihnen die relevantesten Informationen liefern k\u00f6nnen.<\/p>\n<p>Wir f\u00fchren kein Profiling durch, das Sie einem erh\u00f6hten Risiko aussetzt. Wir verwenden keine automatisierte Entscheidungsfindung, um systematisch und detailliert Ihr pers\u00f6nliches Profil zu erstellen. <\/p>\n<\/td>\n<td width=\"135\">\n<p>Identifikator,<\/p>\n<p>Kontakt,<\/p>\n<p>Transaktionsbezogen,<\/p>\n<p>Profil,<\/p>\n<p>Verwendungsdaten,<\/p>\n<p>Pr\u00e4ferenzen f\u00fcr die Kommunikation<\/p>\n<\/td>\n<td width=\"168\">\n<p>GDPR Artikel 6 (1) f) Wir haben ein berechtigtes Interesse daran, unseren Zielmarkt zu definieren, um Sie mit relevanten Informationen zu versorgen, damit wir Ihnen die beste L\u00f6sung vorschlagen k\u00f6nnen. <\/p>\n<p>GDPR Artikel 6 (1) a) Ihre Zustimmung zur Verwendung von Cookies auf unserer Website <\/p>\n<\/td>\n<td width=\"132\">\n<p>HubSpot<\/p>\n<p>Microsoft<\/p>\n<\/td>\n<\/tr>\n<tr>\n<td width=\"189\">\n<p>Um Ihnen allgemeine Informationen \u00fcber unsere Programme und Angebote zukommen zu lassen, z.B. durch einen E-Mail-Newsletter oder andere postalische oder elektronische Mittel.<\/p>\n<\/td>\n<td width=\"135\">\n<p>Identifikator,<\/p>\n<p>Kontakt,<\/p>\n<p>Transaktionsbezogen,<\/p>\n<p>Profil,<\/p>\n<p>Pr\u00e4ferenzen f\u00fcr die Kommunikation<\/p>\n<\/td>\n<td width=\"168\">\n<p>GDPR Artikel 6 (1) (a) Ihre Zustimmung <\/p>\n<\/td>\n<td width=\"132\">\n<p>HubSpot, Microsoft<\/p>\n<\/td>\n<\/tr>\n<tr>\n<td width=\"189\">\n<p>Zur Bereitstellung verbesserter, ma\u00dfgeschneiderter Dienste \u00fcber unsere Website (z. B. Live-Chat)<\/p>\n<\/td>\n<td width=\"135\">\n<p>Identifikator,<\/p>\n<p>Kontakt,<\/p>\n<p>Kommunikationspr\u00e4ferenzen,<\/p>\n<p>Technisch<\/p>\n<p>Zur Verwendung<\/p>\n<\/td>\n<td width=\"168\">\n<p>GDPR Artikel 6 (1) a) Ihre Zustimmung durch die Annahme von Cookies <\/p>\n<\/td>\n<td width=\"132\">\n<p>HubSpot, Hostinger<\/p>\n<\/td>\n<\/tr>\n<tr>\n<td width=\"189\">\n<p>Wir sammeln pers\u00f6nliche Daten bei der Einstellung, die wir bei nicht ausgew\u00e4hlten Kandidaten l\u00f6schen.<\/p>\n<\/td>\n<td width=\"135\">\n<p>Identifikator,<\/p>\n<p>Kontakt,<\/p>\n<p>Finanzen,<\/p>\n<p>Profil<\/p>\n<\/td>\n<td width=\"168\">\n<p>GDPR Artikel 6 (1) a) Ihre Zustimmung, indem Sie uns diese Informationen zur Verf\u00fcgung stellen. <\/p>\n<\/td>\n<td width=\"132\">\n<p>Microsoft, M\u00e9sz\u00e1ros-Szab\u00f3<\/p>\n<\/td>\n<\/tr>\n<tr>\n<td width=\"189\">\n<p>Informationen, die von den Beh\u00f6rden zur Aufrechterhaltung des Arbeitsvertrags und der Gehaltsabrechnung ben\u00f6tigt werden (z.B. Sozialversicherungsnummer, Familienstand, Einkommensdaten usw.)<\/p>\n<p>Daten, die von Ger\u00e4ten und Abonnements generiert werden, die von Mitarbeitern genutzt werden (z.B. berufliche E-Mails, Telefon)<\/p>\n<\/td>\n<td width=\"135\">\n<p>Identifikator,<\/p>\n<p>Kontakt,<\/p>\n<p>Finanzen,<br>Profil,<\/p>\n<p>Inhalt der Mitteilung<\/p>\n<\/td>\n<td width=\"168\">\n<p>Artikel 6(1)(b) GDPR f\u00fcr die Erf\u00fcllung des Vertrags erforderlich <\/p>\n<p>Artikel 6(1)(c) GDPR notwendig f\u00fcr uns, um unseren gesetzlichen Verpflichtungen nachzukommen <\/p>\n<p>Artikel 6(1)(f) GDPR auf der Grundlage unserer berechtigten Interessen (zur Gew\u00e4hrleistung der Rechtm\u00e4\u00dfigkeit und Ordnungsm\u00e4\u00dfigkeit des Verfahrens) <\/p>\n<\/td>\n<td width=\"132\">\n<p>Microsoft, M\u00e9sz\u00e1ros-Szab\u00f3<\/p>\n<\/td>\n<\/tr>\n<\/tbody>\n<\/table>\n<p><strong> <\/strong><\/p>\n<p><strong>Wie speichern wir Ihre Daten?<\/strong><\/p>\n<p>Ihre Daten werden in sicheren, cloudbasierten Systemen Dritter gespeichert.<\/p>\n<p><strong> <\/strong><\/p>\n<p><strong>Wie lange bewahren wir die Daten auf?<\/strong><\/p>\n<p>Wir bewahren die von uns erfassten Daten bis zum Zeitpunkt ihrer Verwendung auf, jedoch nicht l\u00e4nger als gesetzlich vorgeschrieben. Aufgrund unserer gesetzlichen Verpflichtungen k\u00f6nnen wir bestimmte Daten, die sich auf das Arbeitsverh\u00e4ltnis beziehen, l\u00e4nger als die durchschnittliche Zeitspanne aufbewahren, bis hin zu einem unbegrenzten Zeitraum. <\/p>\n<p> <\/p>\n<p><strong>Wie sammeln wir Daten?<\/strong><\/p>\n<p>Wir erheben personenbezogene Daten, haupts\u00e4chlich zu Kontaktzwecken, aus den folgenden Quellen:<\/p>\n<ul>\n<li>Direkt von Ihnen (z.B. per Telefon, E-Mail, Webformular)<\/li>\n<li>Nutzungs- und technische Daten durch den Einsatz von Cookies und anderen \u00e4hnlichen Technologien auf unserer Website<\/li>\n<li>Nutzungsdaten durch externe Bilder in den E-Mails, die wir Ihnen senden (in der Regel Newsletter), durch eindeutige Links<\/li>\n<li>Unsere Partner k\u00f6nnen Ihre Kontaktdaten mit uns teilen, wenn sie der Meinung sind, dass sie Ihre Bed\u00fcrfnisse am besten mit uns erf\u00fcllen k\u00f6nnen.<\/li>\n<\/ul>\n<p><strong>Weitergabe von Daten an Dritte<\/strong><\/p>\n<p>Wir k\u00f6nnen Ihre Daten mit Ihrer ausdr\u00fccklichen Zustimmung an unsere Gesch\u00e4ftspartner weitergeben. Wir k\u00f6nnen bestimmte Daten in \u00dcbereinstimmung mit unseren gesetzlichen Verpflichtungen an staatliche Stellen und Beh\u00f6rden weitergeben. <\/p>\n<p> <\/p>\n<p><strong>Welche Rechte haben Sie in Bezug auf den Datenschutz?<\/strong><\/p>\n<p><strong>Entzug der Zustimmung<\/strong><\/p>\n<p>Sie haben das Recht, Ihre Zustimmung jederzeit zu widerrufen.<\/p>\n<p><strong>Recht auf Zugang und \u00dcbertragbarkeit<\/strong><\/p>\n<p>Sie haben das Recht, von uns eine maschinenlesbare Kopie der von uns \u00fcber Sie gesammelten Daten zu verlangen.<\/p>\n<p><strong>Das Recht auf Berichtigung<\/strong><\/p>\n<p>Sie haben das Recht, uns aufzufordern, die \u00fcber Sie gespeicherten Informationen zu korrigieren.<\/p>\n<p><strong>Das Recht auf L\u00f6schung<\/strong><\/p>\n<p>Wenn die Rechtsgrundlage f\u00fcr die Verarbeitung nicht mehr besteht, haben Sie das Recht zu verlangen, dass wir die \u00fcber Sie gespeicherten Daten l\u00f6schen.<\/p>\n<p><strong>Recht auf Einschr\u00e4nkung der Verarbeitung<\/strong><\/p>\n<p>Wenn bestimmte Bedingungen erf\u00fcllt sind, haben Sie das Recht, die Verwendung der von uns \u00fcber Sie gesammelten Daten einzuschr\u00e4nken.<\/p>\n<p><strong>Das Recht auf Protest<\/strong><\/p>\n<p>Sie haben das Recht, der Verarbeitung zu widersprechen, auch wenn die Rechtsgrundlage f\u00fcr die Verarbeitung nicht Ihre pers\u00f6nliche Einwilligung ist. In diesem Fall d\u00fcrfen wir Ihre Daten nur dann weiterverarbeiten, wenn wir zwingende schutzw\u00fcrdige Gr\u00fcnde f\u00fcr die Verarbeitung nachweisen k\u00f6nnen, die Ihre Interessen, Rechte und Freiheiten \u00fcberwiegen, oder zur Begr\u00fcndung, Aus\u00fcbung oder Verteidigung von Rechtsanspr\u00fcchen. <\/p>\n<p><strong>Recht auf Beschwerde und Rechtsmittel<\/strong><\/p>\n<p>Sie haben das Recht, eine Beschwerde bei der Aufsichtsbeh\u00f6rde einzureichen, wenn Sie der Ansicht sind, dass die Verarbeitung der Sie betreffenden personenbezogenen Daten unrechtm\u00e4\u00dfig ist. Sie k\u00f6nnen dieses Recht aus\u00fcben, indem Sie sich an die folgenden Kontaktangaben wenden: <\/p>\n<p>Nationale Beh\u00f6rde f\u00fcr Datenschutz und Informationsfreiheit Adresse: 1125 Budapest, Szil\u00e1gyi Erzs\u00e9bet fasor 22\/c Telefon: +36 (1) 391-1400; Fax: +36 (1) 391-1410 www: http:\/\/www.naih.hu e-mail: ugyfelszolgalat@naih.hu<\/p>\n<p> <\/p>\n<p><strong>Was sind Cookies? Wie verwenden wir sie? <\/strong><\/p>\n<p>Cookies sind kleine Textdateien, die Ihr Browser auf Ihrem Computer speichert. Sie erm\u00f6glichen es unserer Website, sich an Ihren Browserverlauf und Ihre Pr\u00e4ferenzen zu erinnern. Cookies sind notwendig, um unsere Werbung anzupassen, eine reibungslose Kommunikation \u00fcber den Chat zu erm\u00f6glichen oder zu analysieren, wie unsere Nutzer unsere Website nutzen.  <\/p>\n<p><strong>Welche Arten von Cookies verwenden wir?<\/strong><\/p>\n<p><strong>Erforderlich<\/strong><\/p>\n<p>Diese Cookies sind notwendig, damit die Website funktioniert und k\u00f6nnen in unseren Systemen nicht deaktiviert werden. Wir verwenden sie im Allgemeinen nur, um auf Ihre Aktionen zu reagieren, wenn Sie Dienste anfordern. Beispiele sind die Eingabe von Datenschutzeinstellungen, das Einloggen und das Ausf\u00fcllen von Formularen.    <a href=\"https:\/\/knowledge.hubspot.com\/reports\/what-cookies-does-hubspot-set-in-a-visitor-s-browser#necessary-cookies\" target=\"_blank\" rel=\"noopener\">Erfahren Sie mehr \u00fcber die Cookies, die Sie ben\u00f6tigen.<\/a><\/p>\n<p><strong>Analysen<\/strong><\/p>\n<p>Diese Cookies helfen uns zu verstehen, wie Besucher die Website nutzen. Wir k\u00f6nnen Cookies verwenden, um Daten zu sammeln und Statistiken \u00fcber Website-Besuche zu erstellen. Neben der Erstellung von Statistiken \u00fcber die Website-Besuche k\u00f6nnen wir die gesammelten Informationen zusammen mit den oben beschriebenen Werbe-Cookies auch verwenden, um Ihnen relevantere Werbung im Internet zu zeigen und Ihre Interaktion mit den von uns gezeigten Anzeigen zu messen.    <a href=\"https:\/\/knowledge.hubspot.com\/reports\/what-cookies-does-hubspot-set-in-a-visitor-s-browser#analytics-cookies\" target=\"_blank\" rel=\"noopener\">Erfahren Sie mehr \u00fcber statistische Cookies.<\/a><\/p>\n<p><strong>Anzeige<\/strong><\/p>\n<p>Wir verwenden Cookies, um unsere Anzeigen f\u00fcr die Besucher der Website auff\u00e4lliger und wertvoller zu machen. Wir verwenden Cookies h\u00e4ufig, um: die f\u00fcr den Nutzer relevanteste Anzeige auszuw\u00e4hlen, genauere Berichte \u00fcber die Leistung einer Anzeigenkampagne zu erstellen und zu vermeiden, dass dem Nutzer Anzeigen angezeigt werden, die er bereits gesehen hat. <a href=\"https:\/\/knowledge.hubspot.com\/reports\/what-cookies-does-hubspot-set-in-a-visitor-s-browser#advertisement-cookies\" target=\"_blank\" rel=\"noopener\">Erfahren Sie mehr \u00fcber Werbe-Cookies.<\/a> <\/p>\n<p><strong>Chat<\/strong><\/p>\n<p>Wir verwenden diese Cookies, um Ihren Chatverlauf zu speichern. Dies ist notwendig, damit der Live-Chat richtig funktioniert.   <a href=\"https:\/\/knowledge.hubspot.com\/reports\/what-cookies-does-hubspot-set-in-a-visitor-s-browser#functionality-cookies\" target=\"_blank\" rel=\"noopener\">Erfahren Sie mehr \u00fcber die Cookies, die diese Funktionalit\u00e4t erm\u00f6glichen.<\/a><\/p>\n<p> <\/p>\n<p><strong>\u00c4nderungen an der Datenschutzerkl\u00e4rung<\/strong><\/p>\n<p>Diese Datenschutzerkl\u00e4rung ist vom 17.03.2022. Wir werden unsere Kunden \u00fcber alle wesentlichen \u00c4nderungen informieren. Bei kleineren Korrekturen wird die neue Version auf dieser Seite verf\u00fcgbar sein  <\/p>\n<p> <\/p>\n<p><strong>Kontakt<\/strong><\/p>\n<p>Wenn Sie Fragen haben oder eines der oben genannten Rechte aus\u00fcben m\u00f6chten, wenden Sie sich bitte an unseren Gesch\u00e4ftsf\u00fchrer, \u00c1kos D\u00f6m\u00f6t\u00f6r, unter <a href=\"mailto:akos.domotor@vulcan-automation.com\">akos.domotor@vulcan-automation.com.<\/a> <\/p>\n<p> <\/p>\t\t\t\t\t\t\t\t<\/div>\n\t\t\t\t<\/div>\n\t\t\t\t\t<\/div>\n\t\t\t\t<\/div>\n\t\t\t\t<\/div>\n\t\t","protected":false},"excerpt":{"rendered":"<p>Diese Datenschutzerkl\u00e4rung beschreibt, wie wir Ihre Daten verwenden, wenn Sie unsere Website besuchen oder anderweitig mit uns interagieren. Datenverantwortlicher: Vulcan Automation Ltd. 2045 T\u00f6r\u00f6kb\u00e1lint, Kinizsi P\u00e1l utca 29. Registrierungsnummer des Unternehmens: 13-09-216887 Gesch\u00e4ftsf\u00fchrender Direktor: \u00c1kos D\u00f6m\u00f6t\u00f6r, akos.domotor@vulcan-automation.com Welche pers\u00f6nlichen Daten sammeln wir? Identifizierende Informationen: z.B. Name, Benutzername und Passwort, offizielle ID- und Ausweisnummern, Geburtsdaten Kontaktinformationen [&hellip;]<\/p>\n","protected":false},"author":1,"featured_media":0,"parent":0,"menu_order":0,"comment_status":"closed","ping_status":"open","template":"","meta":{"content-type":"","site-sidebar-layout":"default","site-content-layout":"","ast-site-content-layout":"default","site-content-style":"default","site-sidebar-style":"default","ast-global-header-display":"","ast-banner-title-visibility":"","ast-main-header-display":"","ast-hfb-above-header-display":"","ast-hfb-below-header-display":"","ast-hfb-mobile-header-display":"","site-post-title":"","ast-breadcrumbs-content":"","ast-featured-img":"","footer-sml-layout":"","ast-disable-related-posts":"","theme-transparent-header-meta":"","adv-header-id-meta":"","stick-header-meta":"","header-above-stick-meta":"","header-main-stick-meta":"","header-below-stick-meta":"","astra-migrate-meta-layouts":"default","ast-page-background-enabled":"default","ast-page-background-meta":{"desktop":{"background-color":"var(--ast-global-color-4)","background-image":"","background-repeat":"repeat","background-position":"center center","background-size":"auto","background-attachment":"scroll","background-type":"","background-media":"","overlay-type":"","overlay-color":"","overlay-opacity":"","overlay-gradient":""},"tablet":{"background-color":"","background-image":"","background-repeat":"repeat","background-position":"center center","background-size":"auto","background-attachment":"scroll","background-type":"","background-media":"","overlay-type":"","overlay-color":"","overlay-opacity":"","overlay-gradient":""},"mobile":{"background-color":"","background-image":"","background-repeat":"repeat","background-position":"center center","background-size":"auto","background-attachment":"scroll","background-type":"","background-media":"","overlay-type":"","overlay-color":"","overlay-opacity":"","overlay-gradient":""}},"ast-content-background-meta":{"desktop":{"background-color":"var(--ast-global-color-5)","background-image":"","background-repeat":"repeat","background-position":"center center","background-size":"auto","background-attachment":"scroll","background-type":"","background-media":"","overlay-type":"","overlay-color":"","overlay-opacity":"","overlay-gradient":""},"tablet":{"background-color":"var(--ast-global-color-5)","background-image":"","background-repeat":"repeat","background-position":"center center","background-size":"auto","background-attachment":"scroll","background-type":"","background-media":"","overlay-type":"","overlay-color":"","overlay-opacity":"","overlay-gradient":""},"mobile":{"background-color":"var(--ast-global-color-5)","background-image":"","background-repeat":"repeat","background-position":"center center","background-size":"auto","background-attachment":"scroll","background-type":"","background-media":"","overlay-type":"","overlay-color":"","overlay-opacity":"","overlay-gradient":""}},"footnotes":""},"class_list":["post-4979","page","type-page","status-publish","hentry"],"_links":{"self":[{"href":"https:\/\/vulcan-automation.com\/de\/wp-json\/wp\/v2\/pages\/4979","targetHints":{"allow":["GET"]}}],"collection":[{"href":"https:\/\/vulcan-automation.com\/de\/wp-json\/wp\/v2\/pages"}],"about":[{"href":"https:\/\/vulcan-automation.com\/de\/wp-json\/wp\/v2\/types\/page"}],"author":[{"embeddable":true,"href":"https:\/\/vulcan-automation.com\/de\/wp-json\/wp\/v2\/users\/1"}],"replies":[{"embeddable":true,"href":"https:\/\/vulcan-automation.com\/de\/wp-json\/wp\/v2\/comments?post=4979"}],"version-history":[{"count":2,"href":"https:\/\/vulcan-automation.com\/de\/wp-json\/wp\/v2\/pages\/4979\/revisions"}],"predecessor-version":[{"id":4994,"href":"https:\/\/vulcan-automation.com\/de\/wp-json\/wp\/v2\/pages\/4979\/revisions\/4994"}],"wp:attachment":[{"href":"https:\/\/vulcan-automation.com\/de\/wp-json\/wp\/v2\/media?parent=4979"}],"curies":[{"name":"wp","href":"https:\/\/api.w.org\/{rel}","templated":true}]}}