{"id":4977,"date":"2025-07-08T13:39:56","date_gmt":"2025-07-08T11:39:56","guid":{"rendered":"https:\/\/vulcan-automation.com\/wine-bottle-handling\/"},"modified":"2026-02-05T23:31:58","modified_gmt":"2026-02-05T22:31:58","slug":"wine-bottle-handling","status":"publish","type":"page","link":"https:\/\/vulcan-automation.com\/de\/wine-bottle-handling\/","title":{"rendered":"Weinflaschen-Handling"},"content":{"rendered":"\t\t<div data-elementor-type=\"wp-page\" data-elementor-id=\"4977\" class=\"elementor elementor-4977 elementor-4526\" data-elementor-post-type=\"page\">\n\t\t\t\t<div class=\"elementor-element elementor-element-dbc2ddd e-flex e-con-boxed e-con e-parent\" data-id=\"dbc2ddd\" data-element_type=\"container\" data-e-type=\"container\" data-settings=\"{&quot;background_background&quot;:&quot;classic&quot;}\">\n\t\t\t\t\t<div class=\"e-con-inner\">\n\t\t\t\t<div class=\"elementor-element elementor-element-358eb1c elementor-widget elementor-widget-heading\" data-id=\"358eb1c\" data-element_type=\"widget\" data-e-type=\"widget\" data-widget_type=\"heading.default\">\n\t\t\t\t<div class=\"elementor-widget-container\">\n\t\t\t\t\t<h1 class=\"elementor-heading-title elementor-size-default\">Verpackung und Palettierung von Weinflaschen<\/h1>\t\t\t\t<\/div>\n\t\t\t\t<\/div>\n\t\t<div class=\"elementor-element elementor-element-9d6405f e-con-full e-flex e-con e-child\" data-id=\"9d6405f\" data-element_type=\"container\" data-e-type=\"container\">\n\t\t\t\t<div class=\"elementor-element elementor-element-8b6f892 elementor-widget elementor-widget-text-editor\" data-id=\"8b6f892\" data-element_type=\"widget\" data-e-type=\"widget\" data-widget_type=\"text-editor.default\">\n\t\t\t\t<div class=\"elementor-widget-container\">\n\t\t\t\t\t\t\t\t\t<p>Effizientes und elegantes Verpacken von Weinflaschen durch Roboter &#8211; von der Abf\u00fcllanlage bis zur Palette.<\/p>\t\t\t\t\t\t\t\t<\/div>\n\t\t\t\t<\/div>\n\t\t\t\t<div class=\"elementor-element elementor-element-1938b2e elementor-widget elementor-widget-button\" data-id=\"1938b2e\" data-element_type=\"widget\" data-e-type=\"widget\" data-widget_type=\"button.default\">\n\t\t\t\t<div class=\"elementor-widget-container\">\n\t\t\t\t\t\t\t\t\t<div class=\"elementor-button-wrapper\">\n\t\t\t\t\t<a class=\"elementor-button elementor-button-link elementor-size-sm\" href=\"#\">\n\t\t\t\t\t\t<span class=\"elementor-button-content-wrapper\">\n\t\t\t\t\t\t\t\t\t<span class=\"elementor-button-text\">Sprechen Sie mit einem Experten<\/span>\n\t\t\t\t\t<\/span>\n\t\t\t\t\t<\/a>\n\t\t\t\t<\/div>\n\t\t\t\t\t\t\t\t<\/div>\n\t\t\t\t<\/div>\n\t\t\t\t<\/div>\n\t\t\t\t\t<\/div>\n\t\t\t\t<\/div>\n\t\t<div class=\"elementor-element elementor-element-765aab6 e-flex e-con-boxed e-con e-parent\" data-id=\"765aab6\" data-element_type=\"container\" data-e-type=\"container\">\n\t\t\t\t\t<div class=\"e-con-inner\">\n\t\t\t\t<div class=\"elementor-element elementor-element-86d20d2 elementor-widget elementor-widget-heading\" data-id=\"86d20d2\" data-element_type=\"widget\" data-e-type=\"widget\" data-widget_type=\"heading.default\">\n\t\t\t\t<div class=\"elementor-widget-container\">\n\t\t\t\t\t<h2 class=\"elementor-heading-title elementor-size-default\">Roboter zum Verpacken, Verschlie\u00dfen und Palettieren von Weinflaschen<\/h2>\t\t\t\t<\/div>\n\t\t\t\t<\/div>\n\t\t<div class=\"elementor-element elementor-element-fb39149 e-con-full e-flex e-con e-child\" data-id=\"fb39149\" data-element_type=\"container\" data-e-type=\"container\">\n\t\t\t\t<div class=\"elementor-element elementor-element-3bf2c4f elementor-widget__width-initial elementor-widget elementor-widget-text-editor\" data-id=\"3bf2c4f\" data-element_type=\"widget\" data-e-type=\"widget\" data-widget_type=\"text-editor.default\">\n\t\t\t\t<div class=\"elementor-widget-container\">\n\t\t\t\t\t\t\t\t\t<p>Vulcan Automation liefert ma\u00dfgeschneiderte Robotersysteme, die Ihren gesamten Verpackungsprozess f\u00fcr Weinflaschen automatisieren &#8211; vom Ende der Abf\u00fcllanlage bis zur verpackten Palette.<\/p><p>Unser System nimmt die gef\u00fcllten Flaschen entgegen, faltet und richtet die Kartons auf, verpackt die Flaschen pr\u00e4zise, versiegelt die Kartons und ordnet sie auf den Paletten an &#8211; oder jede beliebige Teilmenge dieses Prozesses, die Ihren Anforderungen entspricht.<\/p>\t\t\t\t\t\t\t\t<\/div>\n\t\t\t\t<\/div>\n\t\t\t\t<div class=\"elementor-element elementor-element-6a6f0e6 elementor-widget elementor-widget-image\" data-id=\"6a6f0e6\" data-element_type=\"widget\" data-e-type=\"widget\" data-widget_type=\"image.default\">\n\t\t\t\t<div class=\"elementor-widget-container\">\n\t\t\t\t\t\t\t\t\t\t\t\t\t\t\t<img fetchpriority=\"high\" decoding=\"async\" width=\"1024\" height=\"768\" src=\"https:\/\/vulcan-automation.com\/wp-content\/uploads\/2025\/07\/winepackaging7460785540_-1024x768.png\" class=\"attachment-large size-large wp-image-4540\" alt=\"Verpackungslinie f\u00fcr Weinflaschen\" srcset=\"https:\/\/vulcan-automation.com\/wp-content\/uploads\/2025\/07\/winepackaging7460785540_-1024x768.png 1024w, https:\/\/vulcan-automation.com\/wp-content\/uploads\/2025\/07\/winepackaging7460785540_-300x225.png 300w, https:\/\/vulcan-automation.com\/wp-content\/uploads\/2025\/07\/winepackaging7460785540_-768x576.png 768w, https:\/\/vulcan-automation.com\/wp-content\/uploads\/2025\/07\/winepackaging7460785540_.png 1200w\" sizes=\"(max-width: 1024px) 100vw, 1024px\" \/>\t\t\t\t\t\t\t\t\t\t\t\t\t\t\t<\/div>\n\t\t\t\t<\/div>\n\t\t\t\t<\/div>\n\t\t\t\t\t<\/div>\n\t\t\t\t<\/div>\n\t\t<div class=\"elementor-element elementor-element-939fd2a e-flex e-con-boxed e-con e-parent\" data-id=\"939fd2a\" data-element_type=\"container\" data-e-type=\"container\">\n\t\t\t\t\t<div class=\"e-con-inner\">\n\t\t\t\t<div class=\"elementor-element elementor-element-a754d7d elementor-widget elementor-widget-heading\" data-id=\"a754d7d\" data-element_type=\"widget\" data-e-type=\"widget\" data-widget_type=\"heading.default\">\n\t\t\t\t<div class=\"elementor-widget-container\">\n\t\t\t\t\t<h2 class=\"elementor-heading-title elementor-size-default\">Wesentliche Merkmale<\/h2>\t\t\t\t<\/div>\n\t\t\t\t<\/div>\n\t\t<div class=\"elementor-element elementor-element-6338c78 e-con-full e-flex e-con e-child\" data-id=\"6338c78\" data-element_type=\"container\" data-e-type=\"container\">\n\t\t\t\t<div class=\"elementor-element elementor-element-e75d14e elementor-widget__width-initial elementor-widget elementor-widget-text-editor\" data-id=\"e75d14e\" data-element_type=\"widget\" data-e-type=\"widget\" data-widget_type=\"text-editor.default\">\n\t\t\t\t<div class=\"elementor-widget-container\">\n\t\t\t\t\t\t\t\t\t<ul><li>Aufrichten von Kartons mit Autoboden<\/li><li>Flaschen sorgf\u00e4ltig in die Kartons legen<\/li><li>Box schlie\u00dfen<\/li><li>Etikettierung<\/li><li>Palettieren<\/li><li>Verpackung von Paletten<\/li><\/ul>\t\t\t\t\t\t\t\t<\/div>\n\t\t\t\t<\/div>\n\t\t\t\t<div class=\"elementor-element elementor-element-bcd3844 elementor-widget elementor-widget-image\" data-id=\"bcd3844\" data-element_type=\"widget\" data-e-type=\"widget\" data-widget_type=\"image.default\">\n\t\t\t\t<div class=\"elementor-widget-container\">\n\t\t\t\t\t\t\t\t\t\t\t\t\t\t\t<img decoding=\"async\" width=\"297\" height=\"300\" src=\"https:\/\/vulcan-automation.com\/wp-content\/uploads\/2025\/07\/vlcsnap-2025-07-09-16h26m39s919-297x300.png\" class=\"attachment-medium size-medium wp-image-4550\" alt=\"Roboter zur Handhabung von Weinflaschen\" srcset=\"https:\/\/vulcan-automation.com\/wp-content\/uploads\/2025\/07\/vlcsnap-2025-07-09-16h26m39s919-297x300.png 297w, https:\/\/vulcan-automation.com\/wp-content\/uploads\/2025\/07\/vlcsnap-2025-07-09-16h26m39s919-768x776.png 768w, https:\/\/vulcan-automation.com\/wp-content\/uploads\/2025\/07\/vlcsnap-2025-07-09-16h26m39s919.png 902w\" sizes=\"(max-width: 297px) 100vw, 297px\" \/>\t\t\t\t\t\t\t\t\t\t\t\t\t\t\t<\/div>\n\t\t\t\t<\/div>\n\t\t\t\t<\/div>\n\t\t\t\t\t<\/div>\n\t\t\t\t<\/div>\n\t\t<div class=\"elementor-element elementor-element-e3cdf70 e-flex e-con-boxed e-con e-parent\" data-id=\"e3cdf70\" data-element_type=\"container\" data-e-type=\"container\">\n\t\t\t\t\t<div class=\"e-con-inner\">\n\t\t\t\t<div class=\"elementor-element elementor-element-24a09db elementor-widget elementor-widget-heading\" data-id=\"24a09db\" data-element_type=\"widget\" data-e-type=\"widget\" data-widget_type=\"heading.default\">\n\t\t\t\t<div class=\"elementor-widget-container\">\n\t\t\t\t\t<h2 class=\"elementor-heading-title elementor-size-default\">Ma\u00dfgeschneidert f\u00fcr Ihre Bed\u00fcrfnisse<\/h2>\t\t\t\t<\/div>\n\t\t\t\t<\/div>\n\t\t<div class=\"elementor-element elementor-element-9b404f3 e-con-full e-flex e-con e-child\" data-id=\"9b404f3\" data-element_type=\"container\" data-e-type=\"container\">\n\t\t\t\t<div class=\"elementor-element elementor-element-6e34c48 elementor-widget-tablet__width-initial elementor-widget elementor-widget-text-editor\" data-id=\"6e34c48\" data-element_type=\"widget\" data-e-type=\"widget\" data-widget_type=\"text-editor.default\">\n\t\t\t\t<div class=\"elementor-widget-container\">\n\t\t\t\t\t\t\t\t\t<p>Vulcan Automation bietet ma\u00dfgeschneiderte L\u00f6sungen f\u00fcr jeden Bedarf an Weinflaschenverpackungen.  <\/p><p>Wir beginnen damit, Ihre aktuellen Prozesse und Bed\u00fcrfnisse zu verstehen und schlagen Ihnen eine L\u00f6sung vor, die am besten zu Ihrer aktuellen Ausstattung und Ihrem Layout passt. Einige Ihrer Optionen sind: <\/p><ul><li>Individuelle Layout-Zw\u00e4nge<\/li><li>Verpackungsgeschwindigkeit<\/li><li>Aufstellen verschiedener Boxentypen<\/li><li>Kollaborative oder industrielle Roboterzellen<\/li><li>Laufzeit ohne Nachf\u00fcllen<\/li><\/ul>\t\t\t\t\t\t\t\t<\/div>\n\t\t\t\t<\/div>\n\t\t\t\t<div class=\"elementor-element elementor-element-49f9306 elementor-widget elementor-widget-image\" data-id=\"49f9306\" data-element_type=\"widget\" data-e-type=\"widget\" data-widget_type=\"image.default\">\n\t\t\t\t<div class=\"elementor-widget-container\">\n\t\t\t\t\t\t\t\t\t\t\t\t\t\t\t<img decoding=\"async\" width=\"1024\" height=\"768\" src=\"https:\/\/vulcan-automation.com\/wp-content\/uploads\/2025\/07\/winepackaging10910202641-1024x768.png\" class=\"attachment-large size-large wp-image-4544\" alt=\"Placing wine bottles into cardboard boxes\" srcset=\"https:\/\/vulcan-automation.com\/wp-content\/uploads\/2025\/07\/winepackaging10910202641-1024x768.png 1024w, https:\/\/vulcan-automation.com\/wp-content\/uploads\/2025\/07\/winepackaging10910202641-300x225.png 300w, https:\/\/vulcan-automation.com\/wp-content\/uploads\/2025\/07\/winepackaging10910202641-768x576.png 768w, https:\/\/vulcan-automation.com\/wp-content\/uploads\/2025\/07\/winepackaging10910202641.png 1200w\" sizes=\"(max-width: 1024px) 100vw, 1024px\" \/>\t\t\t\t\t\t\t\t\t\t\t\t\t\t\t<\/div>\n\t\t\t\t<\/div>\n\t\t\t\t<\/div>\n\t\t\t\t\t<\/div>\n\t\t\t\t<\/div>\n\t\t<div class=\"elementor-element elementor-element-c55eb59 e-flex e-con-boxed e-con e-parent\" data-id=\"c55eb59\" data-element_type=\"container\" data-e-type=\"container\">\n\t\t\t\t\t<div class=\"e-con-inner\">\n\t\t\t\t<div class=\"elementor-element elementor-element-7ac535c elementor-widget elementor-widget-heading\" data-id=\"7ac535c\" data-element_type=\"widget\" data-e-type=\"widget\" data-widget_type=\"heading.default\">\n\t\t\t\t<div class=\"elementor-widget-container\">\n\t\t\t\t\t<h2 class=\"elementor-heading-title elementor-size-default\">Technische Spezifikationen<\/h2>\t\t\t\t<\/div>\n\t\t\t\t<\/div>\n\t\t\t\t<div class=\"elementor-element elementor-element-0f8398b elementor-widget elementor-widget-text-editor\" data-id=\"0f8398b\" data-element_type=\"widget\" data-e-type=\"widget\" data-widget_type=\"text-editor.default\">\n\t\t\t\t<div class=\"elementor-widget-container\">\n\t\t\t\t\t\t\t\t\tAutomatisches Aufrichten der Bodenkiste und Aufstellen der Flaschen &#8211; Standardl\u00f6sung\n\n&nbsp;\n<table>\n<tbody>\n<tr>\n<td>Maximale Geschwindigkeit<\/td>\n<td>2.000 Flaschen\/Stunde mit kollaborativem Roboter (6 Flaschen\/Kasten)<br> * Kann mit Industrierobotern oder Kastenzuf\u00fchrung erh\u00f6ht werden<\/td>\n<\/tr>\n<tr>\n<td>Box-Typ<\/td>\n<td>Automatischer Bodenkasten<br>*verschiedene Kastentypen m\u00f6glich<\/td>\n<\/tr>\n\n<tr>\n<td>Palettengr\u00f6\u00dfen<\/td>\n<td>Frei anpassbar<\/td>\n<\/tr>\n<tr>\n<td>Palettenmuster<\/td>\n<td>Vordefinierte Muster oder automatische Musteroptimierung<\/td>\n<\/tr>\n<tr>\n<td>Palettenh\u00f6he<\/td>\n<td>Individuell anpassbar<\/td>\n<\/tr>\n<\/tbody>\n<\/table>\t\t\t\t\t\t\t\t<\/div>\n\t\t\t\t<\/div>\n\t\t\t\t\t<\/div>\n\t\t\t\t<\/div>\n\t\t<div class=\"elementor-element elementor-element-68af30c e-flex e-con-boxed e-con e-parent\" data-id=\"68af30c\" data-element_type=\"container\" data-e-type=\"container\">\n\t\t\t\t\t<div class=\"e-con-inner\">\n\t\t\t\t<div class=\"elementor-element elementor-element-367089d elementor-widget elementor-widget-heading\" data-id=\"367089d\" data-element_type=\"widget\" data-e-type=\"widget\" data-widget_type=\"heading.default\">\n\t\t\t\t<div class=\"elementor-widget-container\">\n\t\t\t\t\t<h2 class=\"elementor-heading-title elementor-size-default\">Experte f\u00fcr L\u00f6sungen<\/h2>\t\t\t\t<\/div>\n\t\t\t\t<\/div>\n\t\t<div class=\"elementor-element elementor-element-08ae3ca e-con-full e-flex e-con e-child\" data-id=\"08ae3ca\" data-element_type=\"container\" data-e-type=\"container\">\n\t\t\t\t<div class=\"elementor-element elementor-element-2ca964d elementor-widget elementor-widget-image\" data-id=\"2ca964d\" data-element_type=\"widget\" data-e-type=\"widget\" data-widget_type=\"image.default\">\n\t\t\t\t<div class=\"elementor-widget-container\">\n\t\t\t\t\t\t\t\t\t\t\t\t\t\t\t<img loading=\"lazy\" decoding=\"async\" width=\"300\" height=\"300\" src=\"https:\/\/vulcan-automation.com\/wp-content\/uploads\/2025\/07\/galambos-300x300.png\" class=\"attachment-medium size-medium wp-image-4499\" alt=\"Istv\u00e1n Galambos Verkaufsleiter\" srcset=\"https:\/\/vulcan-automation.com\/wp-content\/uploads\/2025\/07\/galambos-300x300.png 300w, https:\/\/vulcan-automation.com\/wp-content\/uploads\/2025\/07\/galambos-150x150.png 150w, https:\/\/vulcan-automation.com\/wp-content\/uploads\/2025\/07\/galambos.png 728w\" sizes=\"(max-width: 300px) 100vw, 300px\" \/>\t\t\t\t\t\t\t\t\t\t\t\t\t\t\t<\/div>\n\t\t\t\t<\/div>\n\t\t\t\t<div class=\"elementor-element elementor-element-d0a10e0 elementor-widget elementor-widget-text-editor\" data-id=\"d0a10e0\" data-element_type=\"widget\" data-e-type=\"widget\" data-widget_type=\"text-editor.default\">\n\t\t\t\t<div class=\"elementor-widget-container\">\n\t\t\t\t\t\t\t\t\t<p><strong>Istv\u00e1n Galambos<\/strong><\/p><p>Verkaufsleiter<\/p><p>+36-70-881 9279<\/p><p>istvan.galambos@vulcan-automation.com<\/p>\t\t\t\t\t\t\t\t<\/div>\n\t\t\t\t<\/div>\n\t\t\t\t<\/div>\n\t\t\t\t\t<\/div>\n\t\t\t\t<\/div>\n\t\t\t\t<\/div>\n\t\t","protected":false},"excerpt":{"rendered":"<p>Verpackung und Palettierung von Weinflaschen Effizientes und elegantes Verpacken von Weinflaschen durch Roboter &#8211; von der Abf\u00fcllanlage bis zur Palette. Sprechen Sie mit einem Experten Roboter zum Verpacken, Verschlie\u00dfen und Palettieren von Weinflaschen Vulcan Automation liefert ma\u00dfgeschneiderte Robotersysteme, die Ihren gesamten Verpackungsprozess f\u00fcr Weinflaschen automatisieren &#8211; vom Ende der Abf\u00fcllanlage bis zur verpackten Palette. Unser [&hellip;]<\/p>\n","protected":false},"author":1,"featured_media":0,"parent":0,"menu_order":0,"comment_status":"closed","ping_status":"closed","template":"","meta":{"content-type":"","site-sidebar-layout":"no-sidebar","site-content-layout":"page-builder","ast-site-content-layout":"full-width-container","site-content-style":"default","site-sidebar-style":"default","ast-global-header-display":"","ast-banner-title-visibility":"","ast-main-header-display":"","ast-hfb-above-header-display":"","ast-hfb-below-header-display":"","ast-hfb-mobile-header-display":"","site-post-title":"disabled","ast-breadcrumbs-content":"","ast-featured-img":"disabled","footer-sml-layout":"","ast-disable-related-posts":"","theme-transparent-header-meta":"","adv-header-id-meta":"","stick-header-meta":"","header-above-stick-meta":"","header-main-stick-meta":"","header-below-stick-meta":"","astra-migrate-meta-layouts":"default","ast-page-background-enabled":"default","ast-page-background-meta":{"desktop":{"background-color":"var(--ast-global-color-4)","background-image":"","background-repeat":"repeat","background-position":"center center","background-size":"auto","background-attachment":"scroll","background-type":"","background-media":"","overlay-type":"","overlay-color":"","overlay-opacity":"","overlay-gradient":""},"tablet":{"background-color":"","background-image":"","background-repeat":"repeat","background-position":"center center","background-size":"auto","background-attachment":"scroll","background-type":"","background-media":"","overlay-type":"","overlay-color":"","overlay-opacity":"","overlay-gradient":""},"mobile":{"background-color":"","background-image":"","background-repeat":"repeat","background-position":"center center","background-size":"auto","background-attachment":"scroll","background-type":"","background-media":"","overlay-type":"","overlay-color":"","overlay-opacity":"","overlay-gradient":""}},"ast-content-background-meta":{"desktop":{"background-color":"var(--ast-global-color-5)","background-image":"","background-repeat":"repeat","background-position":"center center","background-size":"auto","background-attachment":"scroll","background-type":"","background-media":"","overlay-type":"","overlay-color":"","overlay-opacity":"","overlay-gradient":""},"tablet":{"background-color":"var(--ast-global-color-5)","background-image":"","background-repeat":"repeat","background-position":"center center","background-size":"auto","background-attachment":"scroll","background-type":"","background-media":"","overlay-type":"","overlay-color":"","overlay-opacity":"","overlay-gradient":""},"mobile":{"background-color":"var(--ast-global-color-5)","background-image":"","background-repeat":"repeat","background-position":"center center","background-size":"auto","background-attachment":"scroll","background-type":"","background-media":"","overlay-type":"","overlay-color":"","overlay-opacity":"","overlay-gradient":""}},"footnotes":""},"class_list":["post-4977","page","type-page","status-publish","hentry"],"_links":{"self":[{"href":"https:\/\/vulcan-automation.com\/de\/wp-json\/wp\/v2\/pages\/4977","targetHints":{"allow":["GET"]}}],"collection":[{"href":"https:\/\/vulcan-automation.com\/de\/wp-json\/wp\/v2\/pages"}],"about":[{"href":"https:\/\/vulcan-automation.com\/de\/wp-json\/wp\/v2\/types\/page"}],"author":[{"embeddable":true,"href":"https:\/\/vulcan-automation.com\/de\/wp-json\/wp\/v2\/users\/1"}],"replies":[{"embeddable":true,"href":"https:\/\/vulcan-automation.com\/de\/wp-json\/wp\/v2\/comments?post=4977"}],"version-history":[{"count":3,"href":"https:\/\/vulcan-automation.com\/de\/wp-json\/wp\/v2\/pages\/4977\/revisions"}],"predecessor-version":[{"id":4996,"href":"https:\/\/vulcan-automation.com\/de\/wp-json\/wp\/v2\/pages\/4977\/revisions\/4996"}],"wp:attachment":[{"href":"https:\/\/vulcan-automation.com\/de\/wp-json\/wp\/v2\/media?parent=4977"}],"curies":[{"name":"wp","href":"https:\/\/api.w.org\/{rel}","templated":true}]}}