{"id":4965,"date":"2025-12-01T09:56:56","date_gmt":"2025-12-01T08:56:56","guid":{"rendered":"https:\/\/vulcan-automation.com\/hmi-fuer-die-palettierung\/"},"modified":"2026-02-05T23:00:12","modified_gmt":"2026-02-05T22:00:12","slug":"hmi-fuer-die-palettierung","status":"publish","type":"page","link":"https:\/\/vulcan-automation.com\/de\/hmi-fuer-die-palettierung\/","title":{"rendered":"HMI f\u00fcr die Palettierung"},"content":{"rendered":"\t\t<div data-elementor-type=\"wp-page\" data-elementor-id=\"4965\" class=\"elementor elementor-4965 elementor-4862\" data-elementor-post-type=\"page\">\n\t\t\t\t<div class=\"elementor-element elementor-element-5b9e73cc e-flex e-con-boxed e-con e-parent\" data-id=\"5b9e73cc\" data-element_type=\"container\" data-e-type=\"container\" data-settings=\"{&quot;background_background&quot;:&quot;classic&quot;}\">\n\t\t\t\t\t<div class=\"e-con-inner\">\n\t\t\t\t<div class=\"elementor-element elementor-element-b693471 elementor-widget elementor-widget-heading\" data-id=\"b693471\" data-element_type=\"widget\" data-e-type=\"widget\" data-widget_type=\"heading.default\">\n\t\t\t\t<div class=\"elementor-widget-container\">\n\t\t\t\t\t<h1 class=\"elementor-heading-title elementor-size-default\">HMI f\u00fcr die Palettierung<\/h1>\t\t\t\t<\/div>\n\t\t\t\t<\/div>\n\t\t<div class=\"elementor-element elementor-element-1d62ce02 e-con-full e-flex e-con e-child\" data-id=\"1d62ce02\" data-element_type=\"container\" data-e-type=\"container\">\n\t\t\t\t<div class=\"elementor-element elementor-element-4db58a28 elementor-widget elementor-widget-text-editor\" data-id=\"4db58a28\" data-element_type=\"widget\" data-e-type=\"widget\" data-widget_type=\"text-editor.default\">\n\t\t\t\t<div class=\"elementor-widget-container\">\n\t\t\t\t\t\t\t\t\t<p>Benutzerfreundliche grafische Oberfl\u00e4che zur Rationalisierung von Palettierroboteranwendungen.<\/p>\t\t\t\t\t\t\t\t<\/div>\n\t\t\t\t<\/div>\n\t\t\t\t<div class=\"elementor-element elementor-element-792327d elementor-widget elementor-widget-button\" data-id=\"792327d\" data-element_type=\"widget\" data-e-type=\"widget\" data-widget_type=\"button.default\">\n\t\t\t\t<div class=\"elementor-widget-container\">\n\t\t\t\t\t\t\t\t\t<div class=\"elementor-button-wrapper\">\n\t\t\t\t\t<a class=\"elementor-button elementor-button-link elementor-size-sm\" href=\"#\">\n\t\t\t\t\t\t<span class=\"elementor-button-content-wrapper\">\n\t\t\t\t\t\t\t\t\t<span class=\"elementor-button-text\">Sprechen Sie mit einem Experten<\/span>\n\t\t\t\t\t<\/span>\n\t\t\t\t\t<\/a>\n\t\t\t\t<\/div>\n\t\t\t\t\t\t\t\t<\/div>\n\t\t\t\t<\/div>\n\t\t\t\t<\/div>\n\t\t\t\t\t<\/div>\n\t\t\t\t<\/div>\n\t\t<div class=\"elementor-element elementor-element-2f256e70 e-flex e-con-boxed e-con e-parent\" data-id=\"2f256e70\" data-element_type=\"container\" data-e-type=\"container\">\n\t\t\t\t\t<div class=\"e-con-inner\">\n\t\t\t\t<div class=\"elementor-element elementor-element-23fb5ead elementor-widget elementor-widget-heading\" data-id=\"23fb5ead\" data-element_type=\"widget\" data-e-type=\"widget\" data-widget_type=\"heading.default\">\n\t\t\t\t<div class=\"elementor-widget-container\">\n\t\t\t\t\t<h2 class=\"elementor-heading-title elementor-size-default\">Was ist HMI f\u00fcr die Palettierung?<\/h2>\t\t\t\t<\/div>\n\t\t\t\t<\/div>\n\t\t<div class=\"elementor-element elementor-element-187b623 e-con-full e-flex e-con e-child\" data-id=\"187b623\" data-element_type=\"container\" data-e-type=\"container\">\n\t\t\t\t<div class=\"elementor-element elementor-element-625e48ce elementor-widget__width-initial elementor-widget elementor-widget-text-editor\" data-id=\"625e48ce\" data-element_type=\"widget\" data-e-type=\"widget\" data-widget_type=\"text-editor.default\">\n\t\t\t\t<div class=\"elementor-widget-container\">\n\t\t\t\t\t\t\t\t\t<p>Eine Palettierroboter-Anwendung automatisiert den Prozess des Stapelns und Ordnens von Produkten auf Paletten effizient und sicher. Unser HMI macht die Programmierung von Palettierrobotern einfach und unkompliziert.   <\/p>\n<p>HMI f\u00fcr die Palettierung<\/p>\n<ul>\n<li>Benutzerfreundliche grafische Benutzeroberfl\u00e4che<\/li>\n<li>F\u00fcr praktisch jeden Roboter<\/li>\n<li>Die Logik zum Aufnehmen und Ablegen bleibt auf der Robotersteuerung<\/li>\n<\/ul>\t\t\t\t\t\t\t\t<\/div>\n\t\t\t\t<\/div>\n\t\t\t\t<div class=\"elementor-element elementor-element-b363605 elementor-widget elementor-widget-video\" data-id=\"b363605\" data-element_type=\"widget\" data-e-type=\"widget\" data-settings=\"{&quot;youtube_url&quot;:&quot;https:\\\/\\\/youtu.be\\\/m26m75OFlQk&quot;,&quot;video_type&quot;:&quot;youtube&quot;,&quot;controls&quot;:&quot;yes&quot;}\" data-widget_type=\"video.default\">\n\t\t\t\t<div class=\"elementor-widget-container\">\n\t\t\t\t\t\t\t<div class=\"elementor-wrapper elementor-open-inline\">\n\t\t\t<div class=\"elementor-video\"><\/div>\t\t<\/div>\n\t\t\t\t\t\t<\/div>\n\t\t\t\t<\/div>\n\t\t\t\t<\/div>\n\t\t\t\t\t<\/div>\n\t\t\t\t<\/div>\n\t\t<div class=\"elementor-element elementor-element-2abc5761 e-flex e-con-boxed e-con e-parent\" data-id=\"2abc5761\" data-element_type=\"container\" data-e-type=\"container\">\n\t\t\t\t\t<div class=\"e-con-inner\">\n\t\t\t\t<div class=\"elementor-element elementor-element-25c3ecc elementor-widget elementor-widget-heading\" data-id=\"25c3ecc\" data-element_type=\"widget\" data-e-type=\"widget\" data-widget_type=\"heading.default\">\n\t\t\t\t<div class=\"elementor-widget-container\">\n\t\t\t\t\t<h2 class=\"elementor-heading-title elementor-size-default\">Wesentliche Merkmale<\/h2>\t\t\t\t<\/div>\n\t\t\t\t<\/div>\n\t\t<div class=\"elementor-element elementor-element-44090a2e e-con-full e-flex e-con e-child\" data-id=\"44090a2e\" data-element_type=\"container\" data-e-type=\"container\">\n\t\t\t\t<div class=\"elementor-element elementor-element-271cb527 elementor-widget__width-initial elementor-widget-mobile__width-initial elementor-widget elementor-widget-text-editor\" data-id=\"271cb527\" data-element_type=\"widget\" data-e-type=\"widget\" data-widget_type=\"text-editor.default\">\n\t\t\t\t<div class=\"elementor-widget-container\">\n\t\t\t\t\t\t\t\t\t<ul><li>M\u00f6glichkeit einer Schnittstelle mit dem MES des Kunden<\/li><li>Option der Fernunterst\u00fctzung durch Vulcan Automation<\/li><li>Handhabung von Zwischenb\u00f6gen<\/li><li>Pick-up, Platzierungsposition am Bildschirm einstellbar<\/li><li>Kann auf jede Ebene eingestellt werden<\/li><li>Handhabung von Rezepten: Alle Parameter und Muster k\u00f6nnen gespeichert und geladen werden<\/li><li>Operator- und Admin-Ebene. (Die Operator-Ansicht kann individuell angepasst werden.) <\/li><li>Jede Hubs\u00e4ule kann verwendet werden<\/li><\/ul>\t\t\t\t\t\t\t\t<\/div>\n\t\t\t\t<\/div>\n\t\t\t\t<div class=\"elementor-element elementor-element-dc3df33 elementor-widget elementor-widget-image\" data-id=\"dc3df33\" data-element_type=\"widget\" data-e-type=\"widget\" data-widget_type=\"image.default\">\n\t\t\t\t<div class=\"elementor-widget-container\">\n\t\t\t\t\t\t\t\t\t\t\t\t\t\t\t<img fetchpriority=\"high\" decoding=\"async\" width=\"1024\" height=\"573\" src=\"https:\/\/vulcan-automation.com\/wp-content\/uploads\/2025\/12\/HMI-2-1024x573.webp\" class=\"attachment-large size-large wp-image-4960\" alt=\"\" srcset=\"https:\/\/vulcan-automation.com\/wp-content\/uploads\/2025\/12\/HMI-2-1024x573.webp 1024w, https:\/\/vulcan-automation.com\/wp-content\/uploads\/2025\/12\/HMI-2-300x168.webp 300w, https:\/\/vulcan-automation.com\/wp-content\/uploads\/2025\/12\/HMI-2-768x430.webp 768w, https:\/\/vulcan-automation.com\/wp-content\/uploads\/2025\/12\/HMI-2-18x10.webp 18w, https:\/\/vulcan-automation.com\/wp-content\/uploads\/2025\/12\/HMI-2.webp 1268w\" sizes=\"(max-width: 1024px) 100vw, 1024px\" \/>\t\t\t\t\t\t\t\t\t\t\t\t\t\t\t<\/div>\n\t\t\t\t<\/div>\n\t\t\t\t<\/div>\n\t\t\t\t\t<\/div>\n\t\t\t\t<\/div>\n\t\t<div class=\"elementor-element elementor-element-5fdb9c8e e-flex e-con-boxed e-con e-parent\" data-id=\"5fdb9c8e\" data-element_type=\"container\" data-e-type=\"container\">\n\t\t\t\t\t<div class=\"e-con-inner\">\n\t\t\t\t<div class=\"elementor-element elementor-element-71a33c27 elementor-widget elementor-widget-heading\" data-id=\"71a33c27\" data-element_type=\"widget\" data-e-type=\"widget\" data-widget_type=\"heading.default\">\n\t\t\t\t<div class=\"elementor-widget-container\">\n\t\t\t\t\t<h2 class=\"elementor-heading-title elementor-size-default\">Gest\u00fctzte Paletten<\/h2>\t\t\t\t<\/div>\n\t\t\t\t<\/div>\n\t\t<div class=\"elementor-element elementor-element-1ffb2753 e-con-full e-flex e-con e-child\" data-id=\"1ffb2753\" data-element_type=\"container\" data-e-type=\"container\">\n\t\t\t\t<div class=\"elementor-element elementor-element-a53921d elementor-widget__width-initial elementor-widget-mobile__width-initial elementor-widget elementor-widget-text-editor\" data-id=\"a53921d\" data-element_type=\"widget\" data-e-type=\"widget\" data-widget_type=\"text-editor.default\">\n\t\t\t\t<div class=\"elementor-widget-container\">\n\t\t\t\t\t\t\t\t\t<ul><li>2 Palettenpl\u00e4tze<\/li><li>1 oder 2 Eingangsf\u00f6rderer<\/li><\/ul><p>Frei einstellbare Palettengr\u00f6\u00dfen<\/p><ul><li>800&#215;1200<\/li><li>1200&#215;800<\/li><li>1000&#215;1200<\/li><li>Oder was auch immer ben\u00f6tigt wird<\/li><\/ul>\t\t\t\t\t\t\t\t<\/div>\n\t\t\t\t<\/div>\n\t\t\t\t<div class=\"elementor-element elementor-element-215d5217 elementor-widget elementor-widget-image\" data-id=\"215d5217\" data-element_type=\"widget\" data-e-type=\"widget\" data-widget_type=\"image.default\">\n\t\t\t\t<div class=\"elementor-widget-container\">\n\t\t\t\t\t\t\t\t\t\t\t\t\t\t\t<img decoding=\"async\" width=\"1024\" height=\"493\" src=\"https:\/\/vulcan-automation.com\/wp-content\/uploads\/2025\/12\/Recipe-handling-1024x493.webp\" class=\"attachment-large size-large wp-image-4961\" alt=\"\" srcset=\"https:\/\/vulcan-automation.com\/wp-content\/uploads\/2025\/12\/Recipe-handling-1024x493.webp 1024w, https:\/\/vulcan-automation.com\/wp-content\/uploads\/2025\/12\/Recipe-handling-300x144.webp 300w, https:\/\/vulcan-automation.com\/wp-content\/uploads\/2025\/12\/Recipe-handling-768x369.webp 768w, https:\/\/vulcan-automation.com\/wp-content\/uploads\/2025\/12\/Recipe-handling-18x9.webp 18w, https:\/\/vulcan-automation.com\/wp-content\/uploads\/2025\/12\/Recipe-handling.webp 1264w\" sizes=\"(max-width: 1024px) 100vw, 1024px\" \/>\t\t\t\t\t\t\t\t\t\t\t\t\t\t\t<\/div>\n\t\t\t\t<\/div>\n\t\t\t\t<\/div>\n\t\t<div class=\"elementor-element elementor-element-276c2530 e-con-full e-flex e-con e-child\" data-id=\"276c2530\" data-element_type=\"container\" data-e-type=\"container\">\n\t\t\t\t<div class=\"elementor-element elementor-element-3f086197 elementor-widget elementor-widget-heading\" data-id=\"3f086197\" data-element_type=\"widget\" data-e-type=\"widget\" data-widget_type=\"heading.default\">\n\t\t\t\t<div class=\"elementor-widget-container\">\n\t\t\t\t\t<h2 class=\"elementor-heading-title elementor-size-default\">Muster f\u00fcr die Palettierung<\/h2>\t\t\t\t<\/div>\n\t\t\t\t<\/div>\n\t\t<div class=\"elementor-element elementor-element-2f7a1cff e-con-full e-flex e-con e-child\" data-id=\"2f7a1cff\" data-element_type=\"container\" data-e-type=\"container\">\n\t\t\t\t<div class=\"elementor-element elementor-element-382aceb elementor-widget__width-initial elementor-widget-mobile__width-initial elementor-widget elementor-widget-text-editor\" data-id=\"382aceb\" data-element_type=\"widget\" data-e-type=\"widget\" data-widget_type=\"text-editor.default\">\n\t\t\t\t<div class=\"elementor-widget-container\">\n\t\t\t\t\t\t\t\t\t<p>Automatische Optimierung der Palettenmuster<\/p><ul><li>Box Breite x L\u00e4nge<\/li><li>Min. Abstand zwischen den Boxen<\/li><li>\u00dcberhang au\u00dferhalb der Palette<\/li><li>Erzwingen von \u00dcberschneidungen m\u00f6glich<\/li><li>Etiketten aus Funktion<\/li><li>Automatische Musterspiegelung f\u00fcr stabile \u00dcberlappungen<\/li><li>Manuelle Musterbearbeitung<\/li><li>Einfaches Hinzuf\u00fcgen, L\u00f6schen, Verschieben und Drehen von Boxen<\/li><\/ul>\t\t\t\t\t\t\t\t<\/div>\n\t\t\t\t<\/div>\n\t\t\t\t<div class=\"elementor-element elementor-element-7de40e37 elementor-widget elementor-widget-image\" data-id=\"7de40e37\" data-element_type=\"widget\" data-e-type=\"widget\" data-widget_type=\"image.default\">\n\t\t\t\t<div class=\"elementor-widget-container\">\n\t\t\t\t\t\t\t\t\t\t\t\t\t\t\t<img decoding=\"async\" width=\"1024\" height=\"529\" src=\"https:\/\/vulcan-automation.com\/wp-content\/uploads\/2025\/12\/Palletizing-patterns.webp\" class=\"attachment-large size-large wp-image-4962\" alt=\"\" srcset=\"https:\/\/vulcan-automation.com\/wp-content\/uploads\/2025\/12\/Palletizing-patterns.webp 1025w, https:\/\/vulcan-automation.com\/wp-content\/uploads\/2025\/12\/Palletizing-patterns-300x155.webp 300w, https:\/\/vulcan-automation.com\/wp-content\/uploads\/2025\/12\/Palletizing-patterns-768x397.webp 768w, https:\/\/vulcan-automation.com\/wp-content\/uploads\/2025\/12\/Palletizing-patterns-18x9.webp 18w\" sizes=\"(max-width: 1024px) 100vw, 1024px\" \/>\t\t\t\t\t\t\t\t\t\t\t\t\t\t\t<\/div>\n\t\t\t\t<\/div>\n\t\t\t\t<\/div>\n\t\t<div class=\"elementor-element elementor-element-235f9e22 e-con-full e-flex e-con e-child\" data-id=\"235f9e22\" data-element_type=\"container\" data-e-type=\"container\">\n\t\t\t\t<div class=\"elementor-element elementor-element-4bb0cef9 elementor-widget elementor-widget-heading\" data-id=\"4bb0cef9\" data-element_type=\"widget\" data-e-type=\"widget\" data-widget_type=\"heading.default\">\n\t\t\t\t<div class=\"elementor-widget-container\">\n\t\t\t\t\t<h2 class=\"elementor-heading-title elementor-size-default\">Individuelles Greifen<\/h2>\t\t\t\t<\/div>\n\t\t\t\t<\/div>\n\t\t<div class=\"elementor-element elementor-element-1d520052 e-con-full e-flex e-con e-child\" data-id=\"1d520052\" data-element_type=\"container\" data-e-type=\"container\">\n\t\t\t\t<div class=\"elementor-element elementor-element-2756930a elementor-widget__width-initial elementor-widget-mobile__width-initial elementor-widget elementor-widget-text-editor\" data-id=\"2756930a\" data-element_type=\"widget\" data-e-type=\"widget\" data-widget_type=\"text-editor.default\">\n\t\t\t\t<div class=\"elementor-widget-container\">\n\t\t\t\t\t\t\t\t\t<p>Jeder Greifer mit benutzerdefinierter<\/p><ul><li>Positionsoffsets<\/li><li>Werkzeug-IO-Etiketten auf der HMI<\/li><\/ul><p>Jede Greifmethode<\/p><ul><li>Sie k\u00f6nnen ihn frei auf der Robotersteuerung programmieren &#8211; die HMI weist den Roboter lediglich an, zu greifen<\/li><\/ul>\t\t\t\t\t\t\t\t<\/div>\n\t\t\t\t<\/div>\n\t\t\t\t<div class=\"elementor-element elementor-element-75b4c930 elementor-widget elementor-widget-image\" data-id=\"75b4c930\" data-element_type=\"widget\" data-e-type=\"widget\" data-widget_type=\"image.default\">\n\t\t\t\t<div class=\"elementor-widget-container\">\n\t\t\t\t\t\t\t\t\t\t\t\t\t\t\t<img loading=\"lazy\" decoding=\"async\" width=\"1024\" height=\"572\" src=\"https:\/\/vulcan-automation.com\/wp-content\/uploads\/2025\/12\/Custom-Gripping-1024x572.webp\" class=\"attachment-large size-large wp-image-4963\" alt=\"\" srcset=\"https:\/\/vulcan-automation.com\/wp-content\/uploads\/2025\/12\/Custom-Gripping-1024x572.webp 1024w, https:\/\/vulcan-automation.com\/wp-content\/uploads\/2025\/12\/Custom-Gripping-300x168.webp 300w, https:\/\/vulcan-automation.com\/wp-content\/uploads\/2025\/12\/Custom-Gripping-768x429.webp 768w, https:\/\/vulcan-automation.com\/wp-content\/uploads\/2025\/12\/Custom-Gripping-18x10.webp 18w, https:\/\/vulcan-automation.com\/wp-content\/uploads\/2025\/12\/Custom-Gripping.webp 1075w\" sizes=\"(max-width: 1024px) 100vw, 1024px\" \/>\t\t\t\t\t\t\t\t\t\t\t\t\t\t\t<\/div>\n\t\t\t\t<\/div>\n\t\t\t\t<\/div>\n\t\t\t\t<\/div>\n\t\t\t\t<\/div>\n\t\t\t\t\t<\/div>\n\t\t\t\t<\/div>\n\t\t<div class=\"elementor-element elementor-element-399d4523 e-flex e-con-boxed e-con e-parent\" data-id=\"399d4523\" data-element_type=\"container\" data-e-type=\"container\">\n\t\t\t\t\t<div class=\"e-con-inner\">\n\t\t\t\t<div class=\"elementor-element elementor-element-693e3db2 elementor-widget elementor-widget-heading\" data-id=\"693e3db2\" data-element_type=\"widget\" data-e-type=\"widget\" data-widget_type=\"heading.default\">\n\t\t\t\t<div class=\"elementor-widget-container\">\n\t\t\t\t\t<h2 class=\"elementor-heading-title elementor-size-default\">Experte f\u00fcr L\u00f6sungen<\/h2>\t\t\t\t<\/div>\n\t\t\t\t<\/div>\n\t\t<div class=\"elementor-element elementor-element-69a62d32 e-con-full e-flex e-con e-child\" data-id=\"69a62d32\" data-element_type=\"container\" data-e-type=\"container\">\n\t\t\t\t<div class=\"elementor-element elementor-element-6e268032 elementor-widget elementor-widget-image\" data-id=\"6e268032\" data-element_type=\"widget\" data-e-type=\"widget\" data-widget_type=\"image.default\">\n\t\t\t\t<div class=\"elementor-widget-container\">\n\t\t\t\t\t\t\t\t\t\t\t\t\t\t\t<img loading=\"lazy\" decoding=\"async\" width=\"300\" height=\"300\" src=\"https:\/\/vulcan-automation.com\/wp-content\/uploads\/2025\/12\/galambos-300x300.png\" class=\"attachment-medium size-medium wp-image-4964\" alt=\"\" srcset=\"https:\/\/vulcan-automation.com\/wp-content\/uploads\/2025\/12\/galambos-300x300.png 300w, https:\/\/vulcan-automation.com\/wp-content\/uploads\/2025\/12\/galambos-150x150.png 150w, https:\/\/vulcan-automation.com\/wp-content\/uploads\/2025\/12\/galambos-12x12.png 12w, https:\/\/vulcan-automation.com\/wp-content\/uploads\/2025\/12\/galambos.png 728w\" sizes=\"(max-width: 300px) 100vw, 300px\" \/>\t\t\t\t\t\t\t\t\t\t\t\t\t\t\t<\/div>\n\t\t\t\t<\/div>\n\t\t\t\t<div class=\"elementor-element elementor-element-c9731a6 elementor-widget elementor-widget-text-editor\" data-id=\"c9731a6\" data-element_type=\"widget\" data-e-type=\"widget\" data-widget_type=\"text-editor.default\">\n\t\t\t\t<div class=\"elementor-widget-container\">\n\t\t\t\t\t\t\t\t\t<p><strong>Istv\u00e1n Galambos<\/strong><\/p><p>Verkaufsleiter<\/p><p>+36-70-881 9279<\/p><p>istvan.galambos@vulcan-automation.com<\/p>\t\t\t\t\t\t\t\t<\/div>\n\t\t\t\t<\/div>\n\t\t\t\t<\/div>\n\t\t\t\t\t<\/div>\n\t\t\t\t<\/div>\n\t\t\t\t<\/div>\n\t\t","protected":false},"excerpt":{"rendered":"<p>HMI f\u00fcr die Palettierung Benutzerfreundliche grafische Oberfl\u00e4che zur Rationalisierung von Palettierroboteranwendungen. Sprechen Sie mit einem Experten Was ist HMI f\u00fcr die Palettierung? Eine Palettierroboter-Anwendung automatisiert den Prozess des Stapelns und Ordnens von Produkten auf Paletten effizient und sicher. Unser HMI macht die Programmierung von Palettierrobotern einfach und unkompliziert. HMI f\u00fcr die Palettierung Benutzerfreundliche grafische Benutzeroberfl\u00e4che [&hellip;]<\/p>\n","protected":false},"author":2,"featured_media":0,"parent":0,"menu_order":0,"comment_status":"closed","ping_status":"closed","template":"","meta":{"content-type":"","site-sidebar-layout":"no-sidebar","site-content-layout":"page-builder","ast-site-content-layout":"full-width-container","site-content-style":"default","site-sidebar-style":"default","ast-global-header-display":"","ast-banner-title-visibility":"","ast-main-header-display":"","ast-hfb-above-header-display":"","ast-hfb-below-header-display":"","ast-hfb-mobile-header-display":"","site-post-title":"disabled","ast-breadcrumbs-content":"","ast-featured-img":"disabled","footer-sml-layout":"","ast-disable-related-posts":"","theme-transparent-header-meta":"","adv-header-id-meta":"","stick-header-meta":"","header-above-stick-meta":"","header-main-stick-meta":"","header-below-stick-meta":"","astra-migrate-meta-layouts":"default","ast-page-background-enabled":"default","ast-page-background-meta":{"desktop":{"background-color":"var(--ast-global-color-4)","background-image":"","background-repeat":"repeat","background-position":"center center","background-size":"auto","background-attachment":"scroll","background-type":"","background-media":"","overlay-type":"","overlay-color":"","overlay-opacity":"","overlay-gradient":""},"tablet":{"background-color":"","background-image":"","background-repeat":"repeat","background-position":"center center","background-size":"auto","background-attachment":"scroll","background-type":"","background-media":"","overlay-type":"","overlay-color":"","overlay-opacity":"","overlay-gradient":""},"mobile":{"background-color":"","background-image":"","background-repeat":"repeat","background-position":"center center","background-size":"auto","background-attachment":"scroll","background-type":"","background-media":"","overlay-type":"","overlay-color":"","overlay-opacity":"","overlay-gradient":""}},"ast-content-background-meta":{"desktop":{"background-color":"var(--ast-global-color-5)","background-image":"","background-repeat":"repeat","background-position":"center center","background-size":"auto","background-attachment":"scroll","background-type":"","background-media":"","overlay-type":"","overlay-color":"","overlay-opacity":"","overlay-gradient":""},"tablet":{"background-color":"var(--ast-global-color-5)","background-image":"","background-repeat":"repeat","background-position":"center center","background-size":"auto","background-attachment":"scroll","background-type":"","background-media":"","overlay-type":"","overlay-color":"","overlay-opacity":"","overlay-gradient":""},"mobile":{"background-color":"var(--ast-global-color-5)","background-image":"","background-repeat":"repeat","background-position":"center center","background-size":"auto","background-attachment":"scroll","background-type":"","background-media":"","overlay-type":"","overlay-color":"","overlay-opacity":"","overlay-gradient":""}},"footnotes":""},"class_list":["post-4965","page","type-page","status-publish","hentry"],"_links":{"self":[{"href":"https:\/\/vulcan-automation.com\/de\/wp-json\/wp\/v2\/pages\/4965","targetHints":{"allow":["GET"]}}],"collection":[{"href":"https:\/\/vulcan-automation.com\/de\/wp-json\/wp\/v2\/pages"}],"about":[{"href":"https:\/\/vulcan-automation.com\/de\/wp-json\/wp\/v2\/types\/page"}],"author":[{"embeddable":true,"href":"https:\/\/vulcan-automation.com\/de\/wp-json\/wp\/v2\/users\/2"}],"replies":[{"embeddable":true,"href":"https:\/\/vulcan-automation.com\/de\/wp-json\/wp\/v2\/comments?post=4965"}],"version-history":[{"count":1,"href":"https:\/\/vulcan-automation.com\/de\/wp-json\/wp\/v2\/pages\/4965\/revisions"}],"predecessor-version":[{"id":4966,"href":"https:\/\/vulcan-automation.com\/de\/wp-json\/wp\/v2\/pages\/4965\/revisions\/4966"}],"wp:attachment":[{"href":"https:\/\/vulcan-automation.com\/de\/wp-json\/wp\/v2\/media?parent=4965"}],"curies":[{"name":"wp","href":"https:\/\/api.w.org\/{rel}","templated":true}]}}